{"id":25980865,"date":"2022-04-28T13:12:22","date_gmt":"2022-04-28T13:12:22","guid":{"rendered":"https:\/\/www.nutagen.com\/impressum\/"},"modified":"2026-02-02T10:26:15","modified_gmt":"2026-02-02T10:26:15","slug":"note-legali","status":"publish","type":"page","link":"https:\/\/nutagen.com\/it\/note-legali\/","title":{"rendered":"Note legali"},"content":{"rendered":"<div class=\"et_pb_section_0 et_pb_section et_section_regular et_flex_section preset--group--divi-section--divi-background--default\">\n<div class=\"et_pb_row_0 et_pb_row et_flex_row preset--group--divi-row--divi-background--default\">\n<div class=\"et_pb_column_0 et_pb_column et-last-child et_flex_column et_pb_css_mix_blend_mode_passthrough et_flex_column_24_24 et_flex_column_24_24_tablet et_flex_column_24_24_phone preset--group--divi-column--divi-background--default\">\n<div class=\"et_pb_heading_0 et_pb_heading et_pb_module et_flex_module preset--group--divi-heading--divi-background--default\"><div class=\"et_pb_heading_container\"><h1 class=\"et_pb_module_header\">Note legali<\/h1><\/div><\/div>\n<\/div>\n<\/div>\n<\/div>\n\n<div class=\"et_pb_section_1 et_pb_section et_section_regular et_flex_section preset--group--divi-section--divi-background--default\">\n<div class=\"et_pb_row_1 et_pb_row et_flex_row preset--group--divi-row--divi-background--default\">\n<div class=\"et_pb_column_1 et_pb_column et-last-child et_flex_column et_pb_css_mix_blend_mode_passthrough et_flex_column_24_24 et_flex_column_24_24_tablet et_flex_column_24_24_phone preset--group--divi-column--divi-background--default\">\n<div class=\"et_pb_text_0 et_pb_text et_pb_bg_layout_light et_pb_module et_flex_module preset--group--divi-text--divi-background--default preset--module--divi-text--default\"><div class=\"et_pb_text_inner\"><p><strong>Informazioni ai sensi dell'art. 3, comma 1, lett. s UWG<\/strong><\/p>\n<p><span>NUTAGEN Nutrigenetics GmbH<br \/><\/span><span>Firststrasse 6<br \/><\/span><span>8835 Feusisberg<br \/><\/span>Svizzera<\/p>\n<p><a href=\"mailto:info@nutagen.com\">info@nutagen.com<\/a><\/p>\n<p><strong><\/strong><\/p>\n<p><strong>Rappresentante\/i autorizzato\/i:<\/strong><\/p>\n<p>Veronika Jaksch, Amministratore delegato<\/p>\n<p>\u00a0<\/p>\n<p><strong>Iscrizione nel registro di commercio:<\/strong><\/p>\n<p>Numero di iscrizione al registro di commercio: CH-130.4.034.469-3<br \/>Ufficio del registro di commercio: Svitto<br \/>Numero di identificazione IVA<br \/>CHE-253.505.311<\/p>\n<p><strong><\/strong><\/p>\n<p><strong>Esclusione di responsabilit\u00e0<\/strong><\/p>\n<p>Responsabilit\u00e0 per i contenuti<br \/>In qualit\u00e0 di fornitori di servizi, siamo responsabili dei nostri contenuti su queste pagine ai sensi dell'art. 3 cpv. 1 lett. s UWG. Tuttavia, non siamo obbligati a controllare le informazioni trasmesse o memorizzate da terzi n\u00e9 a indagare su circostanze che indicano attivit\u00e0 illegali.<br \/>Gli obblighi di rimuovere o bloccare l'uso delle informazioni in conformit\u00e0 con le leggi generali rimangono invariati. Tuttavia, la responsabilit\u00e0 in tal senso \u00e8 possibile solo dal momento in cui veniamo a conoscenza di una specifica violazione della legge. Se veniamo a conoscenza di tali violazioni della legge, provvederemo a rimuovere immediatamente tali contenuti.<\/p>\n<p>Responsabilit\u00e0 per i link<\/p>\n<p>Il nostro sito web contiene link a siti web esterni di terzi sui cui contenuti non abbiamo alcuna influenza. Pertanto, non possiamo assumerci alcuna responsabilit\u00e0 per questi contenuti di terzi. Il rispettivo fornitore o gestore delle pagine collegate \u00e8 sempre responsabile del loro contenuto.<\/p>\n<p>Le pagine collegate sono state controllate per verificare eventuali violazioni legali al momento del collegamento. Al momento del collegamento non sono stati riscontrati contenuti illegali. Tuttavia, un monitoraggio permanente dei contenuti delle pagine collegate non \u00e8 ragionevole senza prove concrete di una violazione della legge. Se veniamo a conoscenza di violazioni della legge, provvederemo a rimuovere immediatamente tali link.<\/p>\n<p>&nbsp;<\/p>\n<p><strong>Diritto d'autore<\/strong><\/p>\n<p>Si prega di notare che i contenuti e le opere creati dai gestori del sito su queste pagine sono protetti dal diritto d'autore svizzero. Pertanto, la riproduzione, l'elaborazione, la diffusione e qualsiasi tipo di utilizzo al di fuori dei limiti del diritto d'autore richiedono l'autorizzazione scritta del rispettivo autore o creatore. Il download e la copia di questa pagina sono consentiti esclusivamente per uso privato e non commerciale.<\/p>\n<p>Nella misura in cui i contenuti di questo sito non sono stati creati dal gestore, vengono rispettati i diritti d'autore di terzi. In particolare, i contenuti di terzi sono contrassegnati come tali. Qualora dovessi riscontrare una violazione del diritto d'autore, ti preghiamo di segnalarcelo. Non appena veniamo a conoscenza di violazioni della legge, provvederemo a rimuovere immediatamente tali contenuti.<\/p>\n<p>Si comunica che il marchio denominativo\/figurativo \u00abNUTAGEN\u00bb \u00e8 registrato presso l'Istituto Federale della Propriet\u00e0 Intellettuale con il numero di marchio 802515. Inoltre, si informa che la \u00abscatola da 90 giorni\u00bb di NUTAGEN Nutrigenetics \u00e8 registrata presso lo stesso Istituto con il numero di disegno 148444.<\/p>\n<p>&nbsp;<\/p>\n<\/div><\/div>\n<\/div>\n<\/div>\n<\/div>","protected":false},"excerpt":{"rendered":"","protected":false},"author":1,"featured_media":0,"parent":0,"menu_order":0,"comment_status":"closed","ping_status":"closed","template":"","meta":{"footnotes":""},"class_list":["post-25980865","page","type-page","status-publish","hentry"],"_links":{"self":[{"href":"https:\/\/nutagen.com\/it\/wp-json\/wp\/v2\/pages\/25980865","targetHints":{"allow":["GET"]}}],"collection":[{"href":"https:\/\/nutagen.com\/it\/wp-json\/wp\/v2\/pages"}],"about":[{"href":"https:\/\/nutagen.com\/it\/wp-json\/wp\/v2\/types\/page"}],"author":[{"embeddable":true,"href":"https:\/\/nutagen.com\/it\/wp-json\/wp\/v2\/users\/1"}],"replies":[{"embeddable":true,"href":"https:\/\/nutagen.com\/it\/wp-json\/wp\/v2\/comments?post=25980865"}],"version-history":[{"count":3,"href":"https:\/\/nutagen.com\/it\/wp-json\/wp\/v2\/pages\/25980865\/revisions"}],"predecessor-version":[{"id":25980868,"href":"https:\/\/nutagen.com\/it\/wp-json\/wp\/v2\/pages\/25980865\/revisions\/25980868"}],"wp:attachment":[{"href":"https:\/\/nutagen.com\/it\/wp-json\/wp\/v2\/media?parent=25980865"}],"curies":[{"name":"wp","href":"https:\/\/api.w.org\/{rel}","templated":true}]}}