{"id":25980819,"date":"2025-11-27T13:20:57","date_gmt":"2025-11-27T13:20:57","guid":{"rendered":"https:\/\/www.nutagen.com\/detailed-evaluation\/"},"modified":"2026-02-16T07:22:51","modified_gmt":"2026-02-16T07:22:51","slug":"valutazione-dettagliata","status":"publish","type":"page","link":"https:\/\/nutagen.com\/it\/valutazione-dettagliata\/","title":{"rendered":"Valutazione dettagliata"},"content":{"rendered":"<div class=\"et_pb_section_0 et_pb_section et_section_regular et_flex_section preset--group--divi-section--divi-background--default\">\r\n<div class=\"et_pb_row_0 et_pb_row et_flex_row preset--group--divi-row--divi-background--default\">\r\n<div class=\"et_pb_column_0 et_pb_column et-last-child et_flex_column et_pb_css_mix_blend_mode_passthrough et_flex_column_24_24 et_flex_column_24_24_tablet et_flex_column_24_24_phone preset--group--divi-column--divi-background--default\">\r\n<div class=\"et_pb_heading_0 et_pb_heading et_pb_module et_flex_module preset--group--divi-heading--divi-background--default\"><div class=\"et_pb_heading_container\"><h1 class=\"et_pb_module_header\">Valutazione dettagliata<\/h1><\/div><\/div>\r\n<\/div>\r\n<\/div>\r\n<\/div>\r\n\r\n<div class=\"et_pb_section_1 et_pb_section et_section_regular et_flex_section preset--group--divi-section--divi-background--default\">\r\n<div class=\"et_pb_row_1 et_pb_row et_flex_row preset--group--divi-row--divi-background--default\">\r\n<div class=\"et_pb_column_1 et_pb_column et-last-child et_flex_column et_pb_css_mix_blend_mode_passthrough et_flex_column_24_24 et_flex_column_24_24_tablet et_flex_column_24_24_phone preset--group--divi-column--divi-background--default\">\r\n<div class=\"et_pb_text_0 et_pb_text et_pb_bg_layout_light et_pb_module et_flex_module preset--group--divi-text--divi-background--default preset--module--divi-text--default\"><div class=\"et_pb_text_inner\"><p>Nutagen Nutrigenetics utilizza dati di riferimento molto pi\u00f9 completi e accurati per determinare l'intervento rispetto ai prodotti personalizzati della concorrenza. Gli attuali fornitori analizzano solo SNP GEN (polimorfismi a singolo nucleotide) statici e poco costosi in combinazione con la valutazione di un questionario compilato dal cliente per sviluppare i propri prodotti. Tali test genetici non consentono una valutazione conclusiva della risposta epigenetica dell'individuo.<\/p>\n<p>Nutagen fa un passo decisivo in pi\u00f9 e analizza principalmente una selezione significativa di fattori epigenetici. Solo la combinazione di dati di base selezionati con un'analisi di precisione della \"deviazione epigenetica = dinamica\" di un progetto individuale rivela quali geni possono essere riattivati\/disattivati e\/o riparati con quali fitonutrienti. Questo pannello olistico si basa sulle ultime ricerche scientifiche ed \u00e8 stato ampiamente convalidato (*studio di convalida HealthBioCare NUTAGEN ottobre 2024).<\/p>\n<\/div><\/div>\r\n<\/div>\r\n<\/div>\r\n<\/div>\r\n\r\n<div class=\"et_pb_section_2 et_pb_section et_section_regular et_flex_section preset--group--divi-section--divi-background--default\">\r\n<div class=\"et_pb_row_2 et_pb_row et_flex_row preset--group--divi-row--divi-background--default\">\r\n<div class=\"et_pb_column_2 et_pb_column et-last-child et_flex_column et_pb_css_mix_blend_mode_passthrough et_flex_column_24_24 et_flex_column_24_24_tablet et_flex_column_24_24_phone preset--group--divi-column--divi-background--default\">\r\n<div class=\"et_pb_heading_1 et_pb_heading et_pb_module et_flex_module preset--group--divi-heading--divi-background--default\"><div class=\"et_pb_heading_container\"><h2 class=\"et_pb_module_header\">1. Analisi di SNP genici selezionati<\/h2><\/div><\/div>\r\n<\/div>\r\n<\/div>\r\n\r\n<div class=\"et_pb_row_3 et_pb_row et_flex_row preset--group--divi-row--divi-background--default\">\r\n<div class=\"et_pb_column_3 et_pb_column et-last-child et_flex_column et_pb_css_mix_blend_mode_passthrough et_flex_column_24_24 et_flex_column_24_24_tablet et_flex_column_24_24_phone preset--group--divi-column--divi-background--default\">\r\n<div class=\"et_pb_image_0 et_pb_image et_pb_module et_flex_module preset--group--divi-image--divi-background--default\"><span class=\"et_pb_image_wrap\"><img loading=\"lazy\" decoding=\"async\" src=\"https:\/\/www.nutagen.com\/wp-content\/uploads\/analyse_01.jpg\" width=\"1920\" height=\"950\" srcset=\"https:\/\/www.nutagen.com\/wp-content\/uploads\/analyse_01.jpg 1920w\" sizes=\"(max-width: 1920px) 100vw, 1920px\" class=\"wp-image-25980225\" \/><\/span><\/div>\r\n<\/div>\r\n<\/div>\r\n\r\n<div class=\"et_pb_row_4 et_pb_row et_flex_row preset--group--divi-row--divi-background--default\">\r\n<div class=\"et_pb_column_4 et_pb_column et-last-child et_flex_column et_pb_css_mix_blend_mode_passthrough et_flex_column_24_24 et_flex_column_24_24_tablet et_flex_column_24_24_phone preset--group--divi-column--divi-background--default\">\r\n<div class=\"et_pb_text_1 et_pb_text et_pb_bg_layout_light et_pb_module et_flex_module preset--group--divi-text--divi-background--default preset--module--divi-text--default\"><div class=\"et_pb_text_inner\"><p>\u00c8 stato identificato che gli SNP svolgono un ruolo significativo nello sviluppo e nella progressione di varie malattie. I ricercatori sfruttano gli SNP per identificare le varianti genetiche associate a malattie specifiche. Ci\u00f2 ha portato alla scoperta di geni associati a varie malattie, tra cui malattie cardiache, cancro, disturbi mentali (ad esempio schizofrenia, depressione) e malattie autoimmuni (ad esempio lupus) nella ricerca medica.<\/p>\n<p>L'identificazione degli SNP consente inoltre di personalizzare il trattamento in base alle caratteristiche genetiche individuali di una persona.<\/p>\n<p><strong>FTO (gene associato alla massa grassa e all'obesit\u00e0)<\/strong><br \/>\nIl gene FTO influenza la regolazione del peso corporeo e l'accumulo di grasso. Svolge un ruolo nel controllo dell'appetito e dell'equilibrio energetico regolando il dispendio energetico e la sensazione di fame.<\/p>\n<p><strong>2. MTHFR (metilenetetraidrofolato reduttasi)<\/strong><br \/>\nL'SNP MTHFR (metilenetetraidrofolato reduttasi) si riferisce alle varianti genetiche del gene MTHFR, responsabile della produzione di un enzima chiamato metilenetetraidrofolato reduttasi. Questo enzima svolge un ruolo centrale nel metabolismo del folato (vitamina B9), necessario per processi quali la divisione cellulare, la riparazione del DNA e la produzione di molecole importanti nell'organismo. \u00c8 inoltre fondamentale per la conversione dell'omocisteina in metionina, un amminoacido importante per la sintesi proteica e la protezione cellulare.<\/p>\n<p><strong>3. FADS1 (desaturasi degli acidi grassi 1)<\/strong><br \/>\nIl gene FADS1 codifica un enzima che consente la conversione degli acidi grassi omega-3 e omega-6 nelle loro forme attive (EPA e DHA). Questi acidi grassi sono fondamentali per le membrane cellulari, il cervello e i processi antinfiammatori.<\/p>\n<\/div><\/div>\r\n<\/div>\r\n<\/div>\r\n<\/div>\r\n\r\n<div class=\"et_pb_section_3 et_pb_section et_section_regular et_flex_section preset--group--divi-section--divi-background--default\">\r\n<div class=\"et_pb_row_5 et_pb_row et_flex_row preset--group--divi-row--divi-background--default\">\r\n<div class=\"et_pb_column_5 et_pb_column et-last-child et_flex_column et_pb_css_mix_blend_mode_passthrough et_flex_column_24_24 et_flex_column_24_24_tablet et_flex_column_24_24_phone preset--group--divi-column--divi-background--default\">\r\n<div class=\"et_pb_heading_2 et_pb_heading et_pb_module et_flex_module preset--group--divi-heading--divi-background--default\"><div class=\"et_pb_heading_container\"><h2 class=\"et_pb_module_header\">2. Analisi di precisione di specifici biomarcatori epigenetici (microRNA)<\/h2><\/div><\/div>\r\n<\/div>\r\n<\/div>\r\n\r\n<div class=\"et_pb_row_6 et_pb_row et_flex_row preset--group--divi-row--divi-background--default\">\r\n<div class=\"et_pb_column_6 et_pb_column et-last-child et_flex_column et_pb_css_mix_blend_mode_passthrough et_flex_column_24_24 et_flex_column_24_24_tablet et_flex_column_24_24_phone preset--group--divi-column--divi-background--default\">\r\n<div class=\"et_pb_image_1 et_pb_image et_pb_module et_flex_module preset--group--divi-image--divi-background--default\"><span class=\"et_pb_image_wrap\"><img loading=\"lazy\" decoding=\"async\" src=\"https:\/\/www.nutagen.com\/wp-content\/uploads\/analyse_03.jpg\" width=\"1920\" height=\"950\" srcset=\"https:\/\/www.nutagen.com\/wp-content\/uploads\/analyse_03.jpg 1920w\" sizes=\"(max-width: 1920px) 100vw, 1920px\" class=\"wp-image-25980223\" \/><\/span><\/div>\r\n<\/div>\r\n<\/div>\r\n\r\n<div class=\"et_pb_row_7 et_pb_row et_flex_row preset--group--divi-row--divi-background--default\">\r\n<div class=\"et_pb_column_7 et_pb_column et-last-child et_flex_column et_pb_css_mix_blend_mode_passthrough et_flex_column_24_24 et_flex_column_24_24_tablet et_flex_column_24_24_phone preset--group--divi-column--divi-background--default\">\r\n<div class=\"et_pb_text_2 et_pb_text et_pb_bg_layout_light et_pb_module et_flex_module preset--group--divi-text--divi-background--default preset--module--divi-text--default\"><div class=\"et_pb_text_inner\"><p>L'analisi di Nutagen si concentra in particolare su molecole relativamente sconosciute ma estremamente interessanti, note come microRNA o miRNA (micro acidi ribonucleici). Questi rappresentano biomarcatori di recente scoperta che svolgono funzioni chiave molto importanti nella regolazione di processi biologici quali la proliferazione, la differenziazione, il ciclo cellulare e l'apoptosi. La scoperta e la funzionalit\u00e0 di queste molecole sono state premiate con il   <a href=\"https:\/\/www.nobelprize.org\/prizes\/medicine\/2024\/summary\/\" target=\"_blank\" rel=\"noopener\">Premio Nobel per la Medicina<\/a> nel 2024.<\/p>\n<\/div><\/div>\r\n\r\n<div class=\"et_pb_text_3 et_pb_text et_pb_bg_layout_light et_pb_module et_flex_module preset--group--divi-text--divi-background--default preset--module--divi-text--default\"><div class=\"et_pb_text_inner\"><p>I miRNA si legano all'RNA messaggero (mRNA) e quindi inibiscono la biosintesi proteica, riducendo la quantit\u00e0 di proteine nella cellula. Ad oggi sono stati identificati pi\u00f9 di 2000 miRNA, che regolano circa un terzo di tutti i geni codificanti proteine. I seguenti miRNA vengono valutati individualmente utilizzando il test di laboratorio:\n<\/p>\n<ul>\n<li>5 miRNA individuali per la valutazione dei livelli di stress fisiologico<\/li>\n<ul>\n<li>Indicatore di stress cronico 2 let7g-5p<\/li>\n<li>Indicatore di regolazione della serotonina microRNA-16-5p<\/li>\n<li>Indicatore neuronale microRNA-15a-5p<\/li>\n<li>Indicatore di attivazione del segnale immunitario microRNA-106b-5p<\/li>\n<li>Indicatore di protezione cellulare microRNA-21-5p<\/li>\n<\/ul>\n<li>3 miRNA individuali per valutare il tasso di invecchiamento e il suo rallentamento (orologio della longevit\u00e0)<\/li>\n<ul>\n<li>microRNA-21 (biomarcatore per infiammazione, stress cellulare, malattie cardiovascolari e legate all'et\u00e0)<\/li>\n<li>microRNA-24 (biomarcatore per stress cellulare, invecchiamento, danni cardiovascolari)<\/li>\n<li>microRNA-155 (biomarcatore per l'attivazione immunitaria, l'infiammazione e i cambiamenti immunitari legati all'et\u00e0)<\/li>\n<\/ul>\n<\/ul>\n<\/div><\/div>\r\n<\/div>\r\n<\/div>\r\n<\/div>\r\n\r\n<div class=\"et_pb_section_4 et_pb_section et_section_regular et_flex_section preset--group--divi-section--divi-background--default\">\r\n<div class=\"et_pb_row_8 et_pb_row et_flex_row preset--group--divi-row--divi-background--default\">\r\n<div class=\"et_pb_column_8 et_pb_column et-last-child et_flex_column et_pb_css_mix_blend_mode_passthrough et_flex_column_24_24 et_flex_column_24_24_tablet et_flex_column_24_24_phone preset--group--divi-column--divi-background--default\">\r\n<div class=\"et_pb_heading_3 et_pb_heading et_pb_module et_flex_module preset--group--divi-heading--divi-background--default\"><div class=\"et_pb_heading_container\"><h2 class=\"et_pb_module_header\">3. Misurazione della lunghezza dei telomeri<\/h2><\/div><\/div>\r\n<\/div>\r\n<\/div>\r\n\r\n<div class=\"et_pb_row_9 et_pb_row et_flex_row preset--group--divi-row--divi-background--default\">\r\n<div class=\"et_pb_column_9 et_pb_column et-last-child et_flex_column et_pb_css_mix_blend_mode_passthrough et_flex_column_24_24 et_flex_column_24_24_tablet et_flex_column_24_24_phone preset--group--divi-column--divi-background--default\">\r\n<div class=\"et_pb_image_2 et_pb_image et_pb_module et_flex_module preset--group--divi-image--divi-background--default\"><span class=\"et_pb_image_wrap\"><img loading=\"lazy\" decoding=\"async\" src=\"https:\/\/www.nutagen.com\/wp-content\/uploads\/analyse_02.jpg\" width=\"1920\" height=\"950\" srcset=\"https:\/\/www.nutagen.com\/wp-content\/uploads\/analyse_02.jpg 1920w\" sizes=\"(max-width: 1920px) 100vw, 1920px\" class=\"wp-image-25980224\" \/><\/span><\/div>\r\n<\/div>\r\n<\/div>\r\n\r\n<div class=\"et_pb_row_10 et_pb_row et_flex_row preset--group--divi-row--divi-background--default\">\r\n<div class=\"et_pb_column_10 et_pb_column et-last-child et_flex_column et_pb_css_mix_blend_mode_passthrough et_flex_column_24_24 et_flex_column_24_24_tablet et_flex_column_24_24_phone preset--group--divi-column--divi-background--default\">\r\n<div class=\"et_pb_text_4 et_pb_text et_pb_bg_layout_light et_pb_module et_flex_module preset--group--divi-text--divi-background--default preset--module--divi-text--default\"><div class=\"et_pb_text_inner\"><p>Un altro componente dell'analisi epigenetica di precisione di Nutagen \u00e8 la misurazione della lunghezza dei telomeri (diagnostica dei telomeri), che consente di determinare con precisione l'et\u00e0 biologica. I valori sono considerati un indicatore affidabile dell'\"usura\" dell'organismo dovuta allo stress cellulare e al danno cellulare. Ci\u00f2 consente di valutare l'et\u00e0 biologica e le prestazioni immunologiche dell'organismo. Il laboratorio valuta meticolosamente la lunghezza dei telomeri attraverso un processo sofisticato. Ogni risultato del test viene poi confrontato con i dati rilevanti provenienti da un ampio database, che include informazioni relative alla rispettiva fascia d'et\u00e0. Ci\u00f2 consente di classificare la lunghezza individuale dei telomeri rispetto ai valori clinici medi.<\/p>\n<\/div><\/div>\r\n<\/div>\r\n<\/div>\r\n<\/div>\r\n\r\n<div class=\"et_pb_section_5 et_pb_section et_section_regular et_flex_section preset--group--divi-section--divi-background--default\">\r\n<div class=\"et_pb_row_11 et_pb_row et_flex_row preset--group--divi-row--divi-background--default\">\r\n<div class=\"et_pb_column_11 et_pb_column et-last-child et_flex_column et_pb_css_mix_blend_mode_passthrough et_flex_column_24_24 et_flex_column_24_24_tablet et_flex_column_24_24_phone preset--group--divi-column--divi-background--default\">\r\n<div class=\"et_pb_text_5 et_pb_text et_pb_bg_layout_light et_pb_module et_flex_module preset--group--divi-text--divi-background--default preset--module--divi-text--default\"><div class=\"et_pb_text_inner\"><p>La somma di tutti i marcatori di analisi e la valutazione del questionario del cliente vengono utilizzate per creare la formula personalizzata di principi attivi Nutagen Nutrigenetics.<\/p>\n<\/div><\/div>\r\n<\/div>\r\n<\/div>\r\n\r\n<div class=\"et_pb_row_12 et_pb_row et_flex_row preset--group--divi-row--divi-background--default\">\r\n<div class=\"et_pb_column_12 et_pb_column et-last-child et_flex_column et_pb_css_mix_blend_mode_passthrough et_flex_column_24_24 et_flex_column_24_24_tablet et_flex_column_24_24_phone preset--group--divi-column--divi-background--default\">\r\n<div class=\"et_pb_text_6 et_pb_text et_pb_bg_layout_light et_pb_module et_flex_module preset--group--divi-text--divi-background--default preset--module--divi-text--default\"><div class=\"et_pb_text_inner\"><p>\u00c8 importante notare che, fino a poco tempo fa, una diagnostica di laboratorio epigenetica cos\u00ec complessa e precisa poteva essere eseguita solo con un campione di sangue. Nutagen \u00e8 il primo fornitore al mondo a richiedere solo un tampone buccale per l'analisi epigenetica di precisione, dopo il completamento e la valutazione di uno studio di validazione (*HealthBioCare NUTAGEN Validation Study Oct 2024). Ogni cliente pu\u00f2 eseguire il test in modo indipendente, comodo, sicuro ed efficiente. Dopo la registrazione online, Nutagen invier\u00e0 al cliente un kit di analisi adeguato, accompagnato da istruzioni complete e una busta di ritorno.<\/p>\n<\/div><\/div>\r\n<\/div>\r\n<\/div>\r\n<\/div>","protected":false},"excerpt":{"rendered":"","protected":false},"author":1,"featured_media":0,"parent":0,"menu_order":0,"comment_status":"closed","ping_status":"closed","template":"","meta":{"footnotes":""},"class_list":["post-25980819","page","type-page","status-publish","hentry"],"_links":{"self":[{"href":"https:\/\/nutagen.com\/it\/wp-json\/wp\/v2\/pages\/25980819","targetHints":{"allow":["GET"]}}],"collection":[{"href":"https:\/\/nutagen.com\/it\/wp-json\/wp\/v2\/pages"}],"about":[{"href":"https:\/\/nutagen.com\/it\/wp-json\/wp\/v2\/types\/page"}],"author":[{"embeddable":true,"href":"https:\/\/nutagen.com\/it\/wp-json\/wp\/v2\/users\/1"}],"replies":[{"embeddable":true,"href":"https:\/\/nutagen.com\/it\/wp-json\/wp\/v2\/comments?post=25980819"}],"version-history":[{"count":3,"href":"https:\/\/nutagen.com\/it\/wp-json\/wp\/v2\/pages\/25980819\/revisions"}],"predecessor-version":[{"id":25980822,"href":"https:\/\/nutagen.com\/it\/wp-json\/wp\/v2\/pages\/25980819\/revisions\/25980822"}],"wp:attachment":[{"href":"https:\/\/nutagen.com\/it\/wp-json\/wp\/v2\/media?parent=25980819"}],"curies":[{"name":"wp","href":"https:\/\/api.w.org\/{rel}","templated":true}]}}