{"id":25981033,"date":"2022-04-28T14:11:04","date_gmt":"2022-04-28T14:11:04","guid":{"rendered":"https:\/\/www.nutagen.com\/find-your-local-contact-person\/"},"modified":"2026-02-17T12:59:42","modified_gmt":"2026-02-17T12:59:42","slug":"trouvez-votre-interlocuteur-local","status":"publish","type":"page","link":"https:\/\/nutagen.com\/fr\/trouvez-votre-interlocuteur-local\/","title":{"rendered":"Trouvez votre interlocuteur local"},"content":{"rendered":"<div class=\"et_pb_section_0 et_pb_section et_section_regular et_flex_section preset--group--divi-section--divi-background--default\">\n<div class=\"et_pb_row_0 et_pb_row et_flex_row preset--group--divi-row--divi-background--default\">\n<div class=\"et_pb_column_0 et_pb_column et-last-child et_flex_column et_pb_css_mix_blend_mode_passthrough et_flex_column_24_24 et_flex_column_24_24_tablet et_flex_column_24_24_phone preset--group--divi-column--divi-background--default\">\n<div class=\"et_pb_heading_0 et_pb_heading et_pb_module et_flex_module preset--group--divi-heading--divi-background--default\"><div class=\"et_pb_heading_container\"><h1 class=\"et_pb_module_header\">Trouvez votre interlocuteur local<\/h1><\/div><\/div>\n<\/div>\n<\/div>\n<\/div>\n\n<div class=\"et_pb_section_1 et_pb_section et_section_regular et_flex_section preset--group--divi-section--divi-background--default\">\n<div class=\"et_pb_row_1 et_pb_row et_flex_row preset--group--divi-row--divi-background--default\">\n<div class=\"et_pb_column_1 et_pb_column et-last-child et_flex_column et_pb_css_mix_blend_mode_passthrough et_flex_column_24_24 et_flex_column_24_24_tablet et_flex_column_24_24_phone preset--group--divi-column--divi-background--default\">\n<div class=\"et_pb_text_0 et_pb_text et_pb_bg_layout_light et_pb_module et_flex_module preset--group--divi-text--divi-background--default preset--module--divi-text--default\"><div class=\"et_pb_text_inner\"><p>Veuillez saisir le nom de votre interlocuteur dans le champ du formulaire. Si votre interlocuteur figure dans notre base de donn\u00e9es, son nom s'affichera sous le champ du formulaire. Cliquez sur l'entr\u00e9e correspondante pour transf\u00e9rer les donn\u00e9es. Cliquez ensuite sur \u00ab Suivant \u00bb pour acc\u00e9der au site web personnel de votre interlocuteur.<\/p>\n<\/div><\/div>\n\n<div class=\"et_pb_text_1 et_pb_text et_pb_bg_layout_light et_pb_module et_flex_module preset--group--divi-text--divi-background--default preset--module--divi-text--default\"><div class=\"et_pb_text_inner\">\n<form action=\"\" method=\"post\" class=\"wpcf7-form init vp-search-form\">\n\t<div class=\"form-group\">\n\t\t<p>\n\t\t\t<span class=\"wpcf7-form-control-wrap\" data-name=\"rep_name\">\n\t\t\t\t<input size=\"40\" maxlength=\"400\" class=\"wpcf7-form-control wpcf7-text wpcf7-validates-as-required floating-input\" id=\"rep_name\" aria-required=\"true\" aria-invalid=\"false\" placeholder=\" \" value=\"\" type=\"text\"  name=\"rep_name\" required>\n\t\t\t<\/span>\n\t\t\t<br>\n            <label for=\"rep_name\" class=\"floating-label floating-label-active\">\n            \t<br>\n                \t<span class=\"floating-label-icon floating-label-icon-name\"><\/span>Nom de votre interlocuteur\t\t\t\t<br>\n            <\/label>\n\t\t<\/p>\n\t<\/div>\n\t\t\t\t\t\n\t\n\t<input type=\"hidden\" id=\"rep_id\" name=\"rep_id\">\n\t<input type=\"hidden\" id=\"username\" name=\"username\">\n\t\n\t<div id=\"results\"><\/div>\n\t\n\t\n\t<button id=\"step_50_submit_button\" class=\"wpcf7-form-control wpcf7-submit has-spinner submit-btn et_pb_button\" type=\"submit\">Suivant<\/button>\n\t\t\t\t\t\t\t\n<\/form>\n\n<\/div><\/div>\n<\/div>\n<\/div>\n<\/div>","protected":false},"excerpt":{"rendered":"","protected":false},"author":1,"featured_media":0,"parent":0,"menu_order":0,"comment_status":"closed","ping_status":"closed","template":"","meta":{"footnotes":""},"class_list":["post-25981033","page","type-page","status-publish","hentry"],"_links":{"self":[{"href":"https:\/\/nutagen.com\/fr\/wp-json\/wp\/v2\/pages\/25981033","targetHints":{"allow":["GET"]}}],"collection":[{"href":"https:\/\/nutagen.com\/fr\/wp-json\/wp\/v2\/pages"}],"about":[{"href":"https:\/\/nutagen.com\/fr\/wp-json\/wp\/v2\/types\/page"}],"author":[{"embeddable":true,"href":"https:\/\/nutagen.com\/fr\/wp-json\/wp\/v2\/users\/1"}],"replies":[{"embeddable":true,"href":"https:\/\/nutagen.com\/fr\/wp-json\/wp\/v2\/comments?post=25981033"}],"version-history":[{"count":3,"href":"https:\/\/nutagen.com\/fr\/wp-json\/wp\/v2\/pages\/25981033\/revisions"}],"predecessor-version":[{"id":25981036,"href":"https:\/\/nutagen.com\/fr\/wp-json\/wp\/v2\/pages\/25981033\/revisions\/25981036"}],"wp:attachment":[{"href":"https:\/\/nutagen.com\/fr\/wp-json\/wp\/v2\/media?parent=25981033"}],"curies":[{"name":"wp","href":"https:\/\/api.w.org\/{rel}","templated":true}]}}