{"id":25981023,"date":"2025-12-03T10:29:33","date_gmt":"2025-12-03T10:29:33","guid":{"rendered":"https:\/\/www.nutagen.com\/contact\/"},"modified":"2026-02-17T12:45:02","modified_gmt":"2026-02-17T12:45:02","slug":"contact","status":"publish","type":"page","link":"https:\/\/nutagen.com\/fr\/contact\/","title":{"rendered":"Contact"},"content":{"rendered":"<div class=\"et_pb_section_0 et_pb_section et_section_regular et_flex_section preset--group--divi-section--divi-background--default\">\n<div class=\"et_pb_row_0 et_pb_row et_flex_row preset--group--divi-row--divi-background--default\">\n<div class=\"et_pb_column_0 et_pb_column et-last-child et_flex_column et_pb_css_mix_blend_mode_passthrough et_flex_column_24_24 et_flex_column_24_24_tablet et_flex_column_24_24_phone preset--group--divi-column--divi-background--default\">\n<div class=\"et_pb_heading_0 et_pb_heading et_pb_module et_flex_module preset--group--divi-heading--divi-background--default\"><div class=\"et_pb_heading_container\"><h1 class=\"et_pb_module_header\">Kontakt<\/h1><\/div><\/div>\n<\/div>\n<\/div>\n<\/div>\n\n<div class=\"et_pb_section_1 et_pb_section et_section_regular et_flex_section preset--group--divi-section--divi-background--default\">\n<div class=\"et_pb_row_1 et_pb_row et_flex_row preset--group--divi-row--divi-background--default\">\n<div class=\"et_pb_column_1 et_pb_column et-last-child et_flex_column et_pb_css_mix_blend_mode_passthrough et_flex_column_24_24 et_flex_column_24_24_tablet et_flex_column_24_24_phone preset--group--divi-column--divi-background--default\">\n<div class=\"et_pb_text_0 et_pb_text et_pb_bg_layout_light et_pb_module et_flex_module preset--group--divi-text--divi-background--default preset--module--divi-text--default\"><div class=\"et_pb_text_inner\"><p>Si vous avez des questions ou besoin d'aide, veuillez remplir le formulaire ci-dessous. Nous sommes l\u00e0 pour r\u00e9pondre \u00e0 toutes vos questions. Nous nous r\u00e9jouissons de vous lire.<\/p>\n<\/div><\/div>\n<\/div>\n<\/div>\n<\/div>\n\n<div class=\"et_pb_section_2 et_pb_section et_section_regular et_block_section preset--group--divi-section--divi-background--default\">\n<div class=\"et_pb_row_2 et_pb_row et_block_row preset--group--divi-row--divi-background--default\">\n<div class=\"et_pb_column_2 et_pb_column et_pb_column_4_4 et-last-child et_block_column et_pb_css_mix_blend_mode_passthrough preset--group--divi-column--divi-background--default\">\n<div class=\"et_pb_code_0 et_pb_code et_pb_module preset--group--divi-code--divi-background--default\"><div class=\"et_pb_code_inner\">\n<div class=\"wpcf7 no-js\" id=\"wpcf7-f25981026-o1\" lang=\"fr-FR\" dir=\"ltr\" data-wpcf7-id=\"25981026\">\n<div class=\"screen-reader-response\"><p role=\"status\" aria-live=\"polite\" aria-atomic=\"true\"><\/p> <ul><\/ul><\/div>\n<form action=\"\/fr\/wp-json\/wp\/v2\/pages\/25981023#wpcf7-f25981026-o1\" method=\"post\" class=\"wpcf7-form init\" aria-label=\"Formulaire de contact\" novalidate=\"novalidate\" data-status=\"init\">\n<fieldset class=\"hidden-fields-container\"><input type=\"hidden\" name=\"_wpcf7\" value=\"25981026\" \/><input type=\"hidden\" name=\"_wpcf7_version\" value=\"6.1.5\" \/><input type=\"hidden\" name=\"_wpcf7_locale\" value=\"fr_FR\" \/><input type=\"hidden\" name=\"_wpcf7_unit_tag\" value=\"wpcf7-f25981026-o1\" \/><input type=\"hidden\" name=\"_wpcf7_container_post\" value=\"0\" \/><input type=\"hidden\" name=\"_wpcf7_posted_data_hash\" value=\"\" \/><input type=\"hidden\" name=\"_wpcf7cf_hidden_group_fields\" value=\"[]\" \/><input type=\"hidden\" name=\"_wpcf7cf_hidden_groups\" value=\"[]\" \/><input type=\"hidden\" name=\"_wpcf7cf_visible_groups\" value=\"[]\" \/><input type=\"hidden\" name=\"_wpcf7cf_repeaters\" value=\"[]\" \/><input type=\"hidden\" name=\"_wpcf7cf_steps\" value=\"{}\" \/><input type=\"hidden\" name=\"_wpcf7cf_options\" value=\"{&quot;form_id&quot;:25981026,&quot;conditions&quot;:[{&quot;then_field&quot;:&quot;contact-group&quot;,&quot;and_rules&quot;:[{&quot;if_field&quot;:&quot;no-contact&quot;,&quot;operator&quot;:&quot;not equals&quot;,&quot;if_value&quot;:&quot;Je n'ai pas de personne \\u00e0 contacter&quot;}]},{&quot;then_field&quot;:&quot;no-contact-group&quot;,&quot;and_rules&quot;:[{&quot;if_field&quot;:&quot;your-contact&quot;,&quot;operator&quot;:&quot;is empty&quot;,&quot;if_value&quot;:&quot;&quot;}]}],&quot;settings&quot;:{&quot;animation&quot;:&quot;yes&quot;,&quot;animation_intime&quot;:&quot;400&quot;,&quot;animation_outtime&quot;:&quot;400&quot;,&quot;conditions_ui&quot;:&quot;normal&quot;,&quot;notice_dismissed&quot;:&quot;&quot;,&quot;notice_dismissed_rollback-cf7-5.5.6&quot;:true,&quot;notice_dismissed_rollback-cf7-5.7.4&quot;:true,&quot;notice_dismissed_update-cf7-6.1.1&quot;:true}}\" \/>\n<\/fieldset>\n<div class=\"et_pb_section_1 et_pb_section et_section_regular et_block_section preset--group--divi-section--divi-background--default\">\n\t<div class=\"et_pb_row_1 et_pb_row et_flex_row preset--group--divi-row--divi-background--default\">\n\t\t<div class=\"et_pb_column_1 et_pb_column et_flex_column et_pb_css_mix_blend_mode_passthrough et_flex_column_12_24 et_flex_column_24_24_phone preset--group--divi-column--divi-background--default\">\n\t\t\t<div class=\"et_pb_text_0 et_pb_text et_pb_bg_layout_light et_pb_module et_flex_module preset--group--divi-text--divi-background--default preset--module--divi-text--default\">\n\t\t\t\t<div class=\"et_pb_text_inner\">\n\t\t\t\t\t<div class=\"form-group floating-select-group\">\n\t\t\t\t\t\t<p><span class=\"wpcf7-form-control-wrap\" data-name=\"anrede\"><select class=\"wpcf7-form-control wpcf7-select wpcf7-validates-as-required floating-select\" id=\"anrede\" aria-required=\"true\" aria-invalid=\"false\" name=\"anrede\"><option value=\"Titre\">Titre<\/option><option value=\"M.\">M.<\/option><option value=\"Mme\">Mme<\/option><option value=\"Mlle\">Mlle<\/option><option value=\"Autre\">Autre<\/option><\/select><\/span>\n\t\t\t\t\t\t<\/p>\n\t\t\t\t\t<\/div>\n\t\t\t\t<\/div>\n\t\t\t<\/div>\n\t\t<\/div>\n\t\t<div class=\"et_pb_column_2 et_pb_column et_flex_column et_pb_css_mix_blend_mode_passthrough et_flex_column_12_24 et_flex_column_24_24_phone preset--group--divi-column--divi-background--default\">\n\t\t\t<div class=\"et_pb_text_0 et_pb_text et_pb_bg_layout_light et_pb_module et_flex_module preset--group--divi-text--divi-background--default preset--module--divi-text--default\">\n\t\t\t\t<div class=\"et_pb_text_inner\">\n\t\t\t\t\t<div class=\"form-group\">\n\t\t\t\t\t\t<p><span class=\"wpcf7-form-control-wrap\" data-name=\"your-name\"><input size=\"40\" maxlength=\"400\" class=\"wpcf7-form-control wpcf7-text wpcf7-validates-as-required floating-input\" id=\"name\" aria-required=\"true\" aria-invalid=\"false\" placeholder=\"\" value=\"\" type=\"text\" name=\"your-name\" \/><\/span><br \/>\n<label for=\"name\" class=\"floating-label\"><br \/>\n<span class=\"floating-label-icon floating-label-icon-name\"><\/span>Pr\u00e9nom, nom\t\t <\/label>\n\t\t\t\t\t\t<\/p>\n\t\t\t\t\t<\/div>\n\t\t\t\t<\/div>\n\t\t\t<\/div>\n\t\t<\/div>\n\t<\/div>\n\t<div class=\"et_pb_row_1 et_pb_row et_flex_row preset--group--divi-row--divi-background--default\">\n\t\t<div class=\"et_pb_column_1 et_pb_column et_flex_column et_pb_css_mix_blend_mode_passthrough et_flex_column_12_24 et_flex_column_24_24_phone preset--group--divi-column--divi-background--default\">\n\t\t\t<div class=\"et_pb_text_0 et_pb_text et_pb_bg_layout_light et_pb_module et_flex_module preset--group--divi-text--divi-background--default preset--module--divi-text--default\">\n\t\t\t\t<div class=\"et_pb_text_inner\">\n\t\t\t\t\t<div class=\"form-group\">\n\t\t\t\t\t\t<p><span class=\"wpcf7-form-control-wrap\" data-name=\"your-phone\"><input size=\"40\" maxlength=\"400\" class=\"wpcf7-form-control wpcf7-text floating-input\" id=\"phone\" aria-invalid=\"false\" placeholder=\"\" value=\"\" type=\"text\" name=\"your-phone\" \/><\/span><br \/>\n<label for=\"phone\" class=\"floating-label\"><br \/>\n<span class=\"floating-label-icon floating-label-icon-phone\"><\/span>T\u00e9l\u00e9phone<br \/>\n<\/label>\n\t\t\t\t\t\t<\/p>\n\t\t\t\t\t<\/div>\n\t\t\t\t<\/div>\n\t\t\t<\/div>\n\t\t<\/div>\n\t\t<div class=\"et_pb_column_2 et_pb_column et-last-child et_flex_column et_pb_css_mix_blend_mode_passthrough et_flex_column_12_24 et_flex_column_24_24_phone preset--group--divi-column--divi-background--default\">\n\t\t\t<div class=\"et_pb_text_1 et_pb_text et_pb_bg_layout_light et_pb_module et_flex_module preset--group--divi-text--divi-background--default preset--module--divi-text--default\">\n\t\t\t\t<div class=\"et_pb_text_inner\">\n\t\t\t\t\t<div class=\"form-group\">\n\t\t\t\t\t\t<p><span class=\"wpcf7-form-control-wrap\" data-name=\"your-email\"><input size=\"40\" maxlength=\"400\" class=\"wpcf7-form-control wpcf7-email wpcf7-validates-as-required wpcf7-text wpcf7-validates-as-email floating-input\" id=\"email\" aria-required=\"true\" aria-invalid=\"false\" placeholder=\"\" value=\"\" type=\"email\" name=\"your-email\" \/><\/span><br \/>\n<label for=\"email\" class=\"floating-label\"><br \/>\n<span class=\"floating-label-icon floating-label-icon-email\"><\/span>Adresse e-mail<br \/>\n<\/label>\n\t\t\t\t\t\t<\/p>\n\t\t\t\t\t<\/div>\n\t\t\t\t<\/div>\n\t\t\t<\/div>\n\t\t<\/div>\n\t<\/div>\n\t<div class=\"et_pb_row_1 et_pb_row et_flex_row preset--group--divi-row--divi-background--default\">\n\t\t<div class=\"et_pb_column_1 et_pb_column et_flex_column et_pb_css_mix_blend_mode_passthrough et_flex_column_12_24 et_flex_column_24_24_phone preset--group--divi-column--divi-background--default\">\n\t\t\t<div class=\"et_pb_text_0 et_pb_text et_pb_bg_layout_light et_pb_module et_flex_module preset--group--divi-text--divi-background--default preset--module--divi-text--default\">\n\t\t\t\t<div class=\"et_pb_text_inner\">\n\t\t\t\t\t<div class=\"form-group\">\n\t\t\t\t\t\t<p><span class=\"wpcf7-form-control-wrap\" data-name=\"your-city\"><input size=\"40\" maxlength=\"400\" class=\"wpcf7-form-control wpcf7-text wpcf7-validates-as-required floating-input\" id=\"city\" aria-required=\"true\" aria-invalid=\"false\" placeholder=\"\" value=\"\" type=\"text\" name=\"your-city\" \/><\/span><br \/>\n<label for=\"city\" class=\"floating-label\"><br \/>\n<span class=\"floating-label-icon floating-label-icon-city\"><\/span>Ville<br \/>\n<\/label>\n\t\t\t\t\t\t<\/p>\n\t\t\t\t\t<\/div>\n\t\t\t\t<\/div>\n\t\t\t<\/div>\n\t\t<\/div>\n\t\t<div class=\"et_pb_column_2 et_pb_column et-last-child et_flex_column et_pb_css_mix_blend_mode_passthrough et_flex_column_12_24 et_flex_column_24_24_phone preset--group--divi-column--divi-background--default\">\n\t\t\t<div class=\"et_pb_text_1 et_pb_text et_pb_bg_layout_light et_pb_module et_flex_module preset--group--divi-text--divi-background--default preset--module--divi-text--default\">\n\t\t\t\t<div class=\"et_pb_text_inner\">\n\t\t\t\t\t<div class=\"form-group\">\n\t\t\t\t\t\t<p><span class=\"wpcf7-form-control-wrap\" data-name=\"your-country\"><input size=\"40\" maxlength=\"400\" class=\"wpcf7-form-control wpcf7-text wpcf7-validates-as-required floating-input\" id=\"country\" aria-required=\"true\" aria-invalid=\"false\" placeholder=\"\" value=\"\" type=\"text\" name=\"your-country\" \/><\/span><br \/>\n<label for=\"country\" class=\"floating-label\"><br \/>\n<span class=\"floating-label-icon floating-label-icon-country\"><\/span>Pays<br \/>\n<\/label>\n\t\t\t\t\t\t<\/p>\n\t\t\t\t\t<\/div>\n\t\t\t\t<\/div>\n\t\t\t<\/div>\n\t\t<\/div>\n\t<\/div>\n\t<div class=\"et_pb_row_2 et_pb_row et_pb_gutters3 et_block_row preset--group--divi-row--divi-background--default\">\n\t\t<div class=\"et_pb_column_3 et_pb_column et_pb_column_4_4 et-last-child et_flex_column et_pb_css_mix_blend_mode_passthrough preset--group--divi-column--divi-background--default\">\n\t\t\t<div class=\"et_pb_text_2 et_pb_text et_pb_bg_layout_light et_pb_module et_flex_module preset--group--divi-text--divi-background--default preset--module--divi-text--default\">\n\t\t\t\t<div class=\"et_pb_text_inner\">\n\t\t\t\t\t<div class=\"form-group\">\n\t\t\t\t\t\t<p><span class=\"wpcf7-form-control-wrap\" data-name=\"message\"><textarea cols=\"40\" rows=\"10\" maxlength=\"2000\" class=\"wpcf7-form-control wpcf7-textarea wpcf7-validates-as-required floating-input\" id=\"message\" aria-required=\"true\" aria-invalid=\"false\" placeholder=\"\" name=\"message\"><\/textarea><\/span><br \/>\n<label for=\"message\" class=\"floating-label\"><br \/>\n<span class=\"floating-label-icon floating-label-icon-message\"><\/span>Message<br \/>\n<\/label>\n\t\t\t\t\t\t<\/p>\n\t\t\t\t\t<\/div>\n\t\t\t\t<\/div>\n\t\t\t<\/div>\n\t\t<\/div>\n\t<\/div>\n\t<div class=\"et_pb_row_2 et_pb_row et_pb_gutters3 et_block_row preset--group--divi-row--divi-background--default\">\n\t\t<div class=\"et_pb_column_3 et_pb_column et_pb_column_4_4 et-last-child et_flex_column et_pb_css_mix_blend_mode_passthrough preset--group--divi-column--divi-background--default\">\n\t\t\t<div class=\"et_pb_text_2 et_pb_text et_pb_bg_layout_light et_pb_module et_flex_module preset--group--divi-text--divi-background--default preset--module--divi-text--default\">\n\t\t\t\t<div class=\"et_pb_text_inner\">\n\t\t\t\t\t<div class=\"form-group\">\n\t\t\t\t\t\t<div data-id=\"contact-group\" data-orig_data_id=\"contact-group\"  class=\"\" data-class=\"wpcf7cf_group\">\n\t\t\t\t\t\t\t<p><span class=\"wpcf7-form-control-wrap\" data-name=\"your-contact\"><input size=\"40\" maxlength=\"400\" class=\"wpcf7-form-control wpcf7-text floating-input\" id=\"contact\" aria-invalid=\"false\" placeholder=\"\" value=\"\" type=\"text\" name=\"your-contact\" \/><\/span><br \/>\n<label for=\"message\" class=\"floating-label\"><br \/>\n<span class=\"floating-label-icon floating-label-icon-contact\"><\/span>Votre personne de contact<br \/>\n<\/label>\n\t\t\t\t\t\t\t<\/p>\n\t\t\t\t\t\t<\/div>\n\t\t\t\t\t\t<div data-id=\"no-contact-group\" data-orig_data_id=\"no-contact-group\"  class=\"\" data-class=\"wpcf7cf_group\">\n\t\t\t\t\t\t\t<p><span class=\"wpcf7-form-control-wrap\" data-name=\"no-contact\"><span class=\"wpcf7-form-control wpcf7-checkbox\"><span class=\"wpcf7-list-item first last\"><label><input type=\"checkbox\" name=\"no-contact[]\" value=\"Je n'ai pas de personne \u00e0 contacter\" \/><span class=\"wpcf7-list-item-label\">Je n'ai pas de personne \u00e0 contacter<\/span><\/label><\/span><\/span><\/span>\n\t\t\t\t\t\t\t<\/p>\n\t\t\t\t\t\t<\/div>\n\t\t\t\t\t<\/div>\n\t\t\t\t<\/div>\n\t\t\t<\/div>\n\t\t<\/div>\n\t<\/div>\n\t<div class=\"et_pb_row_2 et_pb_row et_pb_gutters3 et_block_row preset--group--divi-row--divi-background--default\">\n\t\t<div class=\"et_pb_column_3 et_pb_column et_pb_column_4_4 et-last-child et_flex_column et_pb_css_mix_blend_mode_passthrough preset--group--divi-column--divi-background--default\">\n\t\t\t<div class=\"et_pb_text_2 et_pb_text et_pb_bg_layout_light et_pb_module et_flex_module preset--group--divi-text--divi-background--default preset--module--divi-text--default\">\n\t\t\t\t<div class=\"et_pb_text_inner\">\n\t\t\t\t\t<div class=\"form-group accept\">\n\t\t\t\t\t\t<p><span class=\"wpcf7-form-control-wrap\" data-name=\"accept\"><span class=\"wpcf7-form-control wpcf7-checkbox wpcf7-validates-as-required\"><span class=\"wpcf7-list-item first last\"><label><input type=\"checkbox\" name=\"accept[]\" value=\"En soumettant ce formulaire, vous confirmez avoir lu et accept\u00e9 la politique de confidentialit\u00e9.\" \/><span class=\"wpcf7-list-item-label\">En soumettant ce formulaire, vous confirmez avoir lu et accept\u00e9 la politique de confidentialit\u00e9.<\/span><\/label><\/span><\/span><\/span>\n\t\t\t\t\t\t<\/p>\n\t\t\t\t\t<\/div>\n\t\t\t\t<\/div>\n\t\t\t<\/div>\n\t\t<\/div>\n\t<\/div>\n\t<div class=\"et_pb_row_2 et_pb_row et_pb_gutters3 et_block_row preset--group--divi-row--divi-background--default\">\n\t\t<div class=\"et_pb_column_3 et_pb_column et_pb_column_4_4 et-last-child et_flex_column et_pb_css_mix_blend_mode_passthrough preset--group--divi-column--divi-background--default\">\n\t\t\t<div class=\"et_pb_text_2 et_pb_text et_pb_bg_layout_light et_pb_module et_flex_module preset--group--divi-text--divi-background--default preset--module--divi-text--default\">\n\t\t\t\t<div class=\"et_pb_text_inner\">\n\t\t\t\t\t<p><input class=\"wpcf7-form-control wpcf7-submit has-spinner submit-btn\" id=\"form-submit\" type=\"submit\" value=\"Soumettre\" \/>\n\t\t\t\t\t<\/p>\n\t\t\t\t<\/div>\n\t\t\t<\/div>\n\t\t<\/div>\n\t<\/div>\n<\/div><div class=\"wpcf7-response-output\" aria-hidden=\"true\"><\/div>\n<\/form>\n<\/div>\n<\/div><\/div>\n<\/div>\n<\/div>\n<\/div>","protected":false},"excerpt":{"rendered":"","protected":false},"author":1,"featured_media":0,"parent":0,"menu_order":0,"comment_status":"closed","ping_status":"closed","template":"","meta":{"footnotes":""},"class_list":["post-25981023","page","type-page","status-publish","hentry"],"_links":{"self":[{"href":"https:\/\/nutagen.com\/fr\/wp-json\/wp\/v2\/pages\/25981023","targetHints":{"allow":["GET"]}}],"collection":[{"href":"https:\/\/nutagen.com\/fr\/wp-json\/wp\/v2\/pages"}],"about":[{"href":"https:\/\/nutagen.com\/fr\/wp-json\/wp\/v2\/types\/page"}],"author":[{"embeddable":true,"href":"https:\/\/nutagen.com\/fr\/wp-json\/wp\/v2\/users\/1"}],"replies":[{"embeddable":true,"href":"https:\/\/nutagen.com\/fr\/wp-json\/wp\/v2\/comments?post=25981023"}],"version-history":[{"count":2,"href":"https:\/\/nutagen.com\/fr\/wp-json\/wp\/v2\/pages\/25981023\/revisions"}],"predecessor-version":[{"id":25981025,"href":"https:\/\/nutagen.com\/fr\/wp-json\/wp\/v2\/pages\/25981023\/revisions\/25981025"}],"wp:attachment":[{"href":"https:\/\/nutagen.com\/fr\/wp-json\/wp\/v2\/media?parent=25981023"}],"curies":[{"name":"wp","href":"https:\/\/api.w.org\/{rel}","templated":true}]}}