{"id":25981008,"date":"2022-04-28T13:12:22","date_gmt":"2022-04-28T13:12:22","guid":{"rendered":"https:\/\/www.nutagen.com\/imprint\/"},"modified":"2026-02-17T08:51:45","modified_gmt":"2026-02-17T08:51:45","slug":"mentions-legales","status":"publish","type":"page","link":"https:\/\/nutagen.com\/fr\/mentions-legales\/","title":{"rendered":"Mentions l\u00e9gales"},"content":{"rendered":"<div class=\"et_pb_section_0 et_pb_section et_section_regular et_flex_section preset--group--divi-section--divi-background--default\">\n<div class=\"et_pb_row_0 et_pb_row et_flex_row preset--group--divi-row--divi-background--default\">\n<div class=\"et_pb_column_0 et_pb_column et-last-child et_flex_column et_pb_css_mix_blend_mode_passthrough et_flex_column_24_24 et_flex_column_24_24_tablet et_flex_column_24_24_phone preset--group--divi-column--divi-background--default\">\n<div class=\"et_pb_heading_0 et_pb_heading et_pb_module et_flex_module preset--group--divi-heading--divi-background--default\"><div class=\"et_pb_heading_container\"><h1 class=\"et_pb_module_header\">Mentions l\u00e9gales<\/h1><\/div><\/div>\n<\/div>\n<\/div>\n<\/div>\n\n<div class=\"et_pb_section_1 et_pb_section et_section_regular et_flex_section preset--group--divi-section--divi-background--default\">\n<div class=\"et_pb_row_1 et_pb_row et_flex_row preset--group--divi-row--divi-background--default\">\n<div class=\"et_pb_column_1 et_pb_column et-last-child et_flex_column et_pb_css_mix_blend_mode_passthrough et_flex_column_24_24 et_flex_column_24_24_tablet et_flex_column_24_24_phone preset--group--divi-column--divi-background--default\">\n<div class=\"et_pb_text_0 et_pb_text et_pb_bg_layout_light et_pb_module et_flex_module preset--group--divi-text--divi-background--default preset--module--divi-text--default\"><div class=\"et_pb_text_inner\"><p><strong>Informations conform\u00e9ment \u00e0 l'art. 3, al. 1, let. s UWG <\/strong><\/p>\n<p>NUTAGEN Nutrigenetics GmbH<br \/>Firststrasse 6<br \/>8835 Feusisberg<br \/>Suisse<br \/><a href=\"mailto:info@nutagen.com\">info@nutagen.com<\/a><\/p>\n<p><strong><\/strong><\/p>\n<p><strong>Repr\u00e9sentant(s) autoris\u00e9(s) :<\/strong><\/p>\n<p>Veronika Jaksch, directrice g\u00e9n\u00e9rale<\/p>\n<p>&nbsp;<\/p>\n<p><strong>Inscription au registre du commerce :<\/strong><\/p>\n<p>Num\u00e9ro d'enregistrement au registre du commerce : CH-130.4.034.469-3<br \/>Bureau d'enregistrement : Schwyz<br \/>Num\u00e9ro d'identification TVA<br \/>CHE-253.505.311<\/p>\n<p><strong><\/strong><\/p>\n<p><strong>Clause de non-responsabilit\u00e9<\/strong><\/p>\n<p><em>Responsabilit\u00e9 relative au contenu<\/em><br \/>En tant que prestataire de services, nous sommes responsables de nos propres contenus sur ces pages conform\u00e9ment \u00e0 l'art. 3, al. 1, let. s, LCD. Nous ne sommes toutefois pas tenus de surveiller les informations transmises ou stock\u00e9es par des tiers ni d'enqu\u00eater sur des circonstances qui indiquent une activit\u00e9 ill\u00e9gale.<br \/>\nLes obligations de supprimer ou de bloquer l'utilisation d'informations conform\u00e9ment aux lois g\u00e9n\u00e9rales ne sont pas affect\u00e9es par cette disposition. Toutefois, notre responsabilit\u00e9 \u00e0 cet \u00e9gard n'est engag\u00e9e qu'\u00e0 partir du moment o\u00f9 nous avons connaissance d'une violation sp\u00e9cifique de la loi. Si nous avons connaissance de telles violations, nous supprimerons imm\u00e9diatement ces contenus.\n<\/p>\n<p><em>Responsabilit\u00e9 relative aux liens<\/em><br \/>Notre site web contient des liens vers des sites web externes de tiers sur lesquels nous n'avons aucune influence. Nous ne pouvons donc assumer aucune responsabilit\u00e9 pour ces contenus tiers. Le fournisseur ou l'exploitant des pages li\u00e9es est toujours responsable de leur contenu.<\/p>\n<p>Les pages li\u00e9es ont \u00e9t\u00e9 v\u00e9rifi\u00e9es au moment de la mise en place du lien afin de d\u00e9tecter d'\u00e9ventuelles violations de la loi. Aucun contenu ill\u00e9gal n'\u00e9tait identifiable au moment de la mise en place du lien. Toutefois, un contr\u00f4le permanent du contenu des pages li\u00e9es n'est pas raisonnable sans indices concrets d'une violation de la loi. Si nous avons connaissance de violations de la loi, nous supprimerons imm\u00e9diatement ces liens.<\/p>\n<p><strong><\/strong><\/p>\n<p><strong>Droits d'auteur<\/strong><\/p>\n<p>Le contenu et les \u0153uvres pr\u00e9sent\u00e9s sur ces pages et cr\u00e9\u00e9s par les exploitants du site sont soumis au droit d'auteur suisse. La reproduction, le traitement, la diffusion et toute forme d'utilisation d\u00e9passant le cadre du droit d'auteur n\u00e9cessitent l'accord \u00e9crit de l'auteur ou du cr\u00e9ateur concern\u00e9. Les t\u00e9l\u00e9chargements et copies de ce site ne sont autoris\u00e9s qu'\u00e0 des fins priv\u00e9es et non commerciales.<\/p>\n<p>Dans la mesure o\u00f9 le contenu de ce site n'a pas \u00e9t\u00e9 cr\u00e9\u00e9 par l'exploitant, les droits d'auteur de tiers sont respect\u00e9s. En particulier, les contenus de tiers sont identifi\u00e9s comme tels. Si vous constatez n\u00e9anmoins une violation du droit d'auteur, veuillez nous en informer. D\u00e8s que nous aurons connaissance d'une violation, nous supprimerons imm\u00e9diatement le contenu concern\u00e9.<\/p>\n<p>La marque verbale\/figurative \u00ab NUTAGEN \u00bb est enregistr\u00e9e aupr\u00e8s de l'Institut f\u00e9d\u00e9ral suisse de la propri\u00e9t\u00e9 intellectuelle sous le num\u00e9ro de marque 802515. La \u00ab bo\u00eete de 90 jours \u00bb NUTAGEN Nutrigenetics est enregistr\u00e9e aupr\u00e8s de l'Institut f\u00e9d\u00e9ral suisse de la propri\u00e9t\u00e9 intellectuelle sous le num\u00e9ro de dessin ou mod\u00e8le 148444.<\/p>\n<\/div><\/div>\n<\/div>\n<\/div>\n<\/div>","protected":false},"excerpt":{"rendered":"","protected":false},"author":1,"featured_media":0,"parent":0,"menu_order":0,"comment_status":"closed","ping_status":"closed","template":"","meta":{"footnotes":""},"class_list":["post-25981008","page","type-page","status-publish","hentry"],"_links":{"self":[{"href":"https:\/\/nutagen.com\/fr\/wp-json\/wp\/v2\/pages\/25981008","targetHints":{"allow":["GET"]}}],"collection":[{"href":"https:\/\/nutagen.com\/fr\/wp-json\/wp\/v2\/pages"}],"about":[{"href":"https:\/\/nutagen.com\/fr\/wp-json\/wp\/v2\/types\/page"}],"author":[{"embeddable":true,"href":"https:\/\/nutagen.com\/fr\/wp-json\/wp\/v2\/users\/1"}],"replies":[{"embeddable":true,"href":"https:\/\/nutagen.com\/fr\/wp-json\/wp\/v2\/comments?post=25981008"}],"version-history":[{"count":3,"href":"https:\/\/nutagen.com\/fr\/wp-json\/wp\/v2\/pages\/25981008\/revisions"}],"predecessor-version":[{"id":25981011,"href":"https:\/\/nutagen.com\/fr\/wp-json\/wp\/v2\/pages\/25981008\/revisions\/25981011"}],"wp:attachment":[{"href":"https:\/\/nutagen.com\/fr\/wp-json\/wp\/v2\/media?parent=25981008"}],"curies":[{"name":"wp","href":"https:\/\/api.w.org\/{rel}","templated":true}]}}