{"id":25980989,"date":"2025-11-27T13:20:57","date_gmt":"2025-11-27T13:20:57","guid":{"rendered":"https:\/\/www.nutagen.com\/detailed-evaluation\/"},"modified":"2026-02-17T08:09:02","modified_gmt":"2026-02-17T08:09:02","slug":"evaluation-detaillee","status":"publish","type":"page","link":"https:\/\/nutagen.com\/fr\/evaluation-detaillee\/","title":{"rendered":"\u00c9valuation d\u00e9taill\u00e9e"},"content":{"rendered":"<div class=\"et_pb_section_0 et_pb_section et_section_regular et_flex_section preset--group--divi-section--divi-background--default\">\n<div class=\"et_pb_row_0 et_pb_row et_flex_row preset--group--divi-row--divi-background--default\">\n<div class=\"et_pb_column_0 et_pb_column et-last-child et_flex_column et_pb_css_mix_blend_mode_passthrough et_flex_column_24_24 et_flex_column_24_24_tablet et_flex_column_24_24_phone preset--group--divi-column--divi-background--default\">\n<div class=\"et_pb_heading_0 et_pb_heading et_pb_module et_flex_module preset--group--divi-heading--divi-background--default\"><div class=\"et_pb_heading_container\"><h1 class=\"et_pb_module_header\">Detailed evaluation<\/h1><\/div><\/div>\n<\/div>\n<\/div>\n<\/div>\n\n<div class=\"et_pb_section_1 et_pb_section et_section_regular et_flex_section preset--group--divi-section--divi-background--default\">\n<div class=\"et_pb_row_1 et_pb_row et_flex_row preset--group--divi-row--divi-background--default\">\n<div class=\"et_pb_column_1 et_pb_column et-last-child et_flex_column et_pb_css_mix_blend_mode_passthrough et_flex_column_24_24 et_flex_column_24_24_tablet et_flex_column_24_24_phone preset--group--divi-column--divi-background--default\">\n<div class=\"et_pb_text_0 et_pb_text et_pb_bg_layout_light et_pb_module et_flex_module preset--group--divi-text--divi-background--default preset--module--divi-text--default\"><div class=\"et_pb_text_inner\"><p>Nutagen Nutrigenetics utilise des donn\u00e9es de r\u00e9f\u00e9rence beaucoup plus compl\u00e8tes et pr\u00e9cises pour d\u00e9terminer l'intervention que les produits personnalis\u00e9s de ses concurrents. Les fournisseurs actuels analysent uniquement des SNP (polymorphismes nucl\u00e9otidiques simples) statiques et peu co\u00fbteux, en conjonction avec l'\u00e9valuation d'un questionnaire client, pour d\u00e9velopper leurs produits. Ces tests g\u00e9n\u00e9tiques ne permettent pas d'\u00e9valuer de mani\u00e8re concluante la r\u00e9ponse \u00e9pig\u00e9n\u00e9tique de l'individu.<\/p>\n<p>Nutagen va plus loin et analyse principalement une s\u00e9lection significative de facteurs \u00e9pig\u00e9n\u00e9tiques. Seule la combinaison de donn\u00e9es de base s\u00e9lectionn\u00e9es avec une analyse pr\u00e9cise de la \u00ab d\u00e9viation \u00e9pig\u00e9n\u00e9tique = dynamique \u00bb d'un sch\u00e9ma individuel r\u00e9v\u00e8le quels g\u00e8nes peuvent \u00eatre r\u00e9activ\u00e9s\/d\u00e9sactiv\u00e9s et\/ou r\u00e9par\u00e9s avec quels phytonutriments. Ce panel holistique est bas\u00e9 sur les derni\u00e8res recherches scientifiques et a \u00e9t\u00e9 largement valid\u00e9 (*\u00e9tude de validation HealthBioCare NUTAGEN octobre 2024).<\/p>\n<\/div><\/div>\n<\/div>\n<\/div>\n<\/div>\n\n<div class=\"et_pb_section_2 et_pb_section et_section_regular et_flex_section preset--group--divi-section--divi-background--default\">\n<div class=\"et_pb_row_2 et_pb_row et_flex_row preset--group--divi-row--divi-background--default\">\n<div class=\"et_pb_column_2 et_pb_column et-last-child et_flex_column et_pb_css_mix_blend_mode_passthrough et_flex_column_24_24 et_flex_column_24_24_tablet et_flex_column_24_24_phone preset--group--divi-column--divi-background--default\">\n<div class=\"et_pb_heading_1 et_pb_heading et_pb_module et_flex_module preset--group--divi-heading--divi-background--default\"><div class=\"et_pb_heading_container\"><h2 class=\"et_pb_module_header\">1. Analyse des SNP g\u00e9n\u00e9tiques s\u00e9lectionn\u00e9s<\/h2><\/div><\/div>\n<\/div>\n<\/div>\n\n<div class=\"et_pb_row_3 et_pb_row et_flex_row preset--group--divi-row--divi-background--default\">\n<div class=\"et_pb_column_3 et_pb_column et-last-child et_flex_column et_pb_css_mix_blend_mode_passthrough et_flex_column_24_24 et_flex_column_24_24_tablet et_flex_column_24_24_phone preset--group--divi-column--divi-background--default\">\n<div class=\"et_pb_image_0 et_pb_image et_pb_module et_flex_module preset--group--divi-image--divi-background--default\"><span class=\"et_pb_image_wrap\"><img loading=\"lazy\" decoding=\"async\" src=\"https:\/\/www.nutagen.com\/wp-content\/uploads\/analyse_01.jpg\" width=\"1920\" height=\"950\" srcset=\"https:\/\/www.nutagen.com\/wp-content\/uploads\/analyse_01.jpg 1920w\" sizes=\"(max-width: 1920px) 100vw, 1920px\" class=\"wp-image-25980225\" \/><\/span><\/div>\n<\/div>\n<\/div>\n\n<div class=\"et_pb_row_4 et_pb_row et_flex_row preset--group--divi-row--divi-background--default\">\n<div class=\"et_pb_column_4 et_pb_column et-last-child et_flex_column et_pb_css_mix_blend_mode_passthrough et_flex_column_24_24 et_flex_column_24_24_tablet et_flex_column_24_24_phone preset--group--divi-column--divi-background--default\">\n<div class=\"et_pb_text_1 et_pb_text et_pb_bg_layout_light et_pb_module et_flex_module preset--group--divi-text--divi-background--default preset--module--divi-text--default\"><div class=\"et_pb_text_inner\"><p>Les SNP ont \u00e9t\u00e9 identifi\u00e9s comme jouant un r\u00f4le important dans le d\u00e9veloppement et la progression de diverses maladies. Les chercheurs exploitent les SNP pour identifier les variantes g\u00e9n\u00e9tiques associ\u00e9es \u00e0 des maladies sp\u00e9cifiques. Cela a conduit \u00e0 la d\u00e9couverte de g\u00e8nes associ\u00e9s \u00e0 diverses maladies, notamment les maladies cardiaques, le cancer, les troubles mentaux (par exemple, la schizophr\u00e9nie, la d\u00e9pression) et les maladies auto-immunes (par exemple, le lupus) dans la recherche m\u00e9dicale.<\/p>\n<p>L'identification des SNP permet \u00e9galement d'adapter le traitement aux caract\u00e9ristiques g\u00e9n\u00e9tiques individuelles d'une personne.<\/p>\n<p><strong>FTO (g\u00e8ne associ\u00e9 \u00e0 la masse graisseuse et \u00e0 l'ob\u00e9sit\u00e9)<\/strong><br \/>Le g\u00e8ne FTO influence la r\u00e9gulation du poids corporel et l'accumulation de graisse. Il joue un r\u00f4le dans le contr\u00f4le de l'app\u00e9tit et de l'\u00e9quilibre \u00e9nerg\u00e9tique en r\u00e9gulant la d\u00e9pense \u00e9nerg\u00e9tique et la sensation de faim.<\/p>\n<p><strong>2. MTHFR (m\u00e9thyl\u00e8ne t\u00e9trahydrofolate r\u00e9ductase)<\/strong><br \/>Le SNP MTHFR (m\u00e9thyl\u00e8ne t\u00e9trahydrofolate r\u00e9ductase) fait r\u00e9f\u00e9rence \u00e0 des variantes g\u00e9n\u00e9tiques du g\u00e8ne MTHFR, qui est responsable de la production d'une enzyme appel\u00e9e m\u00e9thyl\u00e8ne t\u00e9trahydrofolate r\u00e9ductase. Cette enzyme joue un r\u00f4le central dans le m\u00e9tabolisme du folate (vitamine B9), qui est n\u00e9cessaire \u00e0 des processus tels que la division cellulaire, la r\u00e9paration de l'ADN et la production de mol\u00e9cules importantes dans l'organisme. Elle est \u00e9galement cruciale pour la conversion de l'homocyst\u00e9ine en m\u00e9thionine, un acide amin\u00e9 important pour la synth\u00e8se des prot\u00e9ines et la protection des cellules.<\/p>\n<p><strong>3. FADS1 (d\u00e9saturase des acides gras 1)<\/strong><br \/>Le g\u00e8ne FADS1 code une enzyme qui permet la conversion des acides gras om\u00e9ga-3 et om\u00e9ga-6 en leurs formes actives (EPA et DHA). Ces acides gras sont essentiels pour les membranes cellulaires, le cerveau et les processus anti-inflammatoires.<\/p>\n<\/div><\/div>\n<\/div>\n<\/div>\n<\/div>\n\n<div class=\"et_pb_section_3 et_pb_section et_section_regular et_flex_section preset--group--divi-section--divi-background--default\">\n<div class=\"et_pb_row_5 et_pb_row et_flex_row preset--group--divi-row--divi-background--default\">\n<div class=\"et_pb_column_5 et_pb_column et-last-child et_flex_column et_pb_css_mix_blend_mode_passthrough et_flex_column_24_24 et_flex_column_24_24_tablet et_flex_column_24_24_phone preset--group--divi-column--divi-background--default\">\n<div class=\"et_pb_heading_2 et_pb_heading et_pb_module et_flex_module preset--group--divi-heading--divi-background--default\"><div class=\"et_pb_heading_container\"><h2 class=\"et_pb_module_header\">2. Analyse pr\u00e9cise de biomarqueurs \u00e9pig\u00e9n\u00e9tiques sp\u00e9cifiques (microARN)<\/h2><\/div><\/div>\n<\/div>\n<\/div>\n\n<div class=\"et_pb_row_6 et_pb_row et_flex_row preset--group--divi-row--divi-background--default\">\n<div class=\"et_pb_column_6 et_pb_column et-last-child et_flex_column et_pb_css_mix_blend_mode_passthrough et_flex_column_24_24 et_flex_column_24_24_tablet et_flex_column_24_24_phone preset--group--divi-column--divi-background--default\">\n<div class=\"et_pb_image_1 et_pb_image et_pb_module et_flex_module preset--group--divi-image--divi-background--default\"><span class=\"et_pb_image_wrap\"><img loading=\"lazy\" decoding=\"async\" src=\"https:\/\/www.nutagen.com\/wp-content\/uploads\/analyse_03.jpg\" width=\"1920\" height=\"950\" srcset=\"https:\/\/www.nutagen.com\/wp-content\/uploads\/analyse_03.jpg 1920w\" sizes=\"(max-width: 1920px) 100vw, 1920px\" class=\"wp-image-25980223\" \/><\/span><\/div>\n<\/div>\n<\/div>\n\n<div class=\"et_pb_row_7 et_pb_row et_flex_row preset--group--divi-row--divi-background--default\">\n<div class=\"et_pb_column_7 et_pb_column et-last-child et_flex_column et_pb_css_mix_blend_mode_passthrough et_flex_column_24_24 et_flex_column_24_24_tablet et_flex_column_24_24_phone preset--group--divi-column--divi-background--default\">\n<div class=\"et_pb_text_2 et_pb_text et_pb_bg_layout_light et_pb_module et_flex_module preset--group--divi-text--divi-background--default preset--module--divi-text--default\"><div class=\"et_pb_text_inner\"><p>L'analyse de Nutagen se concentre en particulier sur des mol\u00e9cules relativement m\u00e9connues mais extr\u00eamement int\u00e9ressantes, appel\u00e9es microARN ou miARN (micro ribonucl\u00e9ides). Il s'agit de biomarqueurs r\u00e9cemment d\u00e9couverts qui jouent un r\u00f4le cl\u00e9 dans la r\u00e9gulation de processus biologiques tels que la prolif\u00e9ration, la diff\u00e9renciation, le cycle cellulaire et l'apoptose. La d\u00e9couverte et la fonctionnalit\u00e9 de ces mol\u00e9cules ont \u00e9t\u00e9 r\u00e9compens\u00e9es par le  <a href=\"https:\/\/www.nobelprize.org\/prizes\/medicine\/2024\/summary\/\" target=\"_blank\" rel=\"noopener\">prix Nobel de m\u00e9decine <\/a> en 2024.<\/p>\n<\/div><\/div>\n\n<div class=\"et_pb_text_3 et_pb_text et_pb_bg_layout_light et_pb_module et_flex_module preset--group--divi-text--divi-background--default preset--module--divi-text--default\"><div class=\"et_pb_text_inner\"><p>Les miARN se lient \u00e0 l'ARN messager (ARNm) et inhibent ainsi la biosynth\u00e8se des prot\u00e9ines, r\u00e9duisant la quantit\u00e9 de prot\u00e9ines dans la cellule. \u00c0 ce jour, plus de 2 000 miARN ont \u00e9t\u00e9 identifi\u00e9s, r\u00e9gulant environ un tiers de tous les g\u00e8nes codant pour des prot\u00e9ines. Les miARN suivants sont \u00e9valu\u00e9s individuellement \u00e0 l'aide du test de laboratoire :<\/p>\n<ul>\n<li>5 miARN individuels pour \u00e9valuer les niveaux de stress physiologique<\/li>\n<ul>\n<li>Indicateur de stress chronique 2 let7g-5p<\/li>\n<li>Indicateur de r\u00e9gulation de la s\u00e9rotonine microARN-16-5p<\/li>\n<li>Indicateur neuronal microARN-15a-5p<\/li>\n<li>Indicateur activateur du signal immunitaire microARN-106b-5p<\/li>\n<li>Indicateur de protection cellulaire microARN-21-5p<\/li>\n<\/ul>\n<li>3 microARN individuels pour \u00e9valuer le taux de vieillissement et son ralentissement (horloge de long\u00e9vit\u00e9)<\/li>\n<ul>\n<li>microARN-21 (biomarqueur de l'inflammation, du stress cellulaire, des maladies cardiovasculaires et li\u00e9es \u00e0 l'\u00e2ge)<\/li>\n<li>microARN-24 (biomarqueur du stress cellulaire, du vieillissement et des l\u00e9sions cardiovasculaires)<\/li>\n<li>microARN-155 (biomarqueur de l'activation immunitaire, de l'inflammation et des changements immunitaires li\u00e9s \u00e0 l'\u00e2ge)<\/li>\n<\/ul>\n<\/ul>\n<\/div><\/div>\n<\/div>\n<\/div>\n<\/div>\n\n<div class=\"et_pb_section_4 et_pb_section et_section_regular et_flex_section preset--group--divi-section--divi-background--default\">\n<div class=\"et_pb_row_8 et_pb_row et_flex_row preset--group--divi-row--divi-background--default\">\n<div class=\"et_pb_column_8 et_pb_column et-last-child et_flex_column et_pb_css_mix_blend_mode_passthrough et_flex_column_24_24 et_flex_column_24_24_tablet et_flex_column_24_24_phone preset--group--divi-column--divi-background--default\">\n<div class=\"et_pb_heading_3 et_pb_heading et_pb_module et_flex_module preset--group--divi-heading--divi-background--default\"><div class=\"et_pb_heading_container\"><h2 class=\"et_pb_module_header\">3. Mesure de la longueur des t\u00e9lom\u00e8res<\/h2><\/div><\/div>\n<\/div>\n<\/div>\n\n<div class=\"et_pb_row_9 et_pb_row et_flex_row preset--group--divi-row--divi-background--default\">\n<div class=\"et_pb_column_9 et_pb_column et-last-child et_flex_column et_pb_css_mix_blend_mode_passthrough et_flex_column_24_24 et_flex_column_24_24_tablet et_flex_column_24_24_phone preset--group--divi-column--divi-background--default\">\n<div class=\"et_pb_image_2 et_pb_image et_pb_module et_flex_module preset--group--divi-image--divi-background--default\"><span class=\"et_pb_image_wrap\"><img loading=\"lazy\" decoding=\"async\" src=\"https:\/\/www.nutagen.com\/wp-content\/uploads\/analyse_02.jpg\" width=\"1920\" height=\"950\" srcset=\"https:\/\/www.nutagen.com\/wp-content\/uploads\/analyse_02.jpg 1920w\" sizes=\"(max-width: 1920px) 100vw, 1920px\" class=\"wp-image-25980224\" \/><\/span><\/div>\n<\/div>\n<\/div>\n\n<div class=\"et_pb_row_10 et_pb_row et_flex_row preset--group--divi-row--divi-background--default\">\n<div class=\"et_pb_column_10 et_pb_column et-last-child et_flex_column et_pb_css_mix_blend_mode_passthrough et_flex_column_24_24 et_flex_column_24_24_tablet et_flex_column_24_24_phone preset--group--divi-column--divi-background--default\">\n<div class=\"et_pb_text_4 et_pb_text et_pb_bg_layout_light et_pb_module et_flex_module preset--group--divi-text--divi-background--default preset--module--divi-text--default\"><div class=\"et_pb_text_inner\"><p>Un autre \u00e9l\u00e9ment de l'analyse \u00e9pig\u00e9n\u00e9tique de pr\u00e9cision de Nutagen est la mesure de la longueur des t\u00e9lom\u00e8res (diagnostic des t\u00e9lom\u00e8res), qui permet de d\u00e9terminer avec pr\u00e9cision l'\u00e2ge biologique. Les valeurs sont consid\u00e9r\u00e9es comme un indicateur fiable de l'\u00ab usure \u00bb de l'organisme due au stress cellulaire et aux dommages cellulaires. Cela permet d'\u00e9valuer l'\u00e2ge biologique et les performances immunologiques de l'organisme. Le laboratoire \u00e9value m\u00e9ticuleusement la longueur des t\u00e9lom\u00e8res dans le cadre d'un processus sophistiqu\u00e9. Chaque r\u00e9sultat de test est ensuite compar\u00e9 aux donn\u00e9es pertinentes d'une vaste base de donn\u00e9es, qui comprend des informations sur le groupe d'\u00e2ge concern\u00e9. Cela permet de classer la longueur individuelle des t\u00e9lom\u00e8res par rapport aux valeurs cliniques moyennes.<\/p>\n<\/div><\/div>\n<\/div>\n<\/div>\n<\/div>\n\n<div class=\"et_pb_section_5 et_pb_section et_section_regular et_flex_section preset--group--divi-section--divi-background--default\">\n<div class=\"et_pb_row_11 et_pb_row et_flex_row preset--group--divi-row--divi-background--default\">\n<div class=\"et_pb_column_11 et_pb_column et-last-child et_flex_column et_pb_css_mix_blend_mode_passthrough et_flex_column_24_24 et_flex_column_24_24_tablet et_flex_column_24_24_phone preset--group--divi-column--divi-background--default\">\n<div class=\"et_pb_text_5 et_pb_text et_pb_bg_layout_light et_pb_module et_flex_module preset--group--divi-text--divi-background--default preset--module--divi-text--default\"><div class=\"et_pb_text_inner\"><p>La somme de tous les marqueurs d'analyse et l'\u00e9valuation du questionnaire client sont utilis\u00e9es pour cr\u00e9er la formule personnalis\u00e9e d'ingr\u00e9dients actifs Nutagen Nutrigenetics.<\/p>\n<\/div><\/div>\n<\/div>\n<\/div>\n\n<div class=\"et_pb_row_12 et_pb_row et_flex_row preset--group--divi-row--divi-background--default\">\n<div class=\"et_pb_column_12 et_pb_column et-last-child et_flex_column et_pb_css_mix_blend_mode_passthrough et_flex_column_24_24 et_flex_column_24_24_tablet et_flex_column_24_24_phone preset--group--divi-column--divi-background--default\">\n<div class=\"et_pb_text_6 et_pb_text et_pb_bg_layout_light et_pb_module et_flex_module preset--group--divi-text--divi-background--default preset--module--divi-text--default\"><div class=\"et_pb_text_inner\"><p>Il est important de noter que, jusqu'\u00e0 r\u00e9cemment, des diagnostics \u00e9pig\u00e9n\u00e9tiques aussi complexes et pr\u00e9cis ne pouvaient \u00eatre r\u00e9alis\u00e9s qu'\u00e0 partir d'un \u00e9chantillon de sang. Nutagen est le premier fournisseur au monde \u00e0 n'exiger qu'un pr\u00e9l\u00e8vement buccal pour une analyse \u00e9pig\u00e9n\u00e9tique de pr\u00e9cision, apr\u00e8s avoir men\u00e9 \u00e0 bien et \u00e9valu\u00e9 une \u00e9tude de validation (*\u00c9tude de validation HealthBioCare NUTAGEN, octobre 2024). Chaque client peut effectuer cette t\u00e2che de mani\u00e8re ind\u00e9pendante, pratique, s\u00fbre et efficace. Apr\u00e8s l'inscription en ligne, Nutagen envoie au client un kit d'analyse adapt\u00e9, accompagn\u00e9 d'instructions d\u00e9taill\u00e9es et d'une enveloppe de retour.<\/p>\n<\/div><\/div>\n<\/div>\n<\/div>\n<\/div>","protected":false},"excerpt":{"rendered":"","protected":false},"author":1,"featured_media":0,"parent":0,"menu_order":0,"comment_status":"closed","ping_status":"closed","template":"","meta":{"footnotes":""},"class_list":["post-25980989","page","type-page","status-publish","hentry"],"_links":{"self":[{"href":"https:\/\/nutagen.com\/fr\/wp-json\/wp\/v2\/pages\/25980989","targetHints":{"allow":["GET"]}}],"collection":[{"href":"https:\/\/nutagen.com\/fr\/wp-json\/wp\/v2\/pages"}],"about":[{"href":"https:\/\/nutagen.com\/fr\/wp-json\/wp\/v2\/types\/page"}],"author":[{"embeddable":true,"href":"https:\/\/nutagen.com\/fr\/wp-json\/wp\/v2\/users\/1"}],"replies":[{"embeddable":true,"href":"https:\/\/nutagen.com\/fr\/wp-json\/wp\/v2\/comments?post=25980989"}],"version-history":[{"count":3,"href":"https:\/\/nutagen.com\/fr\/wp-json\/wp\/v2\/pages\/25980989\/revisions"}],"predecessor-version":[{"id":25980992,"href":"https:\/\/nutagen.com\/fr\/wp-json\/wp\/v2\/pages\/25980989\/revisions\/25980992"}],"wp:attachment":[{"href":"https:\/\/nutagen.com\/fr\/wp-json\/wp\/v2\/media?parent=25980989"}],"curies":[{"name":"wp","href":"https:\/\/api.w.org\/{rel}","templated":true}]}}