{"id":25981117,"date":"2022-04-28T13:13:23","date_gmt":"2022-04-28T13:13:23","guid":{"rendered":"https:\/\/www.nutagen.com\/data-protection\/"},"modified":"2026-03-04T07:45:28","modified_gmt":"2026-03-04T07:45:28","slug":"proteccion-de-datos","status":"publish","type":"page","link":"https:\/\/nutagen.com\/es\/proteccion-de-datos\/","title":{"rendered":"Protecci\u00f3n de datos"},"content":{"rendered":"<div class=\"et_pb_section_0 et_pb_section et_section_regular et_flex_section preset--group--divi-section--divi-background--default\">\n<div class=\"et_pb_row_0 et_pb_row et_flex_row preset--group--divi-row--divi-background--default\">\n<div class=\"et_pb_column_0 et_pb_column et-last-child et_flex_column et_pb_css_mix_blend_mode_passthrough et_flex_column_24_24 et_flex_column_24_24_tablet et_flex_column_24_24_phone preset--group--divi-column--divi-background--default\">\n<div class=\"et_pb_heading_0 et_pb_heading et_pb_module et_flex_module preset--group--divi-heading--divi-background--default\"><div class=\"et_pb_heading_container\"><h1 class=\"et_pb_module_header\">Protecci\u00f3n de datos<\/h1><\/div><\/div>\n<\/div>\n<\/div>\n<\/div>\n\n<div class=\"et_pb_section_1 et_pb_section et_section_regular et_flex_section preset--group--divi-section--divi-background--default\">\n<div class=\"et_pb_row_1 et_pb_row et_flex_row preset--group--divi-row--divi-background--default\">\n<div class=\"et_pb_column_1 et_pb_column et-last-child et_flex_column et_pb_css_mix_blend_mode_passthrough et_flex_column_24_24 et_flex_column_24_24_tablet et_flex_column_24_24_phone preset--group--divi-column--divi-background--default\">\n<div class=\"et_pb_text_0 et_pb_text et_pb_bg_layout_light et_pb_module et_flex_module preset--group--divi-text--divi-background--default preset--module--divi-text--default\"><div class=\"et_pb_text_inner\"><h2>Acuerdo de protecci\u00f3n de datos para el uso de www.nutagen.com<\/h2>\n<h3>1. Introducci\u00f3n<\/h3>\n<p>TEl presente acuerdo de protecci\u00f3n de datos describe c\u00f3mo NUTAGEN Nutrigenetics GmbH (en lo sucesivo, \u00abnosotros\u00bb, \u00abnos\u00bb o \u00abnuestro\u00bb) recopila, utiliza, almacena y protege sus datos personales en relaci\u00f3n con el uso de nuestro sitio web www.nutagen.com (en lo sucesivo, \u00absitio web\u00bb).<\/p>\n<h3>2. Organismo responsable<\/h3>\n<p><strong>El organismo responsable del tratamiento de datos es:<\/strong><br \/>NUTAGEN Nutrigenetics GmbH<br \/>Firststrasse6<br \/>8835 Feusisberg<br \/>Suiza<br \/><a href=\"mailto:info@nutagen.com\">info@nutagen.com<\/a><\/p>\n<h3>3. Recopilaci\u00f3n y tratamiento<\/h3>\n<p><strong>de datos personales:<\/strong><br \/>Recopilamos y tratamos las siguientes categor\u00edas de datos personales:<br \/>\u2022 Datos t\u00e9cnicos<br \/>\u2022 Direcci\u00f3n IP<br \/>\u2022 Tipo de navegador<br \/>\u2022 Sistema operativo<br \/>\u2022 Fecha y hora de acceso<br \/>\u2022 P\u00e1ginas visitadas<br \/>\u2022 Datos de uso (informaci\u00f3n sobre sus interacciones con el sitio web, como enlaces en los que ha hecho clic, consultas de b\u00fasqueda, duraci\u00f3n de la visita)<\/p>\n<p><strong>Datos de comunicaci\u00f3n:<\/strong><br \/>\u2022 Nombre<br \/>\u2022 Direcci\u00f3n de correo electr\u00f3nico<br \/>\u2022 N\u00famero de tel\u00e9fono<br \/>\u2022 Mensajes (si se pone en contacto con nosotros).<br \/>\u2022 Cookies y tecnolog\u00edas similares: informaci\u00f3n almacenada en su dispositivo mediante cookies y tecnolog\u00edas similares (v\u00e9ase la secci\u00f3n 6).<\/p>\n<h3>4. Finalidades del tratamiento de datos<\/h3>\n<p><strong>Tratamos sus datos personales para los siguientes fines:<br \/><\/strong>\u2022 Suministro y mejora del sitio web<br \/>\u2022 An\u00e1lisis del uso del sitio web y optimizaci\u00f3n de nuestras ofertas<br \/>\u2022 Respuesta a consultas y comunicaci\u00f3n con usted<br \/>\u2022 Env\u00edo de boletines informativos y materiales de marketing (solo con su consentimiento)<br \/>\u2022Cumplimiento de obligaciones legales<\/p>\n<h3>5. Base jur\u00eddica para el tratamiento de datos<\/h3>\n<p><strong>El tratamiento de sus datos personales se basa en los siguientes fundamentos jur\u00eddicos:<\/strong><br \/>\u2022 Su consentimiento (art. 6, apartado 1, letra a) del RGPD)<br \/>\u2022 La ejecuci\u00f3n de un contrato (art. 6, apartado 1, letra b), del RGPD)<br \/>\u2022 Cumplimiento de una obligaci\u00f3n legal (art. 6, apartado 1, letra c), del RGPD)<br \/>\u2022 Nuestros intereses leg\u00edtimos (art. 6, apartado 1, letra f) del RGPD)<\/p>\n<h3>6. Cookies y tecnolog\u00edas similares<\/h3>\n<p>Utilizamos cookies y tecnolog\u00edas similares para analizar su uso del sitio web y mejorar nuestras ofertas. Puede desactivar el uso de cookies en la configuraci\u00f3n de su navegador. Sin embargo, tenga en cuenta que esto puede afectar al funcionamiento del sitio web.<\/p>\n<h3>7. Divulgaci\u00f3n de datos personales<\/h3>\n<p><strong>Solo revelamos sus datos personales a terceros si es necesario para los fines mencionados anteriormente o si usted ha dado su consentimiento. Los destinatarios de sus datos pueden incluir:<\/strong><br \/>\u2022 Proveedores de servicios inform\u00e1ticos que operan nuestros sistemas y aplicaciones<br \/>\u2022 Proveedores de servicios de an\u00e1lisis y marketing<br \/>\u2022 Autoridades y tribunales (en caso de obligaci\u00f3n legal)<\/p>\n<h3>8. Seguridad de los datos<\/h3>\n<p>Tomamos las medidas t\u00e9cnicas y organizativas adecuadas para proteger sus datos personales contra el acceso no autorizado, la p\u00e9rdida o la destrucci\u00f3n.<\/p>\n<h3>9. Almacenamiento de datos personales<\/h3>\n<p>Solo almacenamos sus datos personales durante el tiempo necesario para los fines mencionados anteriormente o seg\u00fan lo exija la ley.<\/p>\n<h3>10. Sus derechos<\/h3>\n<p>Usted tiene los siguientes derechos con respecto a sus datos personales:<br \/>\u2022 Derecho de acceso (art. 15 del RGPD)<br \/>\u2022 Derecho de rectificaci\u00f3n (art. 16 del RGPD)<br \/>\u2022 Derecho de supresi\u00f3n (art. 17 del RGPD)<br \/>\u2022 Derecho a la limitaci\u00f3n del tratamiento (art. 18 del RGPD)<br \/>\u2022 Derecho a la portabilidad de los datos (art. 20 del RGPD)<br \/>\u2022 Derecho de oposici\u00f3n (art. 21 del RGPD)<br \/>\u2022 Derecho a retirar el consentimiento (art. 7, apartado 3, del RGPD)<br \/>\u2022 Derecho a presentar una reclamaci\u00f3n ante una autoridad de control (art. 77 del RGPD)<\/p>\n<h2><\/h2>\n<h2>B) Acuerdo de protecci\u00f3n de datos para an\u00e1lisis epigen\u00e9ticos de laboratorio sobre el estilo de vida<\/h2>\n<h3>1. Introducci\u00f3n<\/h3>\n<p>El presente acuerdo de protecci\u00f3n de datos describe c\u00f3mo NUTAGEN Nutrigenetics GmbH (en lo sucesivo, \u00abnosotros\u00bb, \u00abnos\u00bb o \u00abnuestro\u00bb) recopila, utiliza, almacena y protege sus datos personales en relaci\u00f3n con nuestros an\u00e1lisis epigen\u00e9ticos de estilo de vida en laboratorio.<\/p>\n<h3>2. Organismo responsable<\/h3>\n<p><strong>El organismo responsable del tratamiento de datos es:<\/strong><br \/>NUTAGEN Nutrigenetics GmbH<br \/>Firststrasse6<br \/>8835 Feusisberg<br \/>Suiza<br \/><a href=\"mailto:info@nutagen.com\">info@nutagen.com<\/a><\/p>\n<h3>3. Recopilaci\u00f3n y tratamiento de datos personales<\/h3>\n<p><strong>Recopilamos y tratamos las siguientes categor\u00edas de datos personales:<\/strong><br \/>\u2022 Datos gen\u00e9ticos: su muestra de saliva y la informaci\u00f3n (epi)gen\u00e9tica resultante.<br \/>\u2022 Datos de identificaci\u00f3n: nombre, fecha de nacimiento, sexo, datos de contacto.<br \/>\u2022 Datos de salud: informaci\u00f3n sobre su salud, estilo de vida e historial m\u00e9dico (si lo ha facilitado).<br \/>\u2022 Datos de uso: informaci\u00f3n sobre c\u00f3mo utiliza nuestros servicios, incluidas sus interacciones con nuestro sitio web e informes.<\/p>\n<h3>4. Finalidades del tratamiento de datos<\/h3>\n<p><strong>Tratamos sus datos personales para los siguientes fines:<\/strong><br \/>\u2022 Realizar pruebas gen\u00e9ticas de estilo de vida y generar informes.<br \/>\u2022 Proporcionar recomendaciones e informaci\u00f3n personalizadas.<br \/>\u2022 Mejorar nuestros productos y servicios.<br \/>\u2022 Cumplir con las obligaciones legales.<br \/>\u2022 Investigaci\u00f3n y desarrollo (solo con su consentimiento expreso).<\/p>\n<h3>5. Base jur\u00eddica para el tratamiento de datos<\/h3>\n<p><strong>El tratamiento de sus datos personales se basa en los siguientes fundamentos jur\u00eddicos:<br \/><\/strong>\u2022 Su consentimiento (art. 6, apartado 1, letra a) del RGPD).<br \/>\u2022 La ejecuci\u00f3n de un contrato (art. 6, apartado 1, letra b), del RGPD).<br \/>\u2022 El cumplimiento de una obligaci\u00f3n legal (art. 6, apartado 1, letra c), del RGPD).<br \/>\u2022 Nuestros intereses leg\u00edtimos (art. 6, apartado 1, letra f) del RGPD).<\/p>\n<h3>6. Divulgaci\u00f3n de datos personales<\/h3>\n<p><strong>Solo revelamos sus datos personales a terceros si es necesario para los fines mencionados anteriormente o si usted ha dado su consentimiento. Los destinatarios de sus datos pueden incluir:<br \/>\u2022 Laboratorios y proveedores de servicios que, como socios contractuales nuestros, realizan an\u00e1lisis de laboratorio y elaboran informes.<br \/>\u2022 Proveedores de servicios inform\u00e1ticos que operan nuestros sistemas y aplicaciones.<br \/>\u2022 Instituciones de investigaci\u00f3n (solo con su consentimiento expreso).<\/p>\n<h3>7. Seguridad de los datos<\/h3>\n<p>Tomamos las medidas t\u00e9cnicas y organizativas adecuadas para proteger sus datos personales contra el acceso no autorizado, la p\u00e9rdida o la destrucci\u00f3n.<\/p>\n<h3>8. Almacenamiento de datos personales<\/h3>\n<p>Solo almacenamos sus datos personales durante el tiempo necesario para los fines mencionados anteriormente o seg\u00fan lo exija la ley.<\/p>\n<h3>9. Sus derechos<\/h3>\n<p><strong>Usted tiene los siguientes derechos con respecto a sus datos personales:<\/strong><br \/>\u2022 Derecho de acceso (art. 15 del RGPD)<br \/>\u2022 Derecho de rectificaci\u00f3n (art. 16 del RGPD)<br \/>\u2022 Derecho de supresi\u00f3n (art. 17 del RGPD)<br \/>\u2022 Derecho a la limitaci\u00f3n del tratamiento (art. 18 del RGPD)<br \/>\u2022 Derecho a la portabilidad de los datos (art. 20 del RGPD)<br \/>\u2022 Derecho de oposici\u00f3n (art. 21 del RGPD)<br \/>\u2022 Derecho a retirar el consentimiento (art. 7, apartado 3, del RGPD)<br \/>\u2022 Derecho a presentar una reclamaci\u00f3n ante una autoridad de control (art. 77 del RGPD)<\/p>\n<h3>10. Cambios en esta Pol\u00edtica de privacidad<\/h3>\n<p>Podemos actualizar esta Pol\u00edtica de privacidad de vez en cuando. Le notificaremos cualquier cambio significativo.<\/p>\n<h3>11. Contacto<\/h3>\n<p>Si tiene alguna pregunta sobre esta Pol\u00edtica de privacidad o sobre el tratamiento de sus datos personales, p\u00f3ngase en contacto con nosotros utilizando los datos de contacto indicados anteriormente.<\/p>\n<\/div><\/div>\n<\/div>\n<\/div>\n<\/div>","protected":false},"excerpt":{"rendered":"","protected":false},"author":1,"featured_media":0,"parent":0,"menu_order":0,"comment_status":"closed","ping_status":"closed","template":"","meta":{"footnotes":""},"class_list":["post-25981117","page","type-page","status-publish","hentry"],"_links":{"self":[{"href":"https:\/\/nutagen.com\/es\/wp-json\/wp\/v2\/pages\/25981117","targetHints":{"allow":["GET"]}}],"collection":[{"href":"https:\/\/nutagen.com\/es\/wp-json\/wp\/v2\/pages"}],"about":[{"href":"https:\/\/nutagen.com\/es\/wp-json\/wp\/v2\/types\/page"}],"author":[{"embeddable":true,"href":"https:\/\/nutagen.com\/es\/wp-json\/wp\/v2\/users\/1"}],"replies":[{"embeddable":true,"href":"https:\/\/nutagen.com\/es\/wp-json\/wp\/v2\/comments?post=25981117"}],"version-history":[{"count":4,"href":"https:\/\/nutagen.com\/es\/wp-json\/wp\/v2\/pages\/25981117\/revisions"}],"predecessor-version":[{"id":25981121,"href":"https:\/\/nutagen.com\/es\/wp-json\/wp\/v2\/pages\/25981117\/revisions\/25981121"}],"wp:attachment":[{"href":"https:\/\/nutagen.com\/es\/wp-json\/wp\/v2\/media?parent=25981117"}],"curies":[{"name":"wp","href":"https:\/\/api.w.org\/{rel}","templated":true}]}}