{"id":25981112,"date":"2022-04-28T13:12:22","date_gmt":"2022-04-28T13:12:22","guid":{"rendered":"https:\/\/www.nutagen.com\/imprint\/"},"modified":"2026-03-03T15:17:23","modified_gmt":"2026-03-03T15:17:23","slug":"aviso-legal","status":"publish","type":"page","link":"https:\/\/nutagen.com\/es\/aviso-legal\/","title":{"rendered":"Aviso legal"},"content":{"rendered":"<div class=\"et_pb_section_0 et_pb_section et_section_regular et_flex_section preset--group--divi-section--divi-background--default\">\n<div class=\"et_pb_row_0 et_pb_row et_flex_row preset--group--divi-row--divi-background--default\">\n<div class=\"et_pb_column_0 et_pb_column et-last-child et_flex_column et_pb_css_mix_blend_mode_passthrough et_flex_column_24_24 et_flex_column_24_24_tablet et_flex_column_24_24_phone preset--group--divi-column--divi-background--default\">\n<div class=\"et_pb_heading_0 et_pb_heading et_pb_module et_flex_module preset--group--divi-heading--divi-background--default\"><div class=\"et_pb_heading_container\"><h1 class=\"et_pb_module_header\">Aviso legal<\/h1><\/div><\/div>\n<\/div>\n<\/div>\n<\/div>\n\n<div class=\"et_pb_section_1 et_pb_section et_section_regular et_flex_section preset--group--divi-section--divi-background--default\">\n<div class=\"et_pb_row_1 et_pb_row et_flex_row preset--group--divi-row--divi-background--default\">\n<div class=\"et_pb_column_1 et_pb_column et-last-child et_flex_column et_pb_css_mix_blend_mode_passthrough et_flex_column_24_24 et_flex_column_24_24_tablet et_flex_column_24_24_phone preset--group--divi-column--divi-background--default\">\n<div class=\"et_pb_text_0 et_pb_text et_pb_bg_layout_light et_pb_module et_flex_module preset--group--divi-text--divi-background--default preset--module--divi-text--default\"><div class=\"et_pb_text_inner\"><p><strong>Informaci\u00f3n conforme al art. 3, apartado 1, letra s, de la UWG<\/strong><\/p>\n<p>NUTAGEN Nutrigenetics GmbH<br \/>Firststrasse 6<br \/>8835 Feusisberg<br \/>Suiza<br \/><a href=\"mailto:info@nutagen.com\">info@nutagen.com<\/a><\/p>\n<p><strong><\/strong><\/p>\n<p><strong>Representante(s) autorizado(s)::<\/strong><\/p>\n<p>Veronika Jaksch, directora general<\/p>\n<p>&nbsp;<\/p>\n<p><strong>Inscripci\u00f3n en el registro mercantil:<\/strong><\/p>\n<p>N\u00famero de registro mercantil: CH-130.4.034.469-3<br \/>Oficina del Registro Mercantil: Schwyz<br \/>N\u00famero de identificaci\u00f3n fiscal<br \/>CHE-253.505.311<\/p>\n<p><strong><\/strong><\/p>\n<p><strong>Exenci\u00f3n de responsabilidad<\/strong><\/p>\n<p><em>Responsabilidad por el contenido<\/em><br \/>Como proveedor de servicios, somos responsables de nuestros propios contenidos en estas p\u00e1ginas, de conformidad con el art\u00edculo 3, apartado 1, letra s) de la UWG. Sin embargo, no estamos obligados a supervisar la informaci\u00f3n transmitida o almacenada por terceros ni a investigar circunstancias que indiquen una actividad ilegal.<br \/>\nLas obligaciones de eliminar o bloquear el uso de la informaci\u00f3n de conformidad con las leyes generales no se ven afectadas por ello. No obstante, la responsabilidad a este respecto solo es posible a partir del momento en que tengamos conocimiento de una infracci\u00f3n legal concreta.<br \/>\nSi tenemos conocimiento de tales infracciones legales, eliminaremos este contenido inmediatamente.<\/p>\n<p><em>Responsabilidad por los enlaces<\/em><br \/>Nuestro sitio web contiene enlaces a sitios web externos de terceros sobre cuyo contenido no tenemos ninguna influencia. Por lo tanto, no podemos aceptar ninguna responsabilidad por este contenido de terceros. El proveedor u operador respectivo de las p\u00e1ginas enlazadas es siempre responsable de su contenido.<\/p>\n<p>Las p\u00e1ginas enlazadas fueron revisadas en busca de posibles infracciones legales en el momento de establecer el enlace. En ese momento no se detect\u00f3 ning\u00fan contenido ilegal. Sin embargo, no es razonable supervisar permanentemente el contenido de las p\u00e1ginas enlazadas sin indicios concretos de una infracci\u00f3n legal. Si tenemos conocimiento de alguna infracci\u00f3n legal, eliminaremos dichos enlaces inmediatamente.<\/p>\n<p><strong><\/strong><\/p>\n<p><strong>Derechos de autor<\/strong><\/p>\n<p>El contenido y las obras de estas p\u00e1ginas creadas por los operadores del sitio est\u00e1n sujetos a la ley suiza de derechos de autor. La reproducci\u00f3n, edici\u00f3n, distribuci\u00f3n y cualquier tipo de uso fuera de los l\u00edmites de la ley de derechos de autor requieren el consentimiento por escrito del autor o creador respectivo. Las descargas y copias de este sitio solo est\u00e1n permitidas para uso privado y no comercial.<\/p>\n<p>En la medida en que el contenido de este sitio web no haya sido creado por el operador, se respetan los derechos de autor de terceros. En particular, los contenidos de terceros se identifican como tales. No obstante, si tiene conocimiento de alguna infracci\u00f3n de los derechos de autor, le rogamos que nos lo comunique. Tan pronto como tengamos conocimiento de cualquier infracci\u00f3n, eliminaremos dicho contenido inmediatamente.<\/p>\n<p>La marca denominativa\/figurativa \u00abNUTAGEN\u00bb est\u00e1 registrada en el Instituto Federal Suizo de Propiedad Intelectual con el n\u00famero de marca 802515. La \u00abcaja de 90 d\u00edas\u00bb de NUTAGEN Nutrigenetics est\u00e1 registrada en el Instituto Federal Suizo de Propiedad Intelectual con el n\u00famero de dise\u00f1o 148444.<\/p>\n<\/div><\/div>\n<\/div>\n<\/div>\n<\/div>","protected":false},"excerpt":{"rendered":"","protected":false},"author":1,"featured_media":0,"parent":0,"menu_order":0,"comment_status":"closed","ping_status":"closed","template":"","meta":{"footnotes":""},"class_list":["post-25981112","page","type-page","status-publish","hentry"],"_links":{"self":[{"href":"https:\/\/nutagen.com\/es\/wp-json\/wp\/v2\/pages\/25981112","targetHints":{"allow":["GET"]}}],"collection":[{"href":"https:\/\/nutagen.com\/es\/wp-json\/wp\/v2\/pages"}],"about":[{"href":"https:\/\/nutagen.com\/es\/wp-json\/wp\/v2\/types\/page"}],"author":[{"embeddable":true,"href":"https:\/\/nutagen.com\/es\/wp-json\/wp\/v2\/users\/1"}],"replies":[{"embeddable":true,"href":"https:\/\/nutagen.com\/es\/wp-json\/wp\/v2\/comments?post=25981112"}],"version-history":[{"count":3,"href":"https:\/\/nutagen.com\/es\/wp-json\/wp\/v2\/pages\/25981112\/revisions"}],"predecessor-version":[{"id":25981115,"href":"https:\/\/nutagen.com\/es\/wp-json\/wp\/v2\/pages\/25981112\/revisions\/25981115"}],"wp:attachment":[{"href":"https:\/\/nutagen.com\/es\/wp-json\/wp\/v2\/media?parent=25981112"}],"curies":[{"name":"wp","href":"https:\/\/api.w.org\/{rel}","templated":true}]}}