{"id":25981094,"date":"2025-12-10T09:19:58","date_gmt":"2025-12-10T09:19:58","guid":{"rendered":"https:\/\/www.nutagen.com\/the-report-in-detail\/"},"modified":"2026-03-03T14:32:02","modified_gmt":"2026-03-03T14:32:02","slug":"el-informe-en-detalle","status":"publish","type":"page","link":"https:\/\/nutagen.com\/es\/el-informe-en-detalle\/","title":{"rendered":"El informe en detalle"},"content":{"rendered":"<div class=\"et_pb_section_0 et_pb_section et_section_regular et_flex_section preset--group--divi-section--divi-background--default\">\n<div class=\"et_pb_row_0 et_pb_row et_flex_row preset--group--divi-row--divi-background--default\">\n<div class=\"et_pb_column_0 et_pb_column et-last-child et_flex_column et_pb_css_mix_blend_mode_passthrough et_flex_column_24_24 et_flex_column_24_24_tablet et_flex_column_24_24_phone preset--group--divi-column--divi-background--default\">\n<div class=\"et_pb_heading_0 et_pb_heading et_pb_module et_flex_module preset--group--divi-heading--divi-background--default\"><div class=\"et_pb_heading_container\"><h1 class=\"et_pb_module_header\">El informe en detalle<\/h1><\/div><\/div>\n<\/div>\n<\/div>\n<\/div>\n\n<div class=\"et_pb_section_1 et_pb_section et_section_regular et_flex_section preset--group--divi-section--divi-background--default\">\n<div class=\"et_pb_row_1 et_pb_row et_flex_row preset--group--divi-row--divi-background--default\">\n<div class=\"et_pb_column_1 et_pb_column et_flex_column et_pb_css_mix_blend_mode_passthrough et_flex_column_3_5 et_flex_column_3_5_tablet et_flex_column_24_24_phone preset--group--divi-column--divi-background--default\">\n<div class=\"et_pb_text_0 et_pb_text et_pb_bg_layout_light et_pb_module et_flex_module preset--group--divi-text--divi-background--default preset--module--divi-text--default\"><div class=\"et_pb_text_inner\"><p><strong>El informe para clientes de NUTAGEN est\u00e1 dise\u00f1ado para presentar los resultados de su an\u00e1lisis epigen\u00e9tico de forma clara y concisa. Tambi\u00e9n debe entenderse como un compendio completo de informaci\u00f3n y aprendizaje.<\/strong><\/p>\n<p>Numerosos cap\u00edtulos abordan todos los temas y par\u00e1metros relevantes que se tuvieron en cuenta durante el desarrollo, la implementaci\u00f3n y la producci\u00f3n del concepto de nutrigen\u00e9tica NUTAGEN. El texto est\u00e1 escrito en un lenguaje claro y accesible, lo que garantiza que incluso los no especialistas puedan comprender las complejidades y las implicaciones de este enfoque novedoso y revolucionario en el campo de los suplementos nutricionales.<\/p>\n<\/div><\/div>\n\n<div class=\"et_pb_group_0 et_pb_group et-last-child et_pb_module et_flex_group et_pb_css_mix_blend_mode_passthrough preset--group--divi-group--divi-background--default\">\n<div class=\"et_pb_row_2 et_pb_row et_pb_row_nested et_flex_row preset--group--divi-row--divi-background--default\">\n<div class=\"et_pb_column_2 et_pb_column et-last-child et_flex_column et_pb_css_mix_blend_mode_passthrough et_flex_column_24_24 et_flex_column_24_24_tablet et_flex_column_24_24_phone preset--group--divi-column--divi-background--default\">\n<div class=\"et_pb_heading_1 et_pb_heading et_pb_module et_flex_module preset--group--divi-heading--divi-background--default\"><div class=\"et_pb_heading_container\"><h3 class=\"et_pb_module_header\">Ejemplos<\/h3><\/div><\/div>\n<\/div>\n<\/div>\n\n<div class=\"et_pb_row_3 et_pb_row et_pb_row_nested et_flex_row preset--group--divi-row--divi-background--default\">\n<div class=\"et_pb_column_3 et_pb_column et_flex_column et_pb_css_mix_blend_mode_passthrough et_flex_column_6_24 et_flex_column_12_24_tablet et_flex_column_24_24_phone preset--group--divi-column--divi-background--default\">\n<div class=\"et_pb_image_0 et_pb_image et-interaction-target-tjdxf6tgef et_pb_module et_flex_module preset--group--divi-image--divi-background--default\" data-interaction-trigger=\"sckmjqm74b\" data-interaction-target=\"tjdxf6tgef\"><a href=\"https:\/\/www.nutagen.com\/wp-content\/uploads\/report_5_en.jpg\" class=\"et_pb_lightbox_image\"><span class=\"et_pb_image_wrap\"><img loading=\"lazy\" decoding=\"async\" src=\"https:\/\/www.nutagen.com\/wp-content\/uploads\/report_5_en.jpg\" title=\"report_5_en\" width=\"595\" height=\"842\" srcset=\"https:\/\/www.nutagen.com\/wp-content\/uploads\/report_5_en.jpg 595w\" sizes=\"(max-width: 595px) 100vw, 595px\" class=\"wp-image-25980693\" \/><\/span><\/a><\/div>\n<\/div>\n\n<div class=\"et_pb_column_4 et_pb_column et_flex_column et_pb_css_mix_blend_mode_passthrough et_flex_column_6_24 et_flex_column_12_24_tablet et_flex_column_24_24_phone preset--group--divi-column--divi-background--default\">\n<div class=\"et_pb_image_1 et_pb_image et-interaction-target-ykcj60sus8 et_pb_module et_flex_module preset--group--divi-image--divi-background--default\" data-interaction-trigger=\"mg5pt9etse\" data-interaction-target=\"ykcj60sus8\"><a href=\"https:\/\/www.nutagen.com\/wp-content\/uploads\/report_13_en.jpg\" class=\"et_pb_lightbox_image\"><span class=\"et_pb_image_wrap\"><img loading=\"lazy\" decoding=\"async\" src=\"https:\/\/www.nutagen.com\/wp-content\/uploads\/report_13_en.jpg\" title=\"report_13_en\" width=\"595\" height=\"842\" srcset=\"https:\/\/www.nutagen.com\/wp-content\/uploads\/report_13_en.jpg 595w\" sizes=\"(max-width: 595px) 100vw, 595px\" class=\"wp-image-25980695\" \/><\/span><\/a><\/div>\n<\/div>\n\n<div class=\"et_pb_column_5 et_pb_column et_flex_column et_pb_css_mix_blend_mode_passthrough et_flex_column_6_24 et_flex_column_12_24_tablet et_flex_column_24_24_phone preset--group--divi-column--divi-background--default\">\n<div class=\"et_pb_image_2 et_pb_image et-interaction-target-d9hqjdg4ki et_pb_module et_flex_module preset--group--divi-image--divi-background--default\" data-interaction-trigger=\"amcvgg3r8e\" data-interaction-target=\"d9hqjdg4ki\"><a href=\"https:\/\/www.nutagen.com\/wp-content\/uploads\/report_24_en.jpg\" class=\"et_pb_lightbox_image\"><span class=\"et_pb_image_wrap\"><img loading=\"lazy\" decoding=\"async\" src=\"https:\/\/www.nutagen.com\/wp-content\/uploads\/report_24_en.jpg\" title=\"report_24_en\" width=\"595\" height=\"842\" srcset=\"https:\/\/www.nutagen.com\/wp-content\/uploads\/report_24_en.jpg 595w\" sizes=\"(max-width: 595px) 100vw, 595px\" class=\"wp-image-25980697\" \/><\/span><\/a><\/div>\n<\/div>\n\n<div class=\"et_pb_column_6 et_pb_column et-last-child et_flex_column et_pb_css_mix_blend_mode_passthrough et_flex_column_6_24 et_flex_column_12_24_tablet et_flex_column_24_24_phone preset--group--divi-column--divi-background--default\">\n<div class=\"et_pb_image_3 et_pb_image et-interaction-target-xmbxhq5rb1 et_pb_module et_flex_module preset--group--divi-image--divi-background--default\" data-interaction-trigger=\"06p1onit8l\" data-interaction-target=\"xmbxhq5rb1\"><a href=\"https:\/\/www.nutagen.com\/wp-content\/uploads\/report_34_en.jpg\" class=\"et_pb_lightbox_image\"><span class=\"et_pb_image_wrap\"><img loading=\"lazy\" decoding=\"async\" src=\"https:\/\/www.nutagen.com\/wp-content\/uploads\/report_34_en.jpg\" title=\"report_34_en\" width=\"595\" height=\"842\" srcset=\"https:\/\/www.nutagen.com\/wp-content\/uploads\/report_34_en.jpg 595w\" sizes=\"(max-width: 595px) 100vw, 595px\" class=\"wp-image-25980699\" \/><\/span><\/a><\/div>\n<\/div>\n<\/div>\n\n<div class=\"et_pb_row_4 et_pb_row et_pb_row_nested et_flex_row preset--group--divi-row--divi-background--default\">\n<div class=\"et_pb_column_7 et_pb_column et-last-child et_flex_column et_pb_css_mix_blend_mode_passthrough et_flex_column_24_24 et_flex_column_24_24_tablet et_flex_column_24_24_phone preset--group--divi-column--divi-background--default\">\n<div class=\"et_pb_gallery_0 et_pb_gallery et_pb_bg_layout_light et_pb_gallery_grid et_pb_module preset--group--divi-gallery--divi-background--default\" data-auto-rotate=\"off\" data-auto-rotate-speed=\"\"><div class=\"et_pb_gallery_items et_post_gallery clearfix et_grid_module\" data-per_page=\"4\"><div class=\"et_pb_gallery_item et_pb_grid_item et_pb_gallery_item_0_0\"><div class=\"et_pb_gallery_image landscape\" data-per_page=\"4\"><a href=\"https:\/\/www.nutagen.com\/wp-content\/uploads\/report_5_en.jpg\" title=\"report_5_en\"><img loading=\"lazy\" decoding=\"async\" width=\"595\" height=\"842\" src=\"https:\/\/www.nutagen.com\/wp-content\/uploads\/report_5_en.jpg\" alt=\"\" class=\"wp-image-25980829\" srcset=\"https:\/\/www.nutagen.com\/wp-content\/uploads\/report_5_en.jpg 479w, https:\/\/www.nutagen.com\/wp-content\/uploads\/report_5_en.jpg 480w\" sizes=\"(max-width:479px) 479px, 100vw\" \/><span class=\"et_overlay\" data-icon=\"\" data-icon-tablet=\"\" data-icon-phone=\"\"><\/span><\/a><\/div><\/div><div class=\"et_pb_gallery_item et_pb_grid_item et_pb_gallery_item_0_1\"><div class=\"et_pb_gallery_image landscape\" data-per_page=\"4\"><a href=\"https:\/\/www.nutagen.com\/wp-content\/uploads\/report_13_en.jpg\" title=\"report_13_en\"><img loading=\"lazy\" decoding=\"async\" width=\"595\" height=\"842\" src=\"https:\/\/www.nutagen.com\/wp-content\/uploads\/report_13_en.jpg\" alt=\"\" class=\"wp-image-25980833\" srcset=\"https:\/\/www.nutagen.com\/wp-content\/uploads\/report_13_en.jpg 479w, https:\/\/www.nutagen.com\/wp-content\/uploads\/report_13_en.jpg 480w\" sizes=\"(max-width:479px) 479px, 100vw\" \/><span class=\"et_overlay\" data-icon=\"\" data-icon-tablet=\"\" data-icon-phone=\"\"><\/span><\/a><\/div><\/div><div class=\"et_pb_gallery_item et_pb_grid_item et_pb_gallery_item_0_2\"><div class=\"et_pb_gallery_image landscape\" data-per_page=\"4\"><a href=\"https:\/\/www.nutagen.com\/wp-content\/uploads\/report_24_en.jpg\" title=\"report_24_en\"><img loading=\"lazy\" decoding=\"async\" width=\"595\" height=\"842\" src=\"https:\/\/www.nutagen.com\/wp-content\/uploads\/report_24_en.jpg\" alt=\"\" class=\"wp-image-25980837\" srcset=\"https:\/\/www.nutagen.com\/wp-content\/uploads\/report_24_en.jpg 479w, https:\/\/www.nutagen.com\/wp-content\/uploads\/report_24_en.jpg 480w\" sizes=\"(max-width:479px) 479px, 100vw\" \/><span class=\"et_overlay\" data-icon=\"\" data-icon-tablet=\"\" data-icon-phone=\"\"><\/span><\/a><\/div><\/div><div class=\"et_pb_gallery_item et_pb_grid_item et_pb_gallery_item_0_3\"><div class=\"et_pb_gallery_image landscape\" data-per_page=\"4\"><a href=\"https:\/\/www.nutagen.com\/wp-content\/uploads\/report_34_en.jpg\" title=\"report_34_en\"><img loading=\"lazy\" decoding=\"async\" width=\"595\" height=\"842\" src=\"https:\/\/www.nutagen.com\/wp-content\/uploads\/report_34_en.jpg\" alt=\"\" class=\"wp-image-25980841\" srcset=\"https:\/\/www.nutagen.com\/wp-content\/uploads\/report_34_en.jpg 479w, https:\/\/www.nutagen.com\/wp-content\/uploads\/report_34_en.jpg 480w\" sizes=\"(max-width:479px) 479px, 100vw\" \/><span class=\"et_overlay\" data-icon=\"\" data-icon-tablet=\"\" data-icon-phone=\"\"><\/span><\/a><\/div><\/div><\/div><\/div>\n<\/div>\n<\/div>\n<\/div>\n<\/div>\n\n<div class=\"et_pb_column_8 et_pb_column et-last-child et_flex_column et_pb_css_mix_blend_mode_passthrough et_flex_column_2_5 et_flex_column_2_5_tablet et_flex_column_24_24_phone preset--group--divi-column--divi-background--default\">\n<div class=\"et_pb_image_4 et_pb_image et_pb_module et_flex_module preset--group--divi-image--divi-background--default\"><span class=\"et_pb_image_wrap\"><img loading=\"lazy\" decoding=\"async\" src=\"https:\/\/www.nutagen.com\/wp-content\/uploads\/report_en_w.jpg\" title=\"report_en_w\" width=\"800\" height=\"800\" srcset=\"https:\/\/www.nutagen.com\/wp-content\/uploads\/report_en_w.jpg 800w\" sizes=\"(max-width: 800px) 100vw, 800px\" class=\"wp-image-25980700\" \/><\/span><\/div>\n<\/div>\n<\/div>\n<\/div>","protected":false},"excerpt":{"rendered":"","protected":false},"author":1,"featured_media":0,"parent":0,"menu_order":0,"comment_status":"closed","ping_status":"closed","template":"","meta":{"footnotes":""},"class_list":["post-25981094","page","type-page","status-publish","hentry"],"_links":{"self":[{"href":"https:\/\/nutagen.com\/es\/wp-json\/wp\/v2\/pages\/25981094","targetHints":{"allow":["GET"]}}],"collection":[{"href":"https:\/\/nutagen.com\/es\/wp-json\/wp\/v2\/pages"}],"about":[{"href":"https:\/\/nutagen.com\/es\/wp-json\/wp\/v2\/types\/page"}],"author":[{"embeddable":true,"href":"https:\/\/nutagen.com\/es\/wp-json\/wp\/v2\/users\/1"}],"replies":[{"embeddable":true,"href":"https:\/\/nutagen.com\/es\/wp-json\/wp\/v2\/comments?post=25981094"}],"version-history":[{"count":4,"href":"https:\/\/nutagen.com\/es\/wp-json\/wp\/v2\/pages\/25981094\/revisions"}],"predecessor-version":[{"id":25981107,"href":"https:\/\/nutagen.com\/es\/wp-json\/wp\/v2\/pages\/25981094\/revisions\/25981107"}],"wp:attachment":[{"href":"https:\/\/nutagen.com\/es\/wp-json\/wp\/v2\/media?parent=25981094"}],"curies":[{"name":"wp","href":"https:\/\/api.w.org\/{rel}","templated":true}]}}