{"id":25981089,"date":"2025-11-27T13:20:57","date_gmt":"2025-11-27T13:20:57","guid":{"rendered":"https:\/\/www.nutagen.com\/detailed-evaluation\/"},"modified":"2026-03-03T14:30:20","modified_gmt":"2026-03-03T14:30:20","slug":"evaluacion-detallada","status":"publish","type":"page","link":"https:\/\/nutagen.com\/es\/evaluacion-detallada\/","title":{"rendered":"Evaluaci\u00f3n detallada"},"content":{"rendered":"<div class=\"et_pb_section_0 et_pb_section et_section_regular et_flex_section preset--group--divi-section--divi-background--default\">\n<div class=\"et_pb_row_0 et_pb_row et_flex_row preset--group--divi-row--divi-background--default\">\n<div class=\"et_pb_column_0 et_pb_column et-last-child et_flex_column et_pb_css_mix_blend_mode_passthrough et_flex_column_24_24 et_flex_column_24_24_tablet et_flex_column_24_24_phone preset--group--divi-column--divi-background--default\">\n<div class=\"et_pb_heading_0 et_pb_heading et_pb_module et_flex_module preset--group--divi-heading--divi-background--default\"><div class=\"et_pb_heading_container\"><h1 class=\"et_pb_module_header\">Evaluaci\u00f3n detallada<\/h1><\/div><\/div>\n<\/div>\n<\/div>\n<\/div>\n\n<div class=\"et_pb_section_1 et_pb_section et_section_regular et_flex_section preset--group--divi-section--divi-background--default\">\n<div class=\"et_pb_row_1 et_pb_row et_flex_row preset--group--divi-row--divi-background--default\">\n<div class=\"et_pb_column_1 et_pb_column et-last-child et_flex_column et_pb_css_mix_blend_mode_passthrough et_flex_column_24_24 et_flex_column_24_24_tablet et_flex_column_24_24_phone preset--group--divi-column--divi-background--default\">\n<div class=\"et_pb_text_0 et_pb_text et_pb_bg_layout_light et_pb_module et_flex_module preset--group--divi-text--divi-background--default preset--module--divi-text--default\"><div class=\"et_pb_text_inner\"><p>Nutagen Nutrigenetics utiliza datos de referencia mucho m\u00e1s completos y precisos para determinar la intervenci\u00f3n que los productos personalizados de la competencia. Los proveedores actuales solo analizan SNP (polimorfismos de un solo nucle\u00f3tido) est\u00e1ticos y econ\u00f3micos, junto con la evaluaci\u00f3n de un cuestionario del cliente, para desarrollar sus productos. Estas pruebas gen\u00e9ticas no permiten una evaluaci\u00f3n concluyente de la respuesta epigen\u00e9tica del individuo.<\/p>\n<p>Nutagen va un paso m\u00e1s all\u00e1 y analiza principalmente una selecci\u00f3n significativa de factores epigen\u00e9ticos. Solo la combinaci\u00f3n de datos b\u00e1sicos seleccionados con un an\u00e1lisis preciso de la \u00abdesviaci\u00f3n epigen\u00e9tica = din\u00e1mica\u00bb de un plano individual revela qu\u00e9 genes pueden reactivarse\/desactivarse y\/o repararse con qu\u00e9 fitonutrientes. Este panel hol\u00edstico se basa en las \u00faltimas investigaciones cient\u00edficas y ha sido ampliamente validado (*Estudio de validaci\u00f3n de HealthBioCare NUTAGEN, octubre de 2024).<\/p>\n<\/div><\/div>\n<\/div>\n<\/div>\n<\/div>\n\n<div class=\"et_pb_section_2 et_pb_section et_section_regular et_flex_section preset--group--divi-section--divi-background--default\">\n<div class=\"et_pb_row_2 et_pb_row et_flex_row preset--group--divi-row--divi-background--default\">\n<div class=\"et_pb_column_2 et_pb_column et-last-child et_flex_column et_pb_css_mix_blend_mode_passthrough et_flex_column_24_24 et_flex_column_24_24_tablet et_flex_column_24_24_phone preset--group--divi-column--divi-background--default\">\n<div class=\"et_pb_heading_1 et_pb_heading et_pb_module et_flex_module preset--group--divi-heading--divi-background--default\"><div class=\"et_pb_heading_container\"><h2 class=\"et_pb_module_header\">1. An\u00e1lisis de SNP gen\u00e9ticos seleccionados<\/h2><\/div><\/div>\n<\/div>\n<\/div>\n\n<div class=\"et_pb_row_3 et_pb_row et_flex_row preset--group--divi-row--divi-background--default\">\n<div class=\"et_pb_column_3 et_pb_column et-last-child et_flex_column et_pb_css_mix_blend_mode_passthrough et_flex_column_24_24 et_flex_column_24_24_tablet et_flex_column_24_24_phone preset--group--divi-column--divi-background--default\">\n<div class=\"et_pb_image_0 et_pb_image et_pb_module et_flex_module preset--group--divi-image--divi-background--default\"><span class=\"et_pb_image_wrap\"><img loading=\"lazy\" decoding=\"async\" src=\"https:\/\/www.nutagen.com\/wp-content\/uploads\/analyse_01.jpg\" width=\"1920\" height=\"950\" srcset=\"https:\/\/www.nutagen.com\/wp-content\/uploads\/analyse_01.jpg 1920w\" sizes=\"(max-width: 1920px) 100vw, 1920px\" class=\"wp-image-25980225\" \/><\/span><\/div>\n<\/div>\n<\/div>\n\n<div class=\"et_pb_row_4 et_pb_row et_flex_row preset--group--divi-row--divi-background--default\">\n<div class=\"et_pb_column_4 et_pb_column et-last-child et_flex_column et_pb_css_mix_blend_mode_passthrough et_flex_column_24_24 et_flex_column_24_24_tablet et_flex_column_24_24_phone preset--group--divi-column--divi-background--default\">\n<div class=\"et_pb_text_1 et_pb_text et_pb_bg_layout_light et_pb_module et_flex_module preset--group--divi-text--divi-background--default preset--module--divi-text--default\"><div class=\"et_pb_text_inner\"><p>Se ha identificado que los SNP desempe\u00f1an un papel importante en el desarrollo y la progresi\u00f3n de diversas enfermedades. Los investigadores aprovechan los SNP para identificar variantes gen\u00e9ticas asociadas a enfermedades espec\u00edficas. Esto ha llevado al descubrimiento de genes asociados a diversas enfermedades, como enfermedades card\u00edacas, c\u00e1ncer, trastornos mentales (por ejemplo, esquizofrenia, depresi\u00f3n) y enfermedades autoinmunes (por ejemplo, lupus) en la investigaci\u00f3n m\u00e9dica.<\/p>\n<p>La identificaci\u00f3n de SNP tambi\u00e9n permite adaptar el tratamiento a las caracter\u00edsticas gen\u00e9ticas individuales de cada persona.<\/p>\n<p><strong>1. FTO (gen asociado a la masa grasa y la obesidad)<\/strong><br \/>El gen FTO influye en la regulaci\u00f3n del peso corporal y la acumulaci\u00f3n de grasa. Desempe\u00f1a un papel en el control del apetito y el equilibrio energ\u00e9tico mediante la regulaci\u00f3n del gasto energ\u00e9tico y la sensaci\u00f3n de hambre.<\/p>\n<p><strong>2. MTHFR (metilenotetrahidrofolato reductasa)<\/strong><br \/>El SNP MTHFR (metilenotetrahidrofolato reductasa) se refiere a las variantes gen\u00e9ticas del gen MTHFR, responsable de la producci\u00f3n de una enzima llamada metilenotetrahidrofolato reductasa. Esta enzima desempe\u00f1a un papel fundamental en el metabolismo del folato (vitamina B9), necesario para procesos como la divisi\u00f3n celular, la reparaci\u00f3n del ADN y la producci\u00f3n de mol\u00e9culas importantes en el organismo. Tambi\u00e9n es crucial para la conversi\u00f3n de homociste\u00edna en metionina, un amino\u00e1cido importante para la s\u00edntesis de prote\u00ednas y la protecci\u00f3n celular.<\/p>\n<p><strong>3. FADS1 (desaturasa de \u00e1cidos grasos 1)<\/strong><br \/>El gen FADS1 codifica una enzima que permite la conversi\u00f3n de los \u00e1cidos grasos omega-3 y omega-6 en sus formas activas (EPA y DHA). Estos \u00e1cidos grasos son cruciales para las membranas celulares, el cerebro y los procesos antiinflamatorios.<\/p>\n<\/div><\/div>\n<\/div>\n<\/div>\n<\/div>\n\n<div class=\"et_pb_section_3 et_pb_section et_section_regular et_flex_section preset--group--divi-section--divi-background--default\">\n<div class=\"et_pb_row_5 et_pb_row et_flex_row preset--group--divi-row--divi-background--default\">\n<div class=\"et_pb_column_5 et_pb_column et-last-child et_flex_column et_pb_css_mix_blend_mode_passthrough et_flex_column_24_24 et_flex_column_24_24_tablet et_flex_column_24_24_phone preset--group--divi-column--divi-background--default\">\n<div class=\"et_pb_heading_2 et_pb_heading et_pb_module et_flex_module preset--group--divi-heading--divi-background--default\"><div class=\"et_pb_heading_container\"><h2 class=\"et_pb_module_header\">2. An\u00e1lisis de precisi\u00f3n de biomarcadores epigen\u00e9ticos espec\u00edficos (microARN)<\/h2><\/div><\/div>\n<\/div>\n<\/div>\n\n<div class=\"et_pb_row_6 et_pb_row et_flex_row preset--group--divi-row--divi-background--default\">\n<div class=\"et_pb_column_6 et_pb_column et-last-child et_flex_column et_pb_css_mix_blend_mode_passthrough et_flex_column_24_24 et_flex_column_24_24_tablet et_flex_column_24_24_phone preset--group--divi-column--divi-background--default\">\n<div class=\"et_pb_image_1 et_pb_image et_pb_module et_flex_module preset--group--divi-image--divi-background--default\"><span class=\"et_pb_image_wrap\"><img loading=\"lazy\" decoding=\"async\" src=\"https:\/\/www.nutagen.com\/wp-content\/uploads\/analyse_03.jpg\" width=\"1920\" height=\"950\" srcset=\"https:\/\/www.nutagen.com\/wp-content\/uploads\/analyse_03.jpg 1920w\" sizes=\"(max-width: 1920px) 100vw, 1920px\" class=\"wp-image-25980223\" \/><\/span><\/div>\n<\/div>\n<\/div>\n\n<div class=\"et_pb_row_7 et_pb_row et_flex_row preset--group--divi-row--divi-background--default\">\n<div class=\"et_pb_column_7 et_pb_column et-last-child et_flex_column et_pb_css_mix_blend_mode_passthrough et_flex_column_24_24 et_flex_column_24_24_tablet et_flex_column_24_24_phone preset--group--divi-column--divi-background--default\">\n<div class=\"et_pb_text_2 et_pb_text et_pb_bg_layout_light et_pb_module et_flex_module preset--group--divi-text--divi-background--default preset--module--divi-text--default\"><div class=\"et_pb_text_inner\"><p>El an\u00e1lisis de Nutagen se centra en particular en mol\u00e9culas relativamente desconocidas pero extremadamente interesantes, conocidas como microARN o miARN (micro\u00e1cidos ribonucleicos). Se trata de biomarcadores recientemente descubiertos que desempe\u00f1an funciones clave muy importantes en la regulaci\u00f3n de procesos biol\u00f3gicos como la proliferaci\u00f3n, la diferenciaci\u00f3n, el ciclo celular y la apoptosis. El descubrimiento y la funcionalidad de estas mol\u00e9culas fueron galardonados con el   <a href=\"https:\/\/www.nobelprize.org\/prizes\/medicine\/2024\/summary\/\" target=\"_blank\" rel=\"noopener\">Premio Nobel de Medicina<\/a> en 2024.<\/p>\n<\/div><\/div>\n\n<div class=\"et_pb_text_3 et_pb_text et_pb_bg_layout_light et_pb_module et_flex_module preset--group--divi-text--divi-background--default preset--module--divi-text--default\"><div class=\"et_pb_text_inner\"><p>Los miARN se unen al ARN mensajero (ARNm) y, por lo tanto, inhiben la bios\u00edntesis de prote\u00ednas, reduciendo la cantidad de prote\u00ednas en la c\u00e9lula. Hasta la fecha, se han identificado m\u00e1s de 2000 miARN, que regulan aproximadamente un tercio de todos los genes codificadores de prote\u00ednas. Los siguientes miARN se eval\u00faan individualmente mediante la prueba de laboratorio:<\/p>\n<ul>\n<li>5 miARN individuales para evaluar los niveles de estr\u00e9s fisiol\u00f3gico<\/li>\n<ul>\n<li>Indicador de estr\u00e9s cr\u00f3nico 2 let7g-5p<\/li>\n<li>Indicador regulador de la serotonina microARN-16-5p<\/li>\n<li>Indicador neuronal microARN-15a-5p<\/li>\n<li>Indicador de activaci\u00f3n de se\u00f1ales inmunitarias microARN-106b-5p<\/li>\n<li>Indicador de protecci\u00f3n celular microARN-21-5p<\/li>\n<\/ul>\n<li>3 miARN individuales para evaluar la tasa de envejecimiento y su tasa de ralentizaci\u00f3n (reloj de longevidad)<\/li>\n<ul>\n<li>microARN-21 (biomarcador de inflamaci\u00f3n, estr\u00e9s celular, enfermedades cardiovasculares y relacionadas con la edad)<\/li>\n<li>microARN-24 (biomarcador de estr\u00e9s celular, envejecimiento y da\u00f1o cardiovascular)<\/li>\n<li>microARN-155 (biomarcador de activaci\u00f3n inmunitaria, inflamaci\u00f3n y cambios inmunitarios relacionados con la edad)<\/li>\n<\/ul>\n<\/ul>\n<\/div><\/div>\n<\/div>\n<\/div>\n<\/div>\n\n<div class=\"et_pb_section_4 et_pb_section et_section_regular et_flex_section preset--group--divi-section--divi-background--default\">\n<div class=\"et_pb_row_8 et_pb_row et_flex_row preset--group--divi-row--divi-background--default\">\n<div class=\"et_pb_column_8 et_pb_column et-last-child et_flex_column et_pb_css_mix_blend_mode_passthrough et_flex_column_24_24 et_flex_column_24_24_tablet et_flex_column_24_24_phone preset--group--divi-column--divi-background--default\">\n<div class=\"et_pb_heading_3 et_pb_heading et_pb_module et_flex_module preset--group--divi-heading--divi-background--default\"><div class=\"et_pb_heading_container\"><h2 class=\"et_pb_module_header\">3. Medici\u00f3n de la longitud de los tel\u00f3meros<\/h2><\/div><\/div>\n<\/div>\n<\/div>\n\n<div class=\"et_pb_row_9 et_pb_row et_flex_row preset--group--divi-row--divi-background--default\">\n<div class=\"et_pb_column_9 et_pb_column et-last-child et_flex_column et_pb_css_mix_blend_mode_passthrough et_flex_column_24_24 et_flex_column_24_24_tablet et_flex_column_24_24_phone preset--group--divi-column--divi-background--default\">\n<div class=\"et_pb_image_2 et_pb_image et_pb_module et_flex_module preset--group--divi-image--divi-background--default\"><span class=\"et_pb_image_wrap\"><img loading=\"lazy\" decoding=\"async\" src=\"https:\/\/www.nutagen.com\/wp-content\/uploads\/analyse_02.jpg\" width=\"1920\" height=\"950\" srcset=\"https:\/\/www.nutagen.com\/wp-content\/uploads\/analyse_02.jpg 1920w\" sizes=\"(max-width: 1920px) 100vw, 1920px\" class=\"wp-image-25980224\" \/><\/span><\/div>\n<\/div>\n<\/div>\n\n<div class=\"et_pb_row_10 et_pb_row et_flex_row preset--group--divi-row--divi-background--default\">\n<div class=\"et_pb_column_10 et_pb_column et-last-child et_flex_column et_pb_css_mix_blend_mode_passthrough et_flex_column_24_24 et_flex_column_24_24_tablet et_flex_column_24_24_phone preset--group--divi-column--divi-background--default\">\n<div class=\"et_pb_text_4 et_pb_text et_pb_bg_layout_light et_pb_module et_flex_module preset--group--divi-text--divi-background--default preset--module--divi-text--default\"><div class=\"et_pb_text_inner\"><p>Otro componente del an\u00e1lisis epigen\u00e9tico de precisi\u00f3n de Nutagen es la medici\u00f3n de la longitud de los tel\u00f3meros (diagn\u00f3stico de tel\u00f3meros), que permite determinar con precisi\u00f3n la edad biol\u00f3gica. Los valores se consideran un indicador fiable del \u00abdesgaste\u00bb del organismo debido al estr\u00e9s celular y al da\u00f1o celular. Esto permite evaluar la edad biol\u00f3gica y el rendimiento inmunol\u00f3gico del organismo. El laboratorio eval\u00faa meticulosamente la longitud de los tel\u00f3meros en un sofisticado proceso. A continuaci\u00f3n, cada resultado de la prueba se compara con los datos relevantes de una amplia base de datos, que incluye informaci\u00f3n del grupo de edad correspondiente. Esto permite clasificar la longitud individual de los tel\u00f3meros en comparaci\u00f3n con los valores medios cl\u00ednicos.<\/p>\n<\/div><\/div>\n<\/div>\n<\/div>\n<\/div>\n\n<div class=\"et_pb_section_5 et_pb_section et_section_regular et_flex_section preset--group--divi-section--divi-background--default\">\n<div class=\"et_pb_row_11 et_pb_row et_flex_row preset--group--divi-row--divi-background--default\">\n<div class=\"et_pb_column_11 et_pb_column et-last-child et_flex_column et_pb_css_mix_blend_mode_passthrough et_flex_column_24_24 et_flex_column_24_24_tablet et_flex_column_24_24_phone preset--group--divi-column--divi-background--default\">\n<div class=\"et_pb_text_5 et_pb_text et_pb_bg_layout_light et_pb_module et_flex_module preset--group--divi-text--divi-background--default preset--module--divi-text--default\"><div class=\"et_pb_text_inner\"><p>La suma de todos los marcadores de an\u00e1lisis y la evaluaci\u00f3n del cuestionario del cliente se utilizan para crear la f\u00f3rmula personalizada de ingredientes activos de Nutagen Nutrigenetics.<\/p>\n<\/div><\/div>\n<\/div>\n<\/div>\n\n<div class=\"et_pb_row_12 et_pb_row et_flex_row preset--group--divi-row--divi-background--default\">\n<div class=\"et_pb_column_12 et_pb_column et-last-child et_flex_column et_pb_css_mix_blend_mode_passthrough et_flex_column_24_24 et_flex_column_24_24_tablet et_flex_column_24_24_phone preset--group--divi-column--divi-background--default\">\n<div class=\"et_pb_text_6 et_pb_text et_pb_bg_layout_light et_pb_module et_flex_module preset--group--divi-text--divi-background--default preset--module--divi-text--default\"><div class=\"et_pb_text_inner\"><p>Es importante se\u00f1alar que, hasta hace poco, estos diagn\u00f3sticos epigen\u00e9ticos de laboratorio tan complejos y precisos solo pod\u00edan realizarse con una muestra de sangre. Nutagen es el primer proveedor del mundo que solo requiere un hisopo bucal para realizar an\u00e1lisis epigen\u00e9ticos de precisi\u00f3n, tras la finalizaci\u00f3n y evaluaci\u00f3n satisfactorias de un estudio de validaci\u00f3n (*Estudio de validaci\u00f3n de HealthBioCare NUTAGEN, octubre de 2024). Cada cliente puede realizar la tarea de forma independiente, c\u00f3moda, segura y eficiente. Tras el proceso de registro en l\u00ednea, Nutagen enviar\u00e1 al cliente un kit de an\u00e1lisis adecuado, acompa\u00f1ado de instrucciones completas y un sobre de devoluci\u00f3n.<\/p>\n<\/div><\/div>\n<\/div>\n<\/div>\n<\/div>","protected":false},"excerpt":{"rendered":"","protected":false},"author":1,"featured_media":0,"parent":0,"menu_order":0,"comment_status":"closed","ping_status":"closed","template":"","meta":{"footnotes":""},"class_list":["post-25981089","page","type-page","status-publish","hentry"],"_links":{"self":[{"href":"https:\/\/nutagen.com\/es\/wp-json\/wp\/v2\/pages\/25981089","targetHints":{"allow":["GET"]}}],"collection":[{"href":"https:\/\/nutagen.com\/es\/wp-json\/wp\/v2\/pages"}],"about":[{"href":"https:\/\/nutagen.com\/es\/wp-json\/wp\/v2\/types\/page"}],"author":[{"embeddable":true,"href":"https:\/\/nutagen.com\/es\/wp-json\/wp\/v2\/users\/1"}],"replies":[{"embeddable":true,"href":"https:\/\/nutagen.com\/es\/wp-json\/wp\/v2\/comments?post=25981089"}],"version-history":[{"count":3,"href":"https:\/\/nutagen.com\/es\/wp-json\/wp\/v2\/pages\/25981089\/revisions"}],"predecessor-version":[{"id":25981092,"href":"https:\/\/nutagen.com\/es\/wp-json\/wp\/v2\/pages\/25981089\/revisions\/25981092"}],"wp:attachment":[{"href":"https:\/\/nutagen.com\/es\/wp-json\/wp\/v2\/media?parent=25981089"}],"curies":[{"name":"wp","href":"https:\/\/api.w.org\/{rel}","templated":true}]}}