{"id":25980491,"date":"2025-12-10T09:19:58","date_gmt":"2025-12-10T09:19:58","guid":{"rendered":"https:\/\/www.nutagen.com\/?page_id=25980491"},"modified":"2025-12-10T10:47:11","modified_gmt":"2025-12-10T10:47:11","slug":"der-report-im-detail","status":"publish","type":"page","link":"https:\/\/nutagen.com\/de\/der-report-im-detail\/","title":{"rendered":"Der Report im Detail"},"content":{"rendered":"<div class=\"et_pb_section_0 et_pb_section et_section_regular et_flex_section preset--group--divi-section--divi-background--default\">\n<div class=\"et_pb_row_0 et_pb_row et_flex_row preset--group--divi-row--divi-background--default\">\n<div class=\"et_pb_column_0 et_pb_column et-last-child et_flex_column et_pb_css_mix_blend_mode_passthrough et_flex_column_24_24 et_flex_column_24_24_tablet et_flex_column_24_24_phone preset--group--divi-column--divi-background--default\">\n<div class=\"et_pb_heading_0 et_pb_heading et_pb_module et_flex_module preset--group--divi-heading--divi-background--default\"><div class=\"et_pb_heading_container\"><h1 class=\"et_pb_module_header\">Der Report im Detail<\/h1><\/div><\/div>\n<\/div>\n<\/div>\n<\/div>\n\n<div class=\"et_pb_section_1 et_pb_section et_section_regular et_flex_section preset--group--divi-section--divi-background--default\">\n<div class=\"et_pb_row_1 et_pb_row et_flex_row preset--group--divi-row--divi-background--default\">\n<div class=\"et_pb_column_1 et_pb_column et_flex_column et_pb_css_mix_blend_mode_passthrough et_flex_column_3_5 et_flex_column_3_5_tablet et_flex_column_24_24_phone preset--group--divi-column--divi-background--default\">\n<div class=\"et_pb_text_0 et_pb_text et_pb_bg_layout_light et_pb_module et_flex_module preset--group--divi-text--divi-background--default preset--module--divi-text--default\"><div class=\"et_pb_text_inner\"><p><strong>Der NUTAGEN-Kundenreport soll nicht nur dazu dienen, dir deine epigenetischen Analyseergebnisse anschaulich zu pr\u00e4sentieren. Er ist vielmehr auch als umfassendes Informations- und Lern-Kompendium zu verstehen.<\/strong><\/p>\n<p>Zahlreiche Kapitel besch\u00e4ftigen sich mit allen relevanten Themen und Parametern, die bei der Entwicklung, Umsetzung und Produktion des NUTAGEN Nutrigenetics-Konzepts ber\u00fccksichtigt und angewandt wurden. Alles ist in einer m\u00f6glichst einfachen und gut verst\u00e4ndlichen Sprache verfasst, sodass auch Laien die Komplexit\u00e4t und Tragweite dieses v\u00f6llig neuen, revolution\u00e4ren Ansatzes im Bereich der aktiven Nahrungserg\u00e4nzung nachvollziehen k\u00f6nnen.<\/p>\n<\/div><\/div>\n\n<div class=\"et_pb_group_0 et_pb_group et-last-child et_pb_module et_flex_group et_pb_css_mix_blend_mode_passthrough preset--group--divi-group--divi-background--default\">\n<div class=\"et_pb_row_2 et_pb_row et_pb_row_nested et_flex_row preset--group--divi-row--divi-background--default\">\n<div class=\"et_pb_column_2 et_pb_column et-last-child et_flex_column et_pb_css_mix_blend_mode_passthrough et_flex_column_24_24 et_flex_column_24_24_tablet et_flex_column_24_24_phone preset--group--divi-column--divi-background--default\">\n<div class=\"et_pb_heading_1 et_pb_heading et_pb_module et_flex_module preset--group--divi-heading--divi-background--default\"><div class=\"et_pb_heading_container\"><h3 class=\"et_pb_module_header\">Beispiele<\/h3><\/div><\/div>\n<\/div>\n<\/div>\n\n<div class=\"et_pb_row_3 et_pb_row et_pb_row_nested et_flex_row preset--group--divi-row--divi-background--default\">\n<div class=\"et_pb_column_3 et_pb_column et_flex_column et_pb_css_mix_blend_mode_passthrough et_flex_column_6_24 et_flex_column_12_24_tablet et_flex_column_24_24_phone preset--group--divi-column--divi-background--default\">\n<div class=\"et_pb_image_0 et_pb_image et-interaction-target-tjdxf6tgef et_pb_module et_flex_module preset--group--divi-image--divi-background--default\" data-interaction-trigger=\"sckmjqm74b\" data-interaction-target=\"tjdxf6tgef\"><a href=\"https:\/\/www.nutagen.com\/wp-content\/uploads\/report_5_de.jpg\" class=\"et_pb_lightbox_image\"><span class=\"et_pb_image_wrap\"><img loading=\"lazy\" decoding=\"async\" src=\"https:\/\/www.nutagen.com\/wp-content\/uploads\/report_5_de.jpg\" title=\"report_5_de\" width=\"595\" height=\"842\" srcset=\"https:\/\/www.nutagen.com\/wp-content\/uploads\/report_5_de.jpg 595w\" sizes=\"(max-width: 595px) 100vw, 595px\" class=\"wp-image-25980502\" \/><\/span><\/a><\/div>\n<\/div>\n\n<div class=\"et_pb_column_4 et_pb_column et_flex_column et_pb_css_mix_blend_mode_passthrough et_flex_column_6_24 et_flex_column_12_24_tablet et_flex_column_24_24_phone preset--group--divi-column--divi-background--default\">\n<div class=\"et_pb_image_1 et_pb_image et-interaction-target-ykcj60sus8 et_pb_module et_flex_module preset--group--divi-image--divi-background--default\" data-interaction-trigger=\"mg5pt9etse\" data-interaction-target=\"ykcj60sus8\"><a href=\"https:\/\/www.nutagen.com\/wp-content\/uploads\/report_13_de.jpg\" class=\"et_pb_lightbox_image\"><span class=\"et_pb_image_wrap\"><img loading=\"lazy\" decoding=\"async\" src=\"https:\/\/www.nutagen.com\/wp-content\/uploads\/report_13_de.jpg\" title=\"report_5_de\" width=\"595\" height=\"842\" srcset=\"https:\/\/www.nutagen.com\/wp-content\/uploads\/report_13_de.jpg 595w\" sizes=\"(max-width: 595px) 100vw, 595px\" class=\"wp-image-25980500\" \/><\/span><\/a><\/div>\n<\/div>\n\n<div class=\"et_pb_column_5 et_pb_column et_flex_column et_pb_css_mix_blend_mode_passthrough et_flex_column_6_24 et_flex_column_12_24_tablet et_flex_column_24_24_phone preset--group--divi-column--divi-background--default\">\n<div class=\"et_pb_image_2 et_pb_image et-interaction-target-d9hqjdg4ki et_pb_module et_flex_module preset--group--divi-image--divi-background--default\" data-interaction-trigger=\"amcvgg3r8e\" data-interaction-target=\"d9hqjdg4ki\"><a href=\"https:\/\/www.nutagen.com\/wp-content\/uploads\/report_24_de.jpg\" class=\"et_pb_lightbox_image\"><span class=\"et_pb_image_wrap\"><img loading=\"lazy\" decoding=\"async\" src=\"https:\/\/www.nutagen.com\/wp-content\/uploads\/report_24_de.jpg\" title=\"report_5_de\" width=\"595\" height=\"842\" srcset=\"https:\/\/www.nutagen.com\/wp-content\/uploads\/report_24_de.jpg 595w\" sizes=\"(max-width: 595px) 100vw, 595px\" class=\"wp-image-25980498\" \/><\/span><\/a><\/div>\n<\/div>\n\n<div class=\"et_pb_column_6 et_pb_column et-last-child et_flex_column et_pb_css_mix_blend_mode_passthrough et_flex_column_6_24 et_flex_column_12_24_tablet et_flex_column_24_24_phone preset--group--divi-column--divi-background--default\">\n<div class=\"et_pb_image_3 et_pb_image et-interaction-target-xmbxhq5rb1 et_pb_module et_flex_module preset--group--divi-image--divi-background--default\" data-interaction-trigger=\"06p1onit8l\" data-interaction-target=\"xmbxhq5rb1\"><a href=\"https:\/\/www.nutagen.com\/wp-content\/uploads\/report_34_de.jpg\" class=\"et_pb_lightbox_image\"><span class=\"et_pb_image_wrap\"><img loading=\"lazy\" decoding=\"async\" src=\"https:\/\/www.nutagen.com\/wp-content\/uploads\/report_34_de.jpg\" title=\"report_5_de\" width=\"595\" height=\"842\" srcset=\"https:\/\/www.nutagen.com\/wp-content\/uploads\/report_34_de.jpg 595w\" sizes=\"(max-width: 595px) 100vw, 595px\" class=\"wp-image-25980496\" \/><\/span><\/a><\/div>\n<\/div>\n<\/div>\n\n<div class=\"et_pb_row_4 et_pb_row et_pb_row_nested et_flex_row preset--group--divi-row--divi-background--default\">\n<div class=\"et_pb_column_7 et_pb_column et-last-child et_flex_column et_pb_css_mix_blend_mode_passthrough et_flex_column_24_24 et_flex_column_24_24_tablet et_flex_column_24_24_phone preset--group--divi-column--divi-background--default\">\n<div class=\"et_pb_gallery_0 et_pb_gallery et_pb_bg_layout_light et_pb_gallery_grid et_pb_module preset--group--divi-gallery--divi-background--default\" data-auto-rotate=\"off\" data-auto-rotate-speed=\"\"><div class=\"et_pb_gallery_items et_post_gallery clearfix et_grid_module\" data-per_page=\"4\"><div class=\"et_pb_gallery_item et_pb_grid_item et_pb_gallery_item_0_0\"><div class=\"et_pb_gallery_image landscape\" data-per_page=\"4\"><a href=\"https:\/\/www.nutagen.com\/wp-content\/uploads\/report_5_de.jpg\" title=\"report_5_de\"><img loading=\"lazy\" decoding=\"async\" width=\"595\" height=\"842\" src=\"https:\/\/www.nutagen.com\/wp-content\/uploads\/report_5_de.jpg\" alt=\"\" class=\"wp-image-25980502\" srcset=\"https:\/\/www.nutagen.com\/wp-content\/uploads\/report_5_de.jpg 479w, https:\/\/www.nutagen.com\/wp-content\/uploads\/report_5_de.jpg 480w\" sizes=\"(max-width:479px) 479px, 100vw\" \/><span class=\"et_overlay\" data-icon=\"\" data-icon-tablet=\"\" data-icon-phone=\"\"><\/span><\/a><\/div><\/div><div class=\"et_pb_gallery_item et_pb_grid_item et_pb_gallery_item_0_1\"><div class=\"et_pb_gallery_image landscape\" data-per_page=\"4\"><a href=\"https:\/\/www.nutagen.com\/wp-content\/uploads\/report_13_de.jpg\" title=\"report_13_de\"><img loading=\"lazy\" decoding=\"async\" width=\"595\" height=\"842\" src=\"https:\/\/www.nutagen.com\/wp-content\/uploads\/report_13_de.jpg\" alt=\"\" class=\"wp-image-25980500\" srcset=\"https:\/\/www.nutagen.com\/wp-content\/uploads\/report_13_de.jpg 479w, https:\/\/www.nutagen.com\/wp-content\/uploads\/report_13_de.jpg 480w\" sizes=\"(max-width:479px) 479px, 100vw\" \/><span class=\"et_overlay\" data-icon=\"\" data-icon-tablet=\"\" data-icon-phone=\"\"><\/span><\/a><\/div><\/div><div class=\"et_pb_gallery_item et_pb_grid_item et_pb_gallery_item_0_2\"><div class=\"et_pb_gallery_image landscape\" data-per_page=\"4\"><a href=\"https:\/\/www.nutagen.com\/wp-content\/uploads\/report_24_de.jpg\" title=\"report_24_de\"><img loading=\"lazy\" decoding=\"async\" width=\"595\" height=\"842\" src=\"https:\/\/www.nutagen.com\/wp-content\/uploads\/report_24_de.jpg\" alt=\"\" class=\"wp-image-25980498\" srcset=\"https:\/\/www.nutagen.com\/wp-content\/uploads\/report_24_de.jpg 479w, https:\/\/www.nutagen.com\/wp-content\/uploads\/report_24_de.jpg 480w\" sizes=\"(max-width:479px) 479px, 100vw\" \/><span class=\"et_overlay\" data-icon=\"\" data-icon-tablet=\"\" data-icon-phone=\"\"><\/span><\/a><\/div><\/div><div class=\"et_pb_gallery_item et_pb_grid_item et_pb_gallery_item_0_3\"><div class=\"et_pb_gallery_image landscape\" data-per_page=\"4\"><a href=\"https:\/\/www.nutagen.com\/wp-content\/uploads\/report_34_de.jpg\" title=\"report_34_de\"><img loading=\"lazy\" decoding=\"async\" width=\"595\" height=\"842\" src=\"https:\/\/www.nutagen.com\/wp-content\/uploads\/report_34_de.jpg\" alt=\"\" class=\"wp-image-25980496\" srcset=\"https:\/\/www.nutagen.com\/wp-content\/uploads\/report_34_de.jpg 479w, https:\/\/www.nutagen.com\/wp-content\/uploads\/report_34_de.jpg 480w\" sizes=\"(max-width:479px) 479px, 100vw\" \/><span class=\"et_overlay\" data-icon=\"\" data-icon-tablet=\"\" data-icon-phone=\"\"><\/span><\/a><\/div><\/div><\/div><\/div>\n<\/div>\n<\/div>\n<\/div>\n<\/div>\n\n<div class=\"et_pb_column_8 et_pb_column et-last-child et_flex_column et_pb_css_mix_blend_mode_passthrough et_flex_column_2_5 et_flex_column_2_5_tablet et_flex_column_24_24_phone preset--group--divi-column--divi-background--default\">\n<div class=\"et_pb_image_4 et_pb_image et_pb_module et_flex_module preset--group--divi-image--divi-background--default\"><span class=\"et_pb_image_wrap\"><img loading=\"lazy\" decoding=\"async\" src=\"https:\/\/www.nutagen.com\/wp-content\/uploads\/report_de_w.jpg\" title=\"report_de_w\" width=\"800\" height=\"800\" srcset=\"https:\/\/www.nutagen.com\/wp-content\/uploads\/report_de_w.jpg 800w\" sizes=\"(max-width: 800px) 100vw, 800px\" class=\"wp-image-25980493\" \/><\/span><\/div>\n<\/div>\n<\/div>\n<\/div>","protected":false},"excerpt":{"rendered":"","protected":false},"author":1,"featured_media":0,"parent":0,"menu_order":0,"comment_status":"closed","ping_status":"closed","template":"","meta":{"footnotes":""},"class_list":["post-25980491","page","type-page","status-publish","hentry"],"_links":{"self":[{"href":"https:\/\/nutagen.com\/de\/wp-json\/wp\/v2\/pages\/25980491","targetHints":{"allow":["GET"]}}],"collection":[{"href":"https:\/\/nutagen.com\/de\/wp-json\/wp\/v2\/pages"}],"about":[{"href":"https:\/\/nutagen.com\/de\/wp-json\/wp\/v2\/types\/page"}],"author":[{"embeddable":true,"href":"https:\/\/nutagen.com\/de\/wp-json\/wp\/v2\/users\/1"}],"replies":[{"embeddable":true,"href":"https:\/\/nutagen.com\/de\/wp-json\/wp\/v2\/comments?post=25980491"}],"version-history":[{"count":12,"href":"https:\/\/nutagen.com\/de\/wp-json\/wp\/v2\/pages\/25980491\/revisions"}],"predecessor-version":[{"id":25980513,"href":"https:\/\/nutagen.com\/de\/wp-json\/wp\/v2\/pages\/25980491\/revisions\/25980513"}],"wp:attachment":[{"href":"https:\/\/nutagen.com\/de\/wp-json\/wp\/v2\/media?parent=25980491"}],"curies":[{"name":"wp","href":"https:\/\/api.w.org\/{rel}","templated":true}]}}