{"id":25980220,"date":"2025-11-27T13:20:57","date_gmt":"2025-11-27T13:20:57","guid":{"rendered":"https:\/\/www.nutagen.com\/?page_id=25980220"},"modified":"2025-12-10T09:14:56","modified_gmt":"2025-12-10T09:14:56","slug":"auswertung-im-detail","status":"publish","type":"page","link":"https:\/\/nutagen.com\/de\/auswertung-im-detail\/","title":{"rendered":"Auswertung im Detail"},"content":{"rendered":"<div class=\"et_pb_section_0 et_pb_section et_section_regular et_flex_section preset--group--divi-section--divi-background--default\">\n<div class=\"et_pb_row_0 et_pb_row et_flex_row preset--group--divi-row--divi-background--default\">\n<div class=\"et_pb_column_0 et_pb_column et-last-child et_flex_column et_pb_css_mix_blend_mode_passthrough et_flex_column_24_24 et_flex_column_24_24_tablet et_flex_column_24_24_phone preset--group--divi-column--divi-background--default\">\n<div class=\"et_pb_heading_0 et_pb_heading et_pb_module et_flex_module preset--group--divi-heading--divi-background--default\"><div class=\"et_pb_heading_container\"><h1 class=\"et_pb_module_header\">Auswertung im Detail<\/h1><\/div><\/div>\n<\/div>\n<\/div>\n<\/div>\n\n<div class=\"et_pb_section_1 et_pb_section et_section_regular et_flex_section preset--group--divi-section--divi-background--default\">\n<div class=\"et_pb_row_1 et_pb_row et_flex_row preset--group--divi-row--divi-background--default\">\n<div class=\"et_pb_column_1 et_pb_column et-last-child et_flex_column et_pb_css_mix_blend_mode_passthrough et_flex_column_24_24 et_flex_column_24_24_tablet et_flex_column_24_24_phone preset--group--divi-column--divi-background--default\">\n<div class=\"et_pb_text_0 et_pb_text et_pb_bg_layout_light et_pb_module et_flex_module preset--group--divi-text--divi-background--default preset--module--divi-text--default\"><div class=\"et_pb_text_inner\"><p>Nutagen Nutrigenetics nutzt f\u00fcr die Bestimmung der Intervention wesentlich umfangreichere und genauere Basisdaten als bei personalisierten Produkten von Mitbewerbern. Derzeitigen Anbieter analysieren f\u00fcr die Entwicklung ihrer Produkte ausschliesslich die statischen und gleichzeitig g\u00fcnstigen GEN-SNPs (Single Nucleotide Polymorphisms) in Verbindung mit der Auswertung eines Kundenfragebogens. Derartige Gentests erm\u00f6glichen keine schl\u00fcssige Bewertung des individuellen, epigenetischen Reaktionszustands.<\/p>\n<p>Nutagen geht einen entscheidenden Schritt weiter und analysiert vorwiegend eine sinnvolle Auswahl an epigenetischen Faktoren. Erst die Kombination von ausgew\u00e4hlten Basisdaten mit einer Pr\u00e4zisionsanalyse der \u201eepigenetischen = dynamischen Abweichung\u201c eines individuellen Bauplans zeigt auf, welche Gene mit welchen Phyto-N\u00e4hrstoffen wieder aktiviert\/stillgelegt und\/oder repariert werden k\u00f6nnen. Dieses ganzheitliche Panel basiert auf modernster wissenschaftlicher Forschung und wurde ausf\u00fchrlich validiert (*HealthBioCare NUTAGEN Validierungsstudie Okt 2024).<\/p>\n<\/div><\/div>\n<\/div>\n<\/div>\n<\/div>\n\n<div class=\"et_pb_section_2 et_pb_section et_section_regular et_flex_section preset--group--divi-section--divi-background--default\">\n<div class=\"et_pb_row_2 et_pb_row et_flex_row preset--group--divi-row--divi-background--default\">\n<div class=\"et_pb_column_2 et_pb_column et-last-child et_flex_column et_pb_css_mix_blend_mode_passthrough et_flex_column_24_24 et_flex_column_24_24_tablet et_flex_column_24_24_phone preset--group--divi-column--divi-background--default\">\n<div class=\"et_pb_heading_1 et_pb_heading et_pb_module et_flex_module preset--group--divi-heading--divi-background--default\"><div class=\"et_pb_heading_container\"><h2 class=\"et_pb_module_header\">1. Analyse ausgew\u00e4hlter Gen-SNPs<\/h2><\/div><\/div>\n<\/div>\n<\/div>\n\n<div class=\"et_pb_row_3 et_pb_row et_flex_row preset--group--divi-row--divi-background--default\">\n<div class=\"et_pb_column_3 et_pb_column et-last-child et_flex_column et_pb_css_mix_blend_mode_passthrough et_flex_column_24_24 et_flex_column_24_24_tablet et_flex_column_24_24_phone preset--group--divi-column--divi-background--default\">\n<div class=\"et_pb_image_0 et_pb_image et_pb_module et_flex_module preset--group--divi-image--divi-background--default\"><span class=\"et_pb_image_wrap\"><img loading=\"lazy\" decoding=\"async\" src=\"https:\/\/www.nutagen.com\/wp-content\/uploads\/analyse_01.jpg\" width=\"1920\" height=\"950\" srcset=\"https:\/\/www.nutagen.com\/wp-content\/uploads\/analyse_01.jpg 1920w\" sizes=\"(max-width: 1920px) 100vw, 1920px\" class=\"wp-image-25980225\" \/><\/span><\/div>\n<\/div>\n<\/div>\n\n<div class=\"et_pb_row_4 et_pb_row et_flex_row preset--group--divi-row--divi-background--default\">\n<div class=\"et_pb_column_4 et_pb_column et-last-child et_flex_column et_pb_css_mix_blend_mode_passthrough et_flex_column_24_24 et_flex_column_24_24_tablet et_flex_column_24_24_phone preset--group--divi-column--divi-background--default\">\n<div class=\"et_pb_text_1 et_pb_text et_pb_bg_layout_light et_pb_module et_flex_module preset--group--divi-text--divi-background--default preset--module--divi-text--default\"><div class=\"et_pb_text_inner\"><p>SNPs sind eng mit der Entstehung und dem Verlauf vieler Krankheiten verbunden. Forscher nutzen SNPs, um herauszufinden, welche genetischen Varianten mit bestimmten Erkrankungen verkn\u00fcpft sind. Dies hat in der medizinischen Forschung zur Entdeckung von Genen gef\u00fchrt, die mit Krankheiten wie: Herzkrankheiten, Krebs, Psychischen St\u00f6rungen (z. B. Schizophrenie, Depression) sowie Autoimmunerkrankungen (z.B. Lupus) assoziiert sind.<\/p>\n<p>Durch die Identifikation von SNPs kann ebenfalls die Behandlung an die individuellen genetischen Merkmale einer Person angepasst werden.<\/p>\n<p><strong>1. FTO (Fat Mass and Obesity-Associated Gene)<\/strong><br \/>Das FTO-Gen beeinflusst die Regulierung von K\u00f6rpergewicht und Fettansammlung. Es spielt eine Rolle bei der Steuerung des Appetits und der Energiebilanz, indem es den Energieverbrauch und das Hungergefu\u0308hl reguliert.<\/p>\n<p><strong>2. MTHFR (Methylenetetrahydrofolat-Reduktase)<\/strong><br \/>Das MTHFR-SNP (Methylenetetrahydrofolat-Reduktase) bezieht sich auf genetische Varianten im MTHFRGen, das fu\u0308r die Produktion eines Enzyms namens Methylenetetrahydrofolat-Reduktase verantwortlich ist. Dieses Enzym spielt eine zentrale Rolle im Stoffwechsel von Folat (Vitamin B9), das fu\u0308r Prozesse wie Zellteilung, DNA-Reparatur und die Produktion wichtiger Moleku\u0308le im K\u00f6rper notwendig ist. Es ist auch entscheidend fu\u0308r die Umwandlung von Homocystein in Methionin, eine Aminos\u00e4ure, die fu\u0308r die Synthese von Proteinen und den Zellschutz wichtig ist.<\/p>\n<p><strong>3. FADS1 (Fatty Acid Desaturase 1)<\/strong><br \/>Das FADS1-Gen codiert fu\u0308r ein Enzym, das die Umwandlung von Omega-3- und Omega-6-Fetts\u00e4uren in ihre aktiven Formen (EPA und DHA) erm\u00f6glicht. Diese Fetts\u00e4uren sind entscheidend fu\u0308r die Zellmembranen, das Gehirn und entzu\u0308ndungshemmende Prozesse.<\/p>\n<\/div><\/div>\n<\/div>\n<\/div>\n<\/div>\n\n<div class=\"et_pb_section_3 et_pb_section et_section_regular et_flex_section preset--group--divi-section--divi-background--default\">\n<div class=\"et_pb_row_5 et_pb_row et_flex_row preset--group--divi-row--divi-background--default\">\n<div class=\"et_pb_column_5 et_pb_column et-last-child et_flex_column et_pb_css_mix_blend_mode_passthrough et_flex_column_24_24 et_flex_column_24_24_tablet et_flex_column_24_24_phone preset--group--divi-column--divi-background--default\">\n<div class=\"et_pb_heading_2 et_pb_heading et_pb_module et_flex_module preset--group--divi-heading--divi-background--default\"><div class=\"et_pb_heading_container\"><h2 class=\"et_pb_module_header\">2. Pr\u00e4zisionsanalyse spezifischer, epigenetischer Biomarker (microRNAs)<\/h2><\/div><\/div>\n<\/div>\n<\/div>\n\n<div class=\"et_pb_row_6 et_pb_row et_flex_row preset--group--divi-row--divi-background--default\">\n<div class=\"et_pb_column_6 et_pb_column et-last-child et_flex_column et_pb_css_mix_blend_mode_passthrough et_flex_column_24_24 et_flex_column_24_24_tablet et_flex_column_24_24_phone preset--group--divi-column--divi-background--default\">\n<div class=\"et_pb_image_1 et_pb_image et_pb_module et_flex_module preset--group--divi-image--divi-background--default\"><span class=\"et_pb_image_wrap\"><img loading=\"lazy\" decoding=\"async\" src=\"https:\/\/www.nutagen.com\/wp-content\/uploads\/analyse_03.jpg\" width=\"1920\" height=\"950\" srcset=\"https:\/\/www.nutagen.com\/wp-content\/uploads\/analyse_03.jpg 1920w\" sizes=\"(max-width: 1920px) 100vw, 1920px\" class=\"wp-image-25980223\" \/><\/span><\/div>\n<\/div>\n<\/div>\n\n<div class=\"et_pb_row_7 et_pb_row et_flex_row preset--group--divi-row--divi-background--default\">\n<div class=\"et_pb_column_7 et_pb_column et-last-child et_flex_column et_pb_css_mix_blend_mode_passthrough et_flex_column_24_24 et_flex_column_24_24_tablet et_flex_column_24_24_phone preset--group--divi-column--divi-background--default\">\n<div class=\"et_pb_text_2 et_pb_text et_pb_bg_layout_light et_pb_module et_flex_module preset--group--divi-text--divi-background--default preset--module--divi-text--default\"><div class=\"et_pb_text_inner\"><p>NutageNutagen ber\u00fccksichtigt im Rahmen der Analyse ganz besonders, bisher eher unbekannte und gleichzeitig \u00e4usserst interessante Molek\u00fcle, die man als microRNAs oder miRNAs (micro Ribo Nucleid Acids) bezeichnet. Diese repr\u00e4sentieren neu entdeckte Biomarker, welche sehr wichtige Schl\u00fcsselfunktionen in der Regulation von biologischen Prozessen wie Proliferation, Differenzierung, Zellzyklus und Apoptose \u00fcbernehmen. F\u00fcr die Entdeckung und Funktionalit\u00e4t dieser Molek\u00fcle wurde im Jahr 2024 der <a href=\"https:\/\/www.nobelprize.org\/prizes\/medicine\/2024\/summary\/\" target=\"_blank\" rel=\"noopener\">Nobelpreis der Medizin<\/a> verliehen.<\/p>\n<\/div><\/div>\n\n<div class=\"et_pb_text_3 et_pb_text et_pb_bg_layout_light et_pb_module et_flex_module preset--group--divi-text--divi-background--default preset--module--divi-text--default\"><div class=\"et_pb_text_inner\"><p>miRNAs binden an messengerRNA (mRNA) und inhibieren so die Proteinbiosynthese, wodurch die Menge an Protein in der Zelle reduziert wird. Bis heute wurden bereits mehr als 2000 miRNAs identifiziert, die etwa ein Drittel aller protein-kodierenden Gene regulieren. Folgende miRNAs werden mit Hilfe des Labortests individuell ausgewertet:<\/p>\n<ul>\n<li>5 individuelle miRNAs zur Beurteilung des physiologisches Stresslevels<\/li>\n<ul>\n<li>chronischer Stressindikator 2 let7g-5p<\/li>\n<li>Serotonin-regulierender Indikator microRNA-16-5p<\/li>\n<li>neuronaler Indikator microRNA-15a-5p<\/li>\n<li>Immunsignal-aktivierender Indikator microRNA-106b-5p<\/li>\n<li>Zellschutz-Indikator microRNA-21-5p<\/li>\n<\/ul>\n<li>3 individuelle miRNAs zur Beurteilung der Alterungsgeschwindigkeit und deren Bremsgeschwindigkeit (Langlebigkeits-Uhr)<\/li>\n<ul>\n<li>microRNA-21 (Biomarker f\u00fcr Entz\u00fcndung, Zellstress, kardiovaskul\u00e4re und altersassoziierte Erkrankungen.)<\/li>\n<li>microRNA-24 (Biomarker f\u00fcr zellul\u00e4ren Stress, Alterung, Herz-Kreislauf-Sch\u00e4den.)<\/li>\n<li>microRNA-155 (Biomarker f\u00fcr Immunaktivierung, Entz\u00fcndung und altersbedingte Immunver\u00e4nderungen.)<\/li>\n<\/ul>\n<\/ul>\n<\/div><\/div>\n<\/div>\n<\/div>\n<\/div>\n\n<div class=\"et_pb_section_4 et_pb_section et_section_regular et_flex_section preset--group--divi-section--divi-background--default\">\n<div class=\"et_pb_row_8 et_pb_row et_flex_row preset--group--divi-row--divi-background--default\">\n<div class=\"et_pb_column_8 et_pb_column et-last-child et_flex_column et_pb_css_mix_blend_mode_passthrough et_flex_column_24_24 et_flex_column_24_24_tablet et_flex_column_24_24_phone preset--group--divi-column--divi-background--default\">\n<div class=\"et_pb_heading_3 et_pb_heading et_pb_module et_flex_module preset--group--divi-heading--divi-background--default\"><div class=\"et_pb_heading_container\"><h2 class=\"et_pb_module_header\">3. Messung der Telomerl\u00e4nge<\/h2><\/div><\/div>\n<\/div>\n<\/div>\n\n<div class=\"et_pb_row_9 et_pb_row et_flex_row preset--group--divi-row--divi-background--default\">\n<div class=\"et_pb_column_9 et_pb_column et-last-child et_flex_column et_pb_css_mix_blend_mode_passthrough et_flex_column_24_24 et_flex_column_24_24_tablet et_flex_column_24_24_phone preset--group--divi-column--divi-background--default\">\n<div class=\"et_pb_image_2 et_pb_image et_pb_module et_flex_module preset--group--divi-image--divi-background--default\"><span class=\"et_pb_image_wrap\"><img loading=\"lazy\" decoding=\"async\" src=\"https:\/\/www.nutagen.com\/wp-content\/uploads\/analyse_02.jpg\" width=\"1920\" height=\"950\" srcset=\"https:\/\/www.nutagen.com\/wp-content\/uploads\/analyse_02.jpg 1920w\" sizes=\"(max-width: 1920px) 100vw, 1920px\" class=\"wp-image-25980224\" \/><\/span><\/div>\n<\/div>\n<\/div>\n\n<div class=\"et_pb_row_10 et_pb_row et_flex_row preset--group--divi-row--divi-background--default\">\n<div class=\"et_pb_column_10 et_pb_column et-last-child et_flex_column et_pb_css_mix_blend_mode_passthrough et_flex_column_24_24 et_flex_column_24_24_tablet et_flex_column_24_24_phone preset--group--divi-column--divi-background--default\">\n<div class=\"et_pb_text_4 et_pb_text et_pb_bg_layout_light et_pb_module et_flex_module preset--group--divi-text--divi-background--default preset--module--divi-text--default\"><div class=\"et_pb_text_inner\"><p>Ein weiterer Bestandteil der epigenetischen Nutagen Pr\u00e4zisionsanalyse ist die Messung der Telomerl\u00e4nge (Telomerdiagnostik) und somit die genaue Bestimmung des biologischen Alters. <span>Die Werte gelten als zuverl\u00e4ssiger Indikator f\u00fcr die \u00abAbnutzung\u00bb des Organismus aufgrund von Zellstress und Zellsch\u00e4digung. Man kann so das biologische Alter und die immunologische Leistungsf\u00e4higkeit des Organismus bewerten.<\/span> <span>In einem komplexen Verfahren evaluiert das Labor die L\u00e4nge der Telomere. Jedes Testergebnis wird mit den, f\u00fcr die jeweilige Altersgruppe relevanten Daten einer umfangreichen Datenbank verglichen. So wird die individuelle Telomerl\u00e4nge im Vergleich zu den klinischen Durchschnittswerten eingeordnet.<\/span><\/p>\n<\/div><\/div>\n<\/div>\n<\/div>\n<\/div>\n\n<div class=\"et_pb_section_5 et_pb_section et_section_regular et_flex_section preset--group--divi-section--divi-background--default\">\n<div class=\"et_pb_row_11 et_pb_row et_flex_row preset--group--divi-row--divi-background--default\">\n<div class=\"et_pb_column_11 et_pb_column et-last-child et_flex_column et_pb_css_mix_blend_mode_passthrough et_flex_column_24_24 et_flex_column_24_24_tablet et_flex_column_24_24_phone preset--group--divi-column--divi-background--default\">\n<div class=\"et_pb_text_5 et_pb_text et_pb_bg_layout_light et_pb_module et_flex_module preset--group--divi-text--divi-background--default preset--module--divi-text--default\"><div class=\"et_pb_text_inner\"><p>Die Summe aller Analysemarker und die Auswertung des Kundenfragebogens dienen als Grundlage f\u00fcr die exakte Evaluierung und Produktion der personalisierten Nutagen Nutrigenetics Wirkstoff-Formel!<\/p>\n<\/div><\/div>\n<\/div>\n<\/div>\n\n<div class=\"et_pb_row_12 et_pb_row et_flex_row preset--group--divi-row--divi-background--default\">\n<div class=\"et_pb_column_12 et_pb_column et-last-child et_flex_column et_pb_css_mix_blend_mode_passthrough et_flex_column_24_24 et_flex_column_24_24_tablet et_flex_column_24_24_phone preset--group--divi-column--divi-background--default\">\n<div class=\"et_pb_text_6 et_pb_text et_pb_bg_layout_light et_pb_module et_flex_module preset--group--divi-text--divi-background--default preset--module--divi-text--default\"><div class=\"et_pb_text_inner\"><p>WICHTIG: Im Normalfall und bis vor kurzer Zeit konnte eine derart komplexe und pr\u00e4zise epigenetsiche Labordiagnostik nur mit einer Blutprobe durchgef\u00fchrt werden. Nutagen ist der erste Anbieter weltweit, der nach erfolgreichem Abschluss und Auswertung einer Validierungsstudie (*HealthBioCare NUTAGEN Validierungsstudie Okt 2024) f\u00fcr die epigenetische Pr\u00e4zisionsanalyse nur einen Wangenabstrich ben\u00f6tigt. Diesen kann jeder Kunde bequem, sicher und schnell zu Hause selbst durchf\u00fchren. Nutagen sendet nach der Online-Registrierung ein geeignetes Analyse-Kit zum Kunden, selbstverst\u00e4ndlich mit einer genauen Anleitung und einem R\u00fccksende-Umschlag.<\/p>\n<\/div><\/div>\n<\/div>\n<\/div>\n<\/div>","protected":false},"excerpt":{"rendered":"","protected":false},"author":1,"featured_media":0,"parent":0,"menu_order":0,"comment_status":"closed","ping_status":"closed","template":"","meta":{"footnotes":""},"class_list":["post-25980220","page","type-page","status-publish","hentry"],"_links":{"self":[{"href":"https:\/\/nutagen.com\/de\/wp-json\/wp\/v2\/pages\/25980220","targetHints":{"allow":["GET"]}}],"collection":[{"href":"https:\/\/nutagen.com\/de\/wp-json\/wp\/v2\/pages"}],"about":[{"href":"https:\/\/nutagen.com\/de\/wp-json\/wp\/v2\/types\/page"}],"author":[{"embeddable":true,"href":"https:\/\/nutagen.com\/de\/wp-json\/wp\/v2\/users\/1"}],"replies":[{"embeddable":true,"href":"https:\/\/nutagen.com\/de\/wp-json\/wp\/v2\/comments?post=25980220"}],"version-history":[{"count":14,"href":"https:\/\/nutagen.com\/de\/wp-json\/wp\/v2\/pages\/25980220\/revisions"}],"predecessor-version":[{"id":25980480,"href":"https:\/\/nutagen.com\/de\/wp-json\/wp\/v2\/pages\/25980220\/revisions\/25980480"}],"wp:attachment":[{"href":"https:\/\/nutagen.com\/de\/wp-json\/wp\/v2\/media?parent=25980220"}],"curies":[{"name":"wp","href":"https:\/\/api.w.org\/{rel}","templated":true}]}}