{"id":232371,"date":"2022-04-28T13:12:22","date_gmt":"2022-04-28T13:12:22","guid":{"rendered":"https:\/\/www.myswissbionic.com\/?page_id=232371"},"modified":"2025-12-19T10:33:15","modified_gmt":"2025-12-19T10:33:15","slug":"impressum","status":"publish","type":"page","link":"https:\/\/nutagen.com\/de\/impressum\/","title":{"rendered":"Impressum"},"content":{"rendered":"<div class=\"et_pb_section_0 et_pb_section et_section_regular et_flex_section preset--group--divi-section--divi-background--default\">\n<div class=\"et_pb_row_0 et_pb_row et_flex_row preset--group--divi-row--divi-background--default\">\n<div class=\"et_pb_column_0 et_pb_column et-last-child et_flex_column et_pb_css_mix_blend_mode_passthrough et_flex_column_24_24 et_flex_column_24_24_tablet et_flex_column_24_24_phone preset--group--divi-column--divi-background--default\">\n<div class=\"et_pb_heading_0 et_pb_heading et_pb_module et_flex_module preset--group--divi-heading--divi-background--default\"><div class=\"et_pb_heading_container\"><h1 class=\"et_pb_module_header\">Impressum<\/h1><\/div><\/div>\n<\/div>\n<\/div>\n<\/div>\n\n<div class=\"et_pb_section_1 et_pb_section et_section_regular et_flex_section preset--group--divi-section--divi-background--default\">\n<div class=\"et_pb_row_1 et_pb_row et_flex_row preset--group--divi-row--divi-background--default\">\n<div class=\"et_pb_column_1 et_pb_column et-last-child et_flex_column et_pb_css_mix_blend_mode_passthrough et_flex_column_24_24 et_flex_column_24_24_tablet et_flex_column_24_24_phone preset--group--divi-column--divi-background--default\">\n<div class=\"et_pb_text_0 et_pb_text et_pb_bg_layout_light et_pb_module et_flex_module preset--group--divi-text--divi-background--default preset--module--divi-text--default\"><div class=\"et_pb_text_inner\"><p><strong>Angaben gem\u00e4\u00df Art. 3 Abs. 1 lit. s UWG<\/strong><\/p>\n<p>NUTAGEN Nutrigenetics GmbH<br \/>Firststrasse 6<br \/>8835 Feusisberg<br \/>Schweiz<br \/><a href=\"mailto:info@nutagen.com\">info@nutagen.com<\/a><\/p>\n<p><strong><\/strong><\/p>\n<p><strong>Vertretungsberechtigte Person(en):<\/strong><\/p>\n<p>Veronika Jaksch, GF<\/p>\n<p>\u00a0<\/p>\n<p><strong>Handelsregistereintrag:<\/strong><\/p>\n<p>Handelsregisternummer: CH-130.4.034.469-3<br \/>Handelsregisteramt: Schwyz<br \/>Mehrwertsteuer-Identifikationsnummer<br \/>CHE-253.505.311<\/p>\n<p><strong><\/strong><\/p>\n<p><strong>Haftungsausschluss<\/strong><\/p>\n<p>Haftung f\u00fcr Inhalte<br \/>Als Diensteanbieter sind wir gem\u00e4\u00df Art. 3 Abs. 1 lit. s UWG f\u00fcr eigene Inhalte auf diesen Seiten verantwortlich. Wir sind jedoch nicht verpflichtet, \u00fcbermittelte oder gespeicherte fremde Informationen zu \u00fcberwachen oder nach Umst\u00e4nden zu forschen, die auf eine rechtswidrige T\u00e4tigkeit hinweisen.<br \/>Verpflichtungen zur Entfernung oder Sperrung der Nutzung von Informationen nach den allgemeinen Gesetzen bleiben hiervon unber\u00fchrt. Eine diesbez\u00fcgliche Haftung ist jedoch erst ab dem Zeitpunkt der Kenntnis einer konkreten Rechtsverletzung m\u00f6glich. Bei Bekanntwerden von entsprechenden Rechtsverletzungen werden wir diese Inhalte umgehend entfernen.<\/p>\n<p>Haftung f\u00fcr Links<\/p>\n<p>Unser Angebot enth\u00e4lt Links zu externen Websites Dritter, auf deren Inhalte wir keinen Einfluss haben. Deshalb k\u00f6nnen wir f\u00fcr diese fremden Inhalte auch keine Gew\u00e4hr \u00fcbernehmen. F\u00fcr die Inhalte der verlinkten Seiten ist stets der jeweilige Anbieter oder Betreiber der Seiten verantwortlich.<\/p>\n<p>Die verlinkten Seiten wurden zum Zeitpunkt der Verlinkung auf m\u00f6gliche Rechtsverst\u00f6\u00dfe \u00fcberpr\u00fcft. Rechtswidrige Inhalte waren zum Zeitpunkt der Verlinkung nicht erkennbar. Eine permanente inhaltliche Kontrolle der verlinkten Seiten ist jedoch ohne konkrete Anhaltspunkte einer Rechtsverletzung nicht zumutbar. Bei Bekanntwerden von Rechtsverletzungen werden wir derartige Links umgehend entfernen.<\/p>\n<p><strong><\/strong><\/p>\n<p><strong>Urheberrecht<\/strong><\/p>\n<p>Die durch die Seitenbetreiber erstellten Inhalte und Werke auf diesen Seiten unterliegen dem schweizerischen Urheberrecht. Die Vervielf\u00e4ltigung, Bearbeitung, Verbreitung und jede Art der Verwertung au\u00dferhalb der Grenzen des Urheberrechtes bed\u00fcrfen der schriftlichen Zustimmung des jeweiligen Autors bzw. Erstellers. Downloads und Kopien dieser Seite sind nur f\u00fcr den privaten, nicht kommerziellen Gebrauch gestattet.<\/p>\n<p>Soweit die Inhalte auf dieser Seite nicht vom Betreiber erstellt wurden, werden die Urheberrechte Dritter beachtet. Insbesondere werden Inhalte Dritter als solche gekennzeichnet. Sollten Sie trotzdem auf eine Urheberrechtsverletzung aufmerksam werden, bitten wir um einen entsprechenden Hinweis. Bei Bekanntwerden von Rechtsverletzungen werden wir derartige Inhalte umgehend entfernen.<\/p>\n<p>Die Wort-\/Bildmarke \u00abNUTAGEN\u00bb ist beim Eidgen\u00f6ssischen Institut f\u00fcr geistiges Eigentum unter der Markennummer 802515 eingetragen. Die NUTAGEN Nutrigenetics \u00ab90-Tage-Box\u00bb ist beim Eidgen\u00f6ssischen Institut f\u00fcr geistiges Eigentum unter der Designnummer 148444<\/p>\n<\/div><\/div>\n<\/div>\n<\/div>\n<\/div>","protected":false},"excerpt":{"rendered":"","protected":false},"author":1,"featured_media":0,"parent":0,"menu_order":0,"comment_status":"closed","ping_status":"closed","template":"","meta":{"footnotes":""},"class_list":["post-232371","page","type-page","status-publish","hentry"],"_links":{"self":[{"href":"https:\/\/nutagen.com\/de\/wp-json\/wp\/v2\/pages\/232371","targetHints":{"allow":["GET"]}}],"collection":[{"href":"https:\/\/nutagen.com\/de\/wp-json\/wp\/v2\/pages"}],"about":[{"href":"https:\/\/nutagen.com\/de\/wp-json\/wp\/v2\/types\/page"}],"author":[{"embeddable":true,"href":"https:\/\/nutagen.com\/de\/wp-json\/wp\/v2\/users\/1"}],"replies":[{"embeddable":true,"href":"https:\/\/nutagen.com\/de\/wp-json\/wp\/v2\/comments?post=232371"}],"version-history":[{"count":16,"href":"https:\/\/nutagen.com\/de\/wp-json\/wp\/v2\/pages\/232371\/revisions"}],"predecessor-version":[{"id":25980475,"href":"https:\/\/nutagen.com\/de\/wp-json\/wp\/v2\/pages\/232371\/revisions\/25980475"}],"wp:attachment":[{"href":"https:\/\/nutagen.com\/de\/wp-json\/wp\/v2\/media?parent=232371"}],"curies":[{"name":"wp","href":"https:\/\/api.w.org\/{rel}","templated":true}]}}