{"id":25981251,"date":"2025-11-25T10:20:43","date_gmt":"2025-11-25T10:20:43","guid":{"rendered":"https:\/\/www.nutagen.com\/general-terms-and-conditions\/"},"modified":"2026-03-06T10:18:51","modified_gmt":"2026-03-06T10:18:51","slug":"vseobecne-obchodni-podminky","status":"publish","type":"page","link":"https:\/\/nutagen.com\/cs\/vseobecne-obchodni-podminky\/","title":{"rendered":"V\u0161eobecn\u00e9 obchodn\u00ed podm\u00ednky"},"content":{"rendered":"<div class=\"et_pb_section_0 et_pb_section et_section_regular et_flex_section preset--group--divi-section--divi-background--default\">\n<div class=\"et_pb_row_0 et_pb_row et_flex_row preset--group--divi-row--divi-background--default\">\n<div class=\"et_pb_column_0 et_pb_column et-last-child et_flex_column et_pb_css_mix_blend_mode_passthrough et_flex_column_24_24 et_flex_column_24_24_tablet et_flex_column_24_24_phone preset--group--divi-column--divi-background--default\">\n<div class=\"et_pb_heading_0 et_pb_heading et_pb_module et_flex_module preset--group--divi-heading--divi-background--default\"><div class=\"et_pb_heading_container\"><h1 class=\"et_pb_module_header\">V\u0161eobecn\u00e9 obchodn\u00ed podm\u00ednky spole\u010dnosti NUTAGEN Nutrigenetics GmbH<\/h1><\/div><\/div>\n<\/div>\n<\/div>\n<\/div>\n\n<div class=\"et_pb_section_1 et_pb_section et_section_regular et_flex_section preset--group--divi-section--divi-background--default\">\n<div class=\"et_pb_row_1 et_pb_row et_flex_row preset--group--divi-row--divi-background--default\">\n<div class=\"et_pb_column_1 et_pb_column et-last-child et_flex_column et_pb_css_mix_blend_mode_passthrough et_flex_column_24_24 et_flex_column_24_24_tablet et_flex_column_24_24_phone preset--group--divi-column--divi-background--default\">\n<div class=\"et_pb_text_0 et_pb_text et_pb_bg_layout_light et_pb_module et_flex_module preset--group--divi-text--divi-background--default preset--module--divi-text--default\"><div class=\"et_pb_text_inner\"><br \/>\n<h3>1. Rozsah<\/h3>\n<p><strong>1.1.<\/strong> Tyto v\u0161eobecn\u00e9 obchodn\u00ed podm\u00ednky (VOP) se vztahuj\u00ed na v\u0161echny obchodn\u00ed vztahy mezi spole\u010dnost\u00ed NUTAGEN Nutrigenetics GmbH (d\u00e1le jen \u201emy\u201c, \u201en\u00e1s\u201c nebo \u201ena\u0161e\u201c) a na\u0161imi z\u00e1kazn\u00edky (d\u00e1le jen \u201ez\u00e1kazn\u00edk\u201c) v oblasti prov\u00e1d\u011bn\u00ed a zprost\u0159edkov\u00e1n\u00ed epigenetick\u00fdch laboratorn\u00edch anal\u00fdz, souvisej\u00edc\u00edho vykazov\u00e1n\u00ed a distribuce dopl\u0148k\u016f stravy.<br \/>\n\t<strong>1.2.<\/strong> Odchyln\u00e9 nebo dopl\u0148kov\u00e9 podm\u00ednky z\u00e1kazn\u00edka nebudou uzn\u00e1ny, pokud s nimi v\u00fdslovn\u011b p\u00edsemn\u011b nesouhlas\u00edme.<\/p>\n<h3>2. Uzav\u0159en\u00ed smlouvy<\/h3>\n<p><strong>2.1.<\/strong> Na\u0161e nab\u00eddky jsou nez\u00e1vazn\u00e9 a mohou se zm\u011bnit.<br \/>\n\t<strong>2.2.<\/strong> Smlouva je uzav\u0159ena a\u017e po na\u0161em p\u00edsemn\u00e9m potvrzen\u00ed objedn\u00e1vky nebo po dod\u00e1n\u00ed zbo\u017e\u00ed.<br \/>\n\t<strong>2.3.<\/strong> \u00dastn\u00ed vedlej\u0161\u00ed dohody vy\u017eaduj\u00ed p\u00edsemn\u00e9 potvrzen\u00ed.<\/p>\n<h3>3. Informace o produktech a prohl\u00e1\u0161en\u00ed o vylou\u010den\u00ed odpov\u011bdnosti<\/h3>\n<p><strong>3.1.<\/strong> Na\u0161e epigenetick\u00e9 laboratorn\u00ed anal\u00fdzy a zpr\u00e1vy neobsahuj\u00ed l\u00e9ka\u0159sk\u00e9 diagn\u00f3zy ani doporu\u010den\u00ed l\u00e9\u010dby pro l\u00e9ka\u0159sk\u00e9 indikace; na\u0161e dopl\u0148ky stravy nejsou l\u00e9\u010div\u00fdmi p\u0159\u00edpravky, nemaj\u00ed farmakologick\u00fd \u00fa\u010dinek a nejsou ur\u010deny k l\u00e9\u010db\u011b nebo vyl\u00e9\u010den\u00ed nemoc\u00ed. Laboratorn\u00ed anal\u00fdzy a souvisej\u00edc\u00ed zpr\u00e1vy jsou prov\u00e1d\u011bny a p\u0159ipravov\u00e1ny v na\u0161\u00ed partnersk\u00e9 laborato\u0159i v EU.<br \/>\n\t<strong>3.2.<\/strong> Informace na na\u0161ich webov\u00fdch str\u00e1nk\u00e1ch a na obalech produkt\u016f nenahrazuj\u00ed radu l\u00e9ka\u0159e nebo l\u00e9k\u00e1rn\u00edka.<br \/>\n\t<strong>3.3.<\/strong> P\u0159ed pou\u017eit\u00edm analytick\u00e9 soupravy a u\u017eit\u00edm dopl\u0148k\u016f stravy je z\u00e1kazn\u00edk povinen pe\u010dliv\u011b si p\u0159e\u010d\u00edst v\u0161echny relevantn\u00ed informace o produktu a v p\u0159\u00edpad\u011b pot\u0159eby vyhledat l\u00e9ka\u0159skou pomoc.<br \/>\n\t<strong>3.4.<\/strong> Nep\u0159ij\u00edm\u00e1me \u017e\u00e1dnou odpov\u011bdnost za \u0161kody zp\u016fsoben\u00e9 nespr\u00e1vn\u00fdm pou\u017eit\u00edm nebo u\u017e\u00edv\u00e1n\u00edm na\u0161ich produkt\u016f.<\/p>\n<h3>4. Ceny a platebn\u00ed podm\u00ednky<\/h3>\n<p><strong>4.1.<\/strong>V\u0161echny ceny jsou uvedeny v uveden\u00e9 m\u011bn\u011b plus p\u0159\u00edslu\u0161n\u00e1 z\u00e1konn\u00e1 da\u0148 z p\u0159idan\u00e9 hodnoty, pokud je to relevantn\u00ed.<br \/>\n\t<strong>4.2.<\/strong> Platba se prov\u00e1d\u00ed p\u0159edem, pokud nen\u00ed dohodnuto jinak<br \/>\n\t<strong>4.3.<\/strong> V p\u0159\u00edpad\u011b opo\u017ed\u011bn\u00e9 platby jsme opr\u00e1vn\u011bni \u00fa\u010dtovat \u00farok z prodlen\u00ed ve v\u00fd\u0161i 12 % ro\u010dn\u011b.<br \/>\n\t<strong>4.4.<\/strong> Z\u00e1kazn\u00edk je opr\u00e1vn\u011bn k zapo\u010dten\u00ed nebo zadr\u017een\u00ed platby pouze v p\u0159\u00edpad\u011b, \u017ee jeho protin\u00e1roky byly pr\u00e1voplatn\u011b stanoveny nebo n\u00e1mi uzn\u00e1ny.<\/p>\n<h3>5. Dod\u00e1n\u00ed a p\u0159eprava<\/h3>\n<p><strong>5.1.<\/strong> Dod\u00e1vka se prov\u00e1d\u00ed z na\u0161eho distribu\u010dn\u00edho skladu.<br \/>\n\t<strong>5.2.<\/strong> Dodac\u00ed lh\u016fty jsou nez\u00e1vazn\u00e9, pokud nebyla v\u00fdslovn\u011b dohodnuta z\u00e1vazn\u00e1 lh\u016fta.<br \/>\n\t<strong>5.3.<\/strong> Riziko n\u00e1hodn\u00e9 ztr\u00e1ty a n\u00e1hodn\u00e9ho po\u0161kozen\u00ed zbo\u017e\u00ed p\u0159ech\u00e1z\u00ed na z\u00e1kazn\u00edka p\u0159i p\u0159ed\u00e1n\u00ed z\u00e1kazn\u00edkovi nebo dopravci.<br \/>\n\t<strong>5.4.<\/strong> N\u00e1klady na dopravu hrad\u00ed z\u00e1kazn\u00edk, pokud nen\u00ed dohodnuto jinak.<\/p>\n<h3>6. V\u00fdhrada vlastnictv\u00ed<\/h3>\n<p><strong>6.1.<\/strong> Dodan\u00e9 zbo\u017e\u00ed z\u016fst\u00e1v\u00e1 na\u0161\u00edm majetkem a\u017e do \u00fapln\u00e9ho zaplacen\u00ed kupn\u00ed ceny.<br \/>\n\t<strong>6.2.<\/strong> Z\u00e1kazn\u00edk je povinen zach\u00e1zet se zbo\u017e\u00edm b\u011bhem doby, po kterou trv\u00e1 v\u00fdhrada vlastnictv\u00ed, s n\u00e1le\u017eitou p\u00e9\u010d\u00ed a neprodlen\u011b n\u00e1s informovat o jak\u00e9mkoli zabaven\u00ed nebo jin\u00fdch z\u00e1saz\u00edch t\u0159et\u00edch osob.<\/p>\n<h3>7. Z\u00e1ruka<\/h3>\n<p><strong>7.1.<\/strong> V p\u0159\u00edpad\u011b vad zbo\u017e\u00ed jsme opr\u00e1vn\u011bni podle vlastn\u00edho uv\u00e1\u017een\u00ed vadu odstranit opravou nebo v\u00fdm\u011bnou.<br \/>\n\t<strong>7.2.<\/strong> Pokud n\u00e1prava sel\u017ee, m\u016f\u017ee z\u00e1kazn\u00edk podle sv\u00e9ho uv\u00e1\u017een\u00ed po\u017eadovat sn\u00ed\u017een\u00ed ceny nebo odstoupen\u00ed od smlouvy.<br \/>\n\t<strong>7.3.<\/strong> Zjevn\u00e9 vady n\u00e1m mus\u00ed b\u00fdt nahl\u00e1\u0161eny p\u00edsemn\u011b do 5 dn\u016f od dod\u00e1n\u00ed, jinak jsou reklamace ze z\u00e1ruky vylou\u010deny.<\/p>\n<h3>8. Odpov\u011bdnost<\/h3>\n<p><strong>8.1.<\/strong> Odpov\u00edd\u00e1me pouze za \u00famysln\u00e9 jedn\u00e1n\u00ed a hrubou nedbalost.<br \/>\n\t<strong>8.2.<\/strong> Odpov\u011bdnost za lehkou nedbalost je vylou\u010dena.<br \/>\n\t<strong>8.3.<\/strong> Odpov\u011bdnost za nep\u0159\u00edm\u00e9 \u0161kody, n\u00e1sledn\u00e9 \u0161kody a u\u0161l\u00fd zisk je vylou\u010dena.<br \/>\n\t<strong>8.4.<\/strong> Omezen\u00ed odpov\u011bdnosti se nevztahuje na \u0161kody vypl\u00fdvaj\u00edc\u00ed z \u00fajmy na \u017eivot\u011b, t\u011blesn\u00e9m zdrav\u00ed nebo zdrav\u00ed<\/p>\n<h3>9. Ochrana osobn\u00edch \u00fadaj\u016f<\/h3>\n<p><strong>9.1.<\/strong> Osobn\u00ed \u00fadaje z\u00e1kazn\u00edk\u016f shroma\u017e\u010fujeme, zpracov\u00e1v\u00e1me a pou\u017e\u00edv\u00e1me v souladu s pr\u00e1vn\u00edmi p\u0159edpisy.<br \/>\n\t<strong>9.2.<\/strong> Z\u00e1kazn\u00edk m\u00e1 pr\u00e1vo na p\u0159\u00edstup, opravu, v\u00fdmaz a blokov\u00e1n\u00ed sv\u00fdch osobn\u00edch \u00fadaj\u016f.<br \/>\n\t<strong>9.3<\/strong> Dal\u0161\u00ed informace o ochran\u011b osobn\u00edch \u00fadaj\u016f naleznete v na\u0161ich konkr\u00e9tn\u00edch ustanoven\u00edch o ochran\u011b osobn\u00edch \u00fadaj\u016f.<\/p>\n<h3>10. Rozhodn\u00e9 pr\u00e1vo a m\u00edsto soudn\u00ed p\u0159\u00edslu\u0161nosti<\/h3>\n<p><strong>10.1.<\/strong> Plat\u00ed \u0161v\u00fdcarsk\u00e9 pr\u00e1vo.<br \/>\n\t<strong>10.2.<\/strong> M\u00edstem jurisdikce pro v\u0161echny spory vypl\u00fdvaj\u00edc\u00ed z t\u00e9to smlouvy nebo v souvislosti s n\u00ed je Feusisberg (\u0160v\u00fdcarsko).<\/p>\n<h3>11. Z\u00e1v\u011bre\u010dn\u00e1 ustanoven\u00ed<\/h3>\n<p><strong>11.1.<\/strong> Pokud by jednotliv\u00e1 ustanoven\u00ed t\u011bchto VOP byla nebo se stala neplatn\u00fdmi, z\u016fst\u00e1v\u00e1 platnost zb\u00fdvaj\u00edc\u00edch ustanoven\u00ed nedot\u010dena.<br \/>\n\t<strong>11.2.<\/strong> Zm\u011bny nebo dopln\u011bn\u00ed t\u011bchto VOP mus\u00ed b\u00fdt provedeny p\u00edsemn\u011b.<\/p>\n<p><\/body><\/p>\n<\/div><\/div>\n<\/div>\n<\/div>\n<\/div>","protected":false},"excerpt":{"rendered":"","protected":false},"author":1,"featured_media":0,"parent":0,"menu_order":0,"comment_status":"closed","ping_status":"closed","template":"","meta":{"footnotes":""},"class_list":["post-25981251","page","type-page","status-publish","hentry"],"_links":{"self":[{"href":"https:\/\/nutagen.com\/cs\/wp-json\/wp\/v2\/pages\/25981251","targetHints":{"allow":["GET"]}}],"collection":[{"href":"https:\/\/nutagen.com\/cs\/wp-json\/wp\/v2\/pages"}],"about":[{"href":"https:\/\/nutagen.com\/cs\/wp-json\/wp\/v2\/types\/page"}],"author":[{"embeddable":true,"href":"https:\/\/nutagen.com\/cs\/wp-json\/wp\/v2\/users\/1"}],"replies":[{"embeddable":true,"href":"https:\/\/nutagen.com\/cs\/wp-json\/wp\/v2\/comments?post=25981251"}],"version-history":[{"count":3,"href":"https:\/\/nutagen.com\/cs\/wp-json\/wp\/v2\/pages\/25981251\/revisions"}],"predecessor-version":[{"id":25981254,"href":"https:\/\/nutagen.com\/cs\/wp-json\/wp\/v2\/pages\/25981251\/revisions\/25981254"}],"wp:attachment":[{"href":"https:\/\/nutagen.com\/cs\/wp-json\/wp\/v2\/media?parent=25981251"}],"curies":[{"name":"wp","href":"https:\/\/api.w.org\/{rel}","templated":true}]}}