{"id":25981241,"date":"2022-04-28T13:12:22","date_gmt":"2022-04-28T13:12:22","guid":{"rendered":"https:\/\/www.nutagen.com\/imprint\/"},"modified":"2026-03-06T09:46:07","modified_gmt":"2026-03-06T09:46:07","slug":"impressum","status":"publish","type":"page","link":"https:\/\/nutagen.com\/cs\/impressum\/","title":{"rendered":"Impressum"},"content":{"rendered":"<div class=\"et_pb_section_0 et_pb_section et_section_regular et_flex_section preset--group--divi-section--divi-background--default\">\n<div class=\"et_pb_row_0 et_pb_row et_flex_row preset--group--divi-row--divi-background--default\">\n<div class=\"et_pb_column_0 et_pb_column et-last-child et_flex_column et_pb_css_mix_blend_mode_passthrough et_flex_column_24_24 et_flex_column_24_24_tablet et_flex_column_24_24_phone preset--group--divi-column--divi-background--default\">\n<div class=\"et_pb_heading_0 et_pb_heading et_pb_module et_flex_module preset--group--divi-heading--divi-background--default\"><div class=\"et_pb_heading_container\"><h1 class=\"et_pb_module_header\">Impressum<\/h1><\/div><\/div>\n<\/div>\n<\/div>\n<\/div>\n\n<div class=\"et_pb_section_1 et_pb_section et_section_regular et_flex_section preset--group--divi-section--divi-background--default\">\n<div class=\"et_pb_row_1 et_pb_row et_flex_row preset--group--divi-row--divi-background--default\">\n<div class=\"et_pb_column_1 et_pb_column et-last-child et_flex_column et_pb_css_mix_blend_mode_passthrough et_flex_column_24_24 et_flex_column_24_24_tablet et_flex_column_24_24_phone preset--group--divi-column--divi-background--default\">\n<div class=\"et_pb_text_0 et_pb_text et_pb_bg_layout_light et_pb_module et_flex_module preset--group--divi-text--divi-background--default preset--module--divi-text--default\"><div class=\"et_pb_text_inner\"><p><strong>Informace podle \u010dl. 3 odst. 1 p\u00edsm. s UWG<\/strong><\/p>\n<p>NUTAGEN Nutrigenetics GmbH<br \/>\nFirststrasse 6<br \/>\n8835 Feusisberg<br \/>\n\u0160v\u00fdcarsko<br \/>\n<a href=\"mailto:info@nutagen.com\">info@nutagen.com<\/a><\/p>\n<p><strong><\/strong><\/p>\n<p><strong>Zmocn\u011bn\u00fd z\u00e1stupce:<\/strong><\/p>\n<p>Veronika Jaksch, jednatelka<\/p>\n<p>&nbsp;<\/p>\n<p><strong>Z\u00e1pis v obchodn\u00edm rejst\u0159\u00edku:<\/strong><\/p>\n<p>\u010c\u00edslo obchodn\u00edho rejst\u0159\u00edku: CH-130.4.034.469-3<br \/>\nObchodn\u00ed rejst\u0159\u00edk: Schwyz<br \/>\nIdentifika\u010dn\u00ed \u010d\u00edslo pro da\u0148 z p\u0159idan\u00e9 hodnoty<br \/>\nCHE-253.505.311<\/p>\n<p><strong><\/strong><\/p>\n<p><strong>Prohl\u00e1\u0161en\u00ed<\/strong><\/p>\n<p><em>Odpov\u011bdnost za obsah<\/em><br \/>\nJako poskytovatel slu\u017eeb jsme odpov\u011bdn\u00ed za vlastn\u00ed obsah t\u011bchto str\u00e1nek v souladu s \u010dl. 3 odst. 1 p\u00edsm. s UWG. Nejsme v\u0161ak povinni sledovat p\u0159en\u00e1\u0161en\u00e9 nebo ulo\u017een\u00e9 informace t\u0159et\u00edch stran ani vy\u0161et\u0159ovat okolnosti, kter\u00e9 nazna\u010duj\u00ed protipr\u00e1vn\u00ed \u010dinnost.<br \/>\nPovinnosti odstranit nebo zablokovat pou\u017eit\u00ed informac\u00ed v souladu s obecn\u00fdmi z\u00e1kony t\u00edm z\u016fst\u00e1vaj\u00ed nedot\u010deny. Odpov\u011bdnost v tomto ohledu je v\u0161ak mo\u017en\u00e1 pouze od okam\u017eiku, kdy se dozv\u00edme o konkr\u00e9tn\u00edm poru\u0161en\u00ed z\u00e1kona. Pokud se o takov\u00e9m poru\u0161en\u00ed z\u00e1kona dozv\u00edme, tento obsah okam\u017eit\u011b odstran\u00edme.<\/p>\n<p><em>Odpov\u011bdnost za odkazy<\/em><br \/>\nNa\u0161e webov\u00e9 str\u00e1nky obsahuj\u00ed odkazy na extern\u00ed webov\u00e9 str\u00e1nky t\u0159et\u00edch stran, na jejich\u017e obsah nem\u00e1me \u017e\u00e1dn\u00fd vliv. Proto nem\u016f\u017eeme p\u0159ijmout \u017e\u00e1dnou odpov\u011bdnost za tento obsah t\u0159et\u00edch stran. Za obsah odkazovan\u00fdch str\u00e1nek je v\u017edy odpov\u011bdn\u00fd p\u0159\u00edslu\u0161n\u00fd poskytovatel nebo provozovatel.<\/p>\n<p>Odkazovan\u00e9 str\u00e1nky byly v dob\u011b vytvo\u0159en\u00ed odkazu zkontrolov\u00e1ny z hlediska mo\u017en\u00e9ho poru\u0161en\u00ed pr\u00e1vn\u00edch p\u0159edpis\u016f. V dob\u011b vytvo\u0159en\u00ed odkazu nebyl rozpozn\u00e1n \u017e\u00e1dn\u00fd neleg\u00e1ln\u00ed obsah. Trval\u00e9 sledov\u00e1n\u00ed obsahu odkazovan\u00fdch str\u00e1nek v\u0161ak nen\u00ed bez konkr\u00e9tn\u00edch d\u016fkaz\u016f o poru\u0161en\u00ed z\u00e1kona p\u0159im\u011b\u0159en\u00e9. Pokud se dozv\u00edme o poru\u0161en\u00ed z\u00e1kona, takov\u00e9 odkazy okam\u017eit\u011b odstran\u00edme.<\/p>\n<p><strong><\/strong><\/p>\n<p><strong>Autorsk\u00e1 pr\u00e1va<\/strong><\/p>\n<p>Obsah a d\u00edla na t\u011bchto str\u00e1nk\u00e1ch vytvo\u0159en\u00e1 provozovateli webu podl\u00e9haj\u00ed \u0161v\u00fdcarsk\u00e9mu autorsk\u00e9mu pr\u00e1vu. Reprodukce, \u00faprava, distribuce a jak\u00e9koli pou\u017eit\u00ed mimo r\u00e1mec autorsk\u00e9ho pr\u00e1va vy\u017eaduj\u00ed p\u00edsemn\u00fd souhlas p\u0159\u00edslu\u0161n\u00e9ho autora nebo tv\u016frce. Stahov\u00e1n\u00ed a kop\u00edrov\u00e1n\u00ed tohoto webu je povoleno pouze pro soukrom\u00e9, nekomer\u010dn\u00ed \u00fa\u010dely.<\/p>\n<p>Pokud obsah t\u00e9to str\u00e1nky nebyl vytvo\u0159en provozovatelem, jsou respektov\u00e1na autorsk\u00e1 pr\u00e1va t\u0159et\u00edch stran. Obsah t\u0159et\u00edch stran je zejm\u00e9na ozna\u010den jako takov\u00fd. Pokud p\u0159esto zjist\u00edte poru\u0161en\u00ed autorsk\u00fdch pr\u00e1v, informujte n\u00e1s o tom. Jakmile se o poru\u0161en\u00ed dozv\u00edme, takov\u00fd obsah okam\u017eit\u011b odstran\u00edme.<\/p>\n<p>Slovn\u00ed\/obrazov\u00e1 zna\u010dka \u201eNUTAGEN\u201c je registrov\u00e1na u \u0160v\u00fdcarsk\u00e9ho feder\u00e1ln\u00edho institutu du\u0161evn\u00edho vlastnictv\u00ed pod \u010d\u00edslem ochrann\u00e9 zn\u00e1mky 802515. NUTAGEN Nutrigenetics \u201e90-day box\u201c je registrov\u00e1n u \u0160v\u00fdcarsk\u00e9ho feder\u00e1ln\u00edho institutu du\u0161evn\u00edho vlastnictv\u00ed pod \u010d\u00edslem designu 148444.<\/p>\n<\/div><\/div>\n<\/div>\n<\/div>\n<\/div>","protected":false},"excerpt":{"rendered":"","protected":false},"author":1,"featured_media":0,"parent":0,"menu_order":0,"comment_status":"closed","ping_status":"closed","template":"","meta":{"footnotes":""},"class_list":["post-25981241","page","type-page","status-publish","hentry"],"_links":{"self":[{"href":"https:\/\/nutagen.com\/cs\/wp-json\/wp\/v2\/pages\/25981241","targetHints":{"allow":["GET"]}}],"collection":[{"href":"https:\/\/nutagen.com\/cs\/wp-json\/wp\/v2\/pages"}],"about":[{"href":"https:\/\/nutagen.com\/cs\/wp-json\/wp\/v2\/types\/page"}],"author":[{"embeddable":true,"href":"https:\/\/nutagen.com\/cs\/wp-json\/wp\/v2\/users\/1"}],"replies":[{"embeddable":true,"href":"https:\/\/nutagen.com\/cs\/wp-json\/wp\/v2\/comments?post=25981241"}],"version-history":[{"count":3,"href":"https:\/\/nutagen.com\/cs\/wp-json\/wp\/v2\/pages\/25981241\/revisions"}],"predecessor-version":[{"id":25981244,"href":"https:\/\/nutagen.com\/cs\/wp-json\/wp\/v2\/pages\/25981241\/revisions\/25981244"}],"wp:attachment":[{"href":"https:\/\/nutagen.com\/cs\/wp-json\/wp\/v2\/media?parent=25981241"}],"curies":[{"name":"wp","href":"https:\/\/api.w.org\/{rel}","templated":true}]}}