{"id":25981217,"date":"2025-11-27T13:20:57","date_gmt":"2025-11-27T13:20:57","guid":{"rendered":"https:\/\/www.nutagen.com\/detailed-evaluation\/"},"modified":"2026-03-06T07:43:31","modified_gmt":"2026-03-06T07:43:31","slug":"podrobne-hodnoceni","status":"publish","type":"page","link":"https:\/\/nutagen.com\/cs\/podrobne-hodnoceni\/","title":{"rendered":"Podrobn\u00e9 hodnocen\u00ed"},"content":{"rendered":"<div class=\"et_pb_section_0 et_pb_section et_section_regular et_flex_section preset--group--divi-section--divi-background--default\">\n<div class=\"et_pb_row_0 et_pb_row et_flex_row preset--group--divi-row--divi-background--default\">\n<div class=\"et_pb_column_0 et_pb_column et-last-child et_flex_column et_pb_css_mix_blend_mode_passthrough et_flex_column_24_24 et_flex_column_24_24_tablet et_flex_column_24_24_phone preset--group--divi-column--divi-background--default\">\n<div class=\"et_pb_heading_0 et_pb_heading et_pb_module et_flex_module preset--group--divi-heading--divi-background--default\"><div class=\"et_pb_heading_container\"><h1 class=\"et_pb_module_header\">Podrobn\u00e9 hodnocen\u00ed<\/h1><\/div><\/div>\n<\/div>\n<\/div>\n<\/div>\n\n<div class=\"et_pb_section_1 et_pb_section et_section_regular et_flex_section preset--group--divi-section--divi-background--default\">\n<div class=\"et_pb_row_1 et_pb_row et_flex_row preset--group--divi-row--divi-background--default\">\n<div class=\"et_pb_column_1 et_pb_column et-last-child et_flex_column et_pb_css_mix_blend_mode_passthrough et_flex_column_24_24 et_flex_column_24_24_tablet et_flex_column_24_24_phone preset--group--divi-column--divi-background--default\">\n<div class=\"et_pb_text_0 et_pb_text et_pb_bg_layout_light et_pb_module et_flex_module preset--group--divi-text--divi-background--default preset--module--divi-text--default\"><div class=\"et_pb_text_inner\"><p>Nutagen Nutrigenetics pou\u017e\u00edv\u00e1 k ur\u010den\u00ed intervence mnohem komplexn\u011bj\u0161\u00ed a p\u0159esn\u011bj\u0161\u00ed z\u00e1kladn\u00ed data ne\u017e personalizovan\u00e9 produkty konkurence. Sou\u010dasn\u00ed poskytovatel\u00e9 analyzuj\u00ed pouze statick\u00e9 a levn\u00e9 GEN SNP (jednonukleotidov\u00e9 polymorfismy) ve spojen\u00ed s vyhodnocen\u00edm dotazn\u00edku z\u00e1kazn\u00edka, aby mohli vyvinout sv\u00e9 produkty. Takov\u00e9 genetick\u00e9 testy neumo\u017e\u0148uj\u00ed jednozna\u010dn\u00e9 posouzen\u00ed epigenetick\u00e9 reakce jednotlivce.<\/p>\n<p>Nutagen jde rozhoduj\u00edc\u00edm krokem d\u00e1le a analyzuje p\u0159edev\u0161\u00edm v\u00fdznamn\u00fd v\u00fdb\u011br epigenetick\u00fdch faktor\u016f. Pouze kombinace vybran\u00fdch z\u00e1kladn\u00edch \u00fadaj\u016f s p\u0159esnou anal\u00fdzou \u201eepigenetick\u00e9 = dynamick\u00e9 odchylky\u201c individu\u00e1ln\u00edho pl\u00e1nu odhal\u00ed, kter\u00e9 geny lze reaktivovat\/deaktivovat a\/nebo opravit pomoc\u00ed kter\u00fdch fytonutrient\u016f. Tento holistick\u00fd panel je zalo\u017een na nejnov\u011bj\u0161\u00edm v\u011bdeck\u00e9m v\u00fdzkumu a byl d\u016fkladn\u011b ov\u011b\u0159en (*ov\u011b\u0159ovac\u00ed studie HealthBioCare NUTAGEN z \u0159\u00edjna 2024).<\/p>\n<\/div><\/div>\n<\/div>\n<\/div>\n<\/div>\n\n<div class=\"et_pb_section_2 et_pb_section et_section_regular et_flex_section preset--group--divi-section--divi-background--default\">\n<div class=\"et_pb_row_2 et_pb_row et_flex_row preset--group--divi-row--divi-background--default\">\n<div class=\"et_pb_column_2 et_pb_column et-last-child et_flex_column et_pb_css_mix_blend_mode_passthrough et_flex_column_24_24 et_flex_column_24_24_tablet et_flex_column_24_24_phone preset--group--divi-column--divi-background--default\">\n<div class=\"et_pb_heading_1 et_pb_heading et_pb_module et_flex_module preset--group--divi-heading--divi-background--default\"><div class=\"et_pb_heading_container\"><h2 class=\"et_pb_module_header\">1. Anal\u00fdza vybran\u00fdch genov\u00fdch SNP<\/h2><\/div><\/div>\n<\/div>\n<\/div>\n\n<div class=\"et_pb_row_3 et_pb_row et_flex_row preset--group--divi-row--divi-background--default\">\n<div class=\"et_pb_column_3 et_pb_column et-last-child et_flex_column et_pb_css_mix_blend_mode_passthrough et_flex_column_24_24 et_flex_column_24_24_tablet et_flex_column_24_24_phone preset--group--divi-column--divi-background--default\">\n<div class=\"et_pb_image_0 et_pb_image et_pb_module et_flex_module preset--group--divi-image--divi-background--default\"><span class=\"et_pb_image_wrap\"><img loading=\"lazy\" decoding=\"async\" src=\"https:\/\/www.nutagen.com\/wp-content\/uploads\/analyse_01.jpg\" width=\"1920\" height=\"950\" srcset=\"https:\/\/www.nutagen.com\/wp-content\/uploads\/analyse_01.jpg 1920w\" sizes=\"(max-width: 1920px) 100vw, 1920px\" class=\"wp-image-25980225\" \/><\/span><\/div>\n<\/div>\n<\/div>\n\n<div class=\"et_pb_row_4 et_pb_row et_flex_row preset--group--divi-row--divi-background--default\">\n<div class=\"et_pb_column_4 et_pb_column et-last-child et_flex_column et_pb_css_mix_blend_mode_passthrough et_flex_column_24_24 et_flex_column_24_24_tablet et_flex_column_24_24_phone preset--group--divi-column--divi-background--default\">\n<div class=\"et_pb_text_1 et_pb_text et_pb_bg_layout_light et_pb_module et_flex_module preset--group--divi-text--divi-background--default preset--module--divi-text--default\"><div class=\"et_pb_text_inner\"><p>Bylo zji\u0161t\u011bno, \u017ee SNP hraj\u00ed v\u00fdznamnou roli ve v\u00fdvoji a progresi r\u016fzn\u00fdch onemocn\u011bn\u00ed. V\u011bdci vyu\u017e\u00edvaj\u00ed SNP k identifikaci genetick\u00fdch variant spojen\u00fdch s konkr\u00e9tn\u00edmi onemocn\u011bn\u00edmi. To vedlo k objevu gen\u016f spojen\u00fdch s r\u016fzn\u00fdmi onemocn\u011bn\u00edmi, v\u010detn\u011b srde\u010dn\u00edch onemocn\u011bn\u00ed, rakoviny, du\u0161evn\u00edch poruch (nap\u0159. schizofrenie, deprese) a autoimunitn\u00edch onemocn\u011bn\u00ed (nap\u0159. lupus) v l\u00e9ka\u0159sk\u00e9m v\u00fdzkumu.<\/p>\n<p>Identifikace SNP tak\u00e9 umo\u017e\u0148uje p\u0159izp\u016fsobit l\u00e9\u010dbu individu\u00e1ln\u00edm genetick\u00fdm charakteristik\u00e1m dan\u00e9 osoby..<\/p>\n<p><strong>1. FTO (gen spojen\u00fd s tukovou hmotou a obezitou)<\/strong><br \/>Gen FTO ovliv\u0148uje regulaci t\u011blesn\u00e9 hmotnosti a hromad\u011bn\u00ed tuku. Hraje roli v kontrole chuti k j\u00eddlu a energetick\u00e9 rovnov\u00e1hy t\u00edm, \u017ee reguluje v\u00fddej energie a pocit hladu.<\/p>\n<p><strong>2.MTHFR (methylentetrahydrofol\u00e1t redukt\u00e1za)<\/strong><br \/>SNP MTHFR (methylentetrahydrofol\u00e1t redukt\u00e1za) odkazuje na genetick\u00e9 varianty v genu MTHFR, kter\u00fd je zodpov\u011bdn\u00fd za produkci enzymu zvan\u00e9ho methylentetrahydrofol\u00e1t redukt\u00e1za. Tento enzym hraje \u00fast\u0159edn\u00ed roli v metabolismu fol\u00e1tu (vitam\u00ednu B9), kter\u00fd je nezbytn\u00fd pro procesy, jako je d\u011blen\u00ed bun\u011bk, oprava DNA a produkce d\u016fle\u017eit\u00fdch molekul v t\u011ble. Je tak\u00e9 z\u00e1sadn\u00ed pro p\u0159em\u011bnu homocysteinu na methionin, aminokyselinu, kter\u00e1 je d\u016fle\u017eit\u00e1 pro synt\u00e9zu b\u00edlkovin a ochranu bun\u011bk.<\/p>\n<p><strong>3. FADS1 (desatur\u00e1za mastn\u00fdch kyselin 1)<\/strong><br \/>TGen FADS1 k\u00f3duje enzym, kter\u00fd umo\u017e\u0148uje p\u0159em\u011bnu omega-3 a omega-6 mastn\u00fdch kyselin na jejich aktivn\u00ed formy (EPA a DHA). Tyto mastn\u00e9 kyseliny jsou z\u00e1sadn\u00ed pro bun\u011b\u010dn\u00e9 membr\u00e1ny, mozek a protiz\u00e1n\u011btliv\u00e9 procesy.<\/p>\n<\/div><\/div>\n<\/div>\n<\/div>\n<\/div>\n\n<div class=\"et_pb_section_3 et_pb_section et_section_regular et_flex_section preset--group--divi-section--divi-background--default\">\n<div class=\"et_pb_row_5 et_pb_row et_flex_row preset--group--divi-row--divi-background--default\">\n<div class=\"et_pb_column_5 et_pb_column et-last-child et_flex_column et_pb_css_mix_blend_mode_passthrough et_flex_column_24_24 et_flex_column_24_24_tablet et_flex_column_24_24_phone preset--group--divi-column--divi-background--default\">\n<div class=\"et_pb_heading_2 et_pb_heading et_pb_module et_flex_module preset--group--divi-heading--divi-background--default\"><div class=\"et_pb_heading_container\"><h2 class=\"et_pb_module_header\">2. P\u0159esn\u00e1 anal\u00fdza specifick\u00fdch epigenetick\u00fdch biomarker\u016f (mikroRNA)<\/h2><\/div><\/div>\n<\/div>\n<\/div>\n\n<div class=\"et_pb_row_6 et_pb_row et_flex_row preset--group--divi-row--divi-background--default\">\n<div class=\"et_pb_column_6 et_pb_column et-last-child et_flex_column et_pb_css_mix_blend_mode_passthrough et_flex_column_24_24 et_flex_column_24_24_tablet et_flex_column_24_24_phone preset--group--divi-column--divi-background--default\">\n<div class=\"et_pb_image_1 et_pb_image et_pb_module et_flex_module preset--group--divi-image--divi-background--default\"><span class=\"et_pb_image_wrap\"><img loading=\"lazy\" decoding=\"async\" src=\"https:\/\/www.nutagen.com\/wp-content\/uploads\/analyse_03.jpg\" width=\"1920\" height=\"950\" srcset=\"https:\/\/www.nutagen.com\/wp-content\/uploads\/analyse_03.jpg 1920w\" sizes=\"(max-width: 1920px) 100vw, 1920px\" class=\"wp-image-25980223\" \/><\/span><\/div>\n<\/div>\n<\/div>\n\n<div class=\"et_pb_row_7 et_pb_row et_flex_row preset--group--divi-row--divi-background--default\">\n<div class=\"et_pb_column_7 et_pb_column et-last-child et_flex_column et_pb_css_mix_blend_mode_passthrough et_flex_column_24_24 et_flex_column_24_24_tablet et_flex_column_24_24_phone preset--group--divi-column--divi-background--default\">\n<div class=\"et_pb_text_2 et_pb_text et_pb_bg_layout_light et_pb_module et_flex_module preset--group--divi-text--divi-background--default preset--module--divi-text--default\"><div class=\"et_pb_text_inner\"><p>Anal\u00fdza Nutagen se zam\u011b\u0159uje zejm\u00e9na na relativn\u011b nezn\u00e1m\u00e9, ale velmi zaj\u00edmav\u00e9 molekuly zn\u00e1m\u00e9 jako mikroRNA nebo miRNA (mikro ribonukleov\u00e9 kyseliny). Jedn\u00e1 se o nov\u011b objeven\u00e9 biomarkery, kter\u00e9 pln\u00ed velmi d\u016fle\u017eit\u00e9 kl\u00ed\u010dov\u00e9 funkce v regulaci biologick\u00fdch proces\u016f, jako je proliferace, diferenciace, bun\u011b\u010dn\u00fd cyklus a apopt\u00f3za. Objev a funk\u010dnost t\u011bchto molekul byly v roce 2024 ocen\u011bny  <a href=\"https:\/\/www.nobelprize.org\/prizes\/medicine\/2024\/summary\/\" target=\"_blank\" rel=\"noopener\">Nobelovou cenou za medic\u00ednu<\/a>.<\/p>\n<\/div><\/div>\n\n<div class=\"et_pb_text_3 et_pb_text et_pb_bg_layout_light et_pb_module et_flex_module preset--group--divi-text--divi-background--default preset--module--divi-text--default\"><div class=\"et_pb_text_inner\"><p>miRNA se v\u00e1\u017eou na messengerRNA (mRNA) a t\u00edm inhibuj\u00ed biosynt\u00e9zu protein\u016f, \u010d\u00edm\u017e sni\u017euj\u00ed mno\u017estv\u00ed protein\u016f v bu\u0148ce. Dosud bylo identifikov\u00e1no v\u00edce ne\u017e 2000 miRNA, kter\u00e9 reguluj\u00ed asi jednu t\u0159etinu v\u0161ech gen\u016f k\u00f3duj\u00edc\u00edch proteiny. N\u00e1sleduj\u00edc\u00ed miRNA jsou individu\u00e1ln\u011b vyhodnocov\u00e1ny pomoc\u00ed laboratorn\u00edho testu:<\/p>\n<ul>\n<li>5 individu\u00e1ln\u00edch miRNA pro hodnocen\u00ed fyziologick\u00e9 \u00farovn\u011b stresu<\/li>\n<ul>\n<li>Indik\u00e1tor chronick\u00e9ho stresu 2 let7g-5p<\/li>\n<li>Indik\u00e1tor reguluj\u00edc\u00ed serotonin microRNA-16-5p<\/li>\n<li>Neuron\u00e1ln\u00ed indik\u00e1tor microRNA-15a-5p<\/li>\n<li>Indik\u00e1tor aktivuj\u00edc\u00ed imunitn\u00ed sign\u00e1l microRNA-106b-5p<\/li>\n<li>Indik\u00e1tor ochrany bun\u011bk microRNA-21-5p<\/li>\n<\/ul>\n<li>3 individu\u00e1ln\u00ed miRNA pro hodnocen\u00ed rychlosti st\u00e1rnut\u00ed a jeho zpomalen\u00ed (hodiny dlouhov\u011bkosti)<\/li>\n<ul>\n<li>mikroRNA-21 (biomarker pro z\u00e1n\u011bt, bun\u011b\u010dn\u00fd stres, kardiovaskul\u00e1rn\u00ed a v\u011bkem podm\u00edn\u011bn\u00e1 onemocn\u011bn\u00ed)<\/li>\n<li>microRNA-24 (biomarker pro bun\u011b\u010dn\u00fd stres, st\u00e1rnut\u00ed, kardiovaskul\u00e1rn\u00ed po\u0161kozen\u00ed)<\/li>\n<li>microRNA-155 (biomarker pro imunitn\u00ed aktivaci, z\u00e1n\u011bt a imunitn\u00ed zm\u011bny souvisej\u00edc\u00ed s v\u011bkem)<\/li>\n<\/ul>\n<\/ul>\n<\/div><\/div>\n<\/div>\n<\/div>\n<\/div>\n\n<div class=\"et_pb_section_4 et_pb_section et_section_regular et_flex_section preset--group--divi-section--divi-background--default\">\n<div class=\"et_pb_row_8 et_pb_row et_flex_row preset--group--divi-row--divi-background--default\">\n<div class=\"et_pb_column_8 et_pb_column et-last-child et_flex_column et_pb_css_mix_blend_mode_passthrough et_flex_column_24_24 et_flex_column_24_24_tablet et_flex_column_24_24_phone preset--group--divi-column--divi-background--default\">\n<div class=\"et_pb_heading_3 et_pb_heading et_pb_module et_flex_module preset--group--divi-heading--divi-background--default\"><div class=\"et_pb_heading_container\"><h2 class=\"et_pb_module_header\">3. M\u011b\u0159en\u00ed d\u00e9lky telomer<\/h2><\/div><\/div>\n<\/div>\n<\/div>\n\n<div class=\"et_pb_row_9 et_pb_row et_flex_row preset--group--divi-row--divi-background--default\">\n<div class=\"et_pb_column_9 et_pb_column et-last-child et_flex_column et_pb_css_mix_blend_mode_passthrough et_flex_column_24_24 et_flex_column_24_24_tablet et_flex_column_24_24_phone preset--group--divi-column--divi-background--default\">\n<div class=\"et_pb_image_2 et_pb_image et_pb_module et_flex_module preset--group--divi-image--divi-background--default\"><span class=\"et_pb_image_wrap\"><img loading=\"lazy\" decoding=\"async\" src=\"https:\/\/www.nutagen.com\/wp-content\/uploads\/analyse_02.jpg\" width=\"1920\" height=\"950\" srcset=\"https:\/\/www.nutagen.com\/wp-content\/uploads\/analyse_02.jpg 1920w\" sizes=\"(max-width: 1920px) 100vw, 1920px\" class=\"wp-image-25980224\" \/><\/span><\/div>\n<\/div>\n<\/div>\n\n<div class=\"et_pb_row_10 et_pb_row et_flex_row preset--group--divi-row--divi-background--default\">\n<div class=\"et_pb_column_10 et_pb_column et-last-child et_flex_column et_pb_css_mix_blend_mode_passthrough et_flex_column_24_24 et_flex_column_24_24_tablet et_flex_column_24_24_phone preset--group--divi-column--divi-background--default\">\n<div class=\"et_pb_text_4 et_pb_text et_pb_bg_layout_light et_pb_module et_flex_module preset--group--divi-text--divi-background--default preset--module--divi-text--default\"><div class=\"et_pb_text_inner\"><p>Dal\u0161\u00ed sou\u010d\u00e1st\u00ed epigenetick\u00e9 p\u0159esn\u00e9 anal\u00fdzy Nutagenu je m\u011b\u0159en\u00ed d\u00e9lky telomer (telomerov\u00e1 diagnostika), kter\u00e9 umo\u017e\u0148uje p\u0159esn\u00e9 stanoven\u00ed biologick\u00e9ho v\u011bku. Hodnoty jsou pova\u017eov\u00e1ny za spolehliv\u00fd ukazatel \u201eopot\u0159eben\u00ed\u201c organismu v d\u016fsledku bun\u011b\u010dn\u00e9ho stresu a po\u0161kozen\u00ed bun\u011bk. To umo\u017e\u0148uje posoudit biologick\u00fd v\u011bk a imunologickou v\u00fdkonnost organismu. Laborato\u0159 pe\u010dliv\u011b vyhodnocuje d\u00e9lku telomer v sofistikovan\u00e9m procesu. Ka\u017ed\u00fd v\u00fdsledek testu je pot\u00e9 porovn\u00e1n s p\u0159\u00edslu\u0161n\u00fdmi \u00fadaji z rozs\u00e1hl\u00e9 datab\u00e1ze, kter\u00e1 obsahuje informace z p\u0159\u00edslu\u0161n\u00e9 v\u011bkov\u00e9 skupiny. To umo\u017e\u0148uje klasifikovat individu\u00e1ln\u00ed d\u00e9lku telomer\u016f ve srovn\u00e1n\u00ed s klinick\u00fdmi pr\u016fm\u011brn\u00fdmi hodnotami.<\/p>\n<\/div><\/div>\n<\/div>\n<\/div>\n<\/div>\n\n<div class=\"et_pb_section_5 et_pb_section et_section_regular et_flex_section preset--group--divi-section--divi-background--default\">\n<div class=\"et_pb_row_11 et_pb_row et_flex_row preset--group--divi-row--divi-background--default\">\n<div class=\"et_pb_column_11 et_pb_column et-last-child et_flex_column et_pb_css_mix_blend_mode_passthrough et_flex_column_24_24 et_flex_column_24_24_tablet et_flex_column_24_24_phone preset--group--divi-column--divi-background--default\">\n<div class=\"et_pb_text_5 et_pb_text et_pb_bg_layout_light et_pb_module et_flex_module preset--group--divi-text--divi-background--default preset--module--divi-text--default\"><div class=\"et_pb_text_inner\"><p>Sou\u010det v\u0161ech analytick\u00fdch marker\u016f a vyhodnocen\u00ed dotazn\u00edku z\u00e1kazn\u00edka se pou\u017e\u00edv\u00e1 k vytvo\u0159en\u00ed p\u0159izp\u016fsoben\u00e9 formule \u00fa\u010dinn\u00fdch l\u00e1tek Nutagen Nutrigenetics.<\/p>\n<\/div><\/div>\n<\/div>\n<\/div>\n\n<div class=\"et_pb_row_12 et_pb_row et_flex_row preset--group--divi-row--divi-background--default\">\n<div class=\"et_pb_column_12 et_pb_column et-last-child et_flex_column et_pb_css_mix_blend_mode_passthrough et_flex_column_24_24 et_flex_column_24_24_tablet et_flex_column_24_24_phone preset--group--divi-column--divi-background--default\">\n<div class=\"et_pb_text_6 et_pb_text et_pb_bg_layout_light et_pb_module et_flex_module preset--group--divi-text--divi-background--default preset--module--divi-text--default\"><div class=\"et_pb_text_inner\"><p>Je d\u016fle\u017eit\u00e9 poznamenat, \u017ee a\u017e doned\u00e1vna bylo mo\u017en\u00e9 takovou komplexn\u00ed a p\u0159esnou epigenetickou laboratorn\u00ed diagnostiku prov\u00e1d\u011bt pouze na z\u00e1klad\u011b vzorku krve. Nutagen je prvn\u00edm poskytovatelem na sv\u011bt\u011b, kter\u00fd pro p\u0159esnou epigenetickou anal\u00fdzu vy\u017eaduje pouze st\u011br z \u00fastn\u00ed dutiny, a to po \u00fasp\u011b\u0161n\u00e9m dokon\u010den\u00ed a vyhodnocen\u00ed valida\u010dn\u00ed studie (*HealthBioCare NUTAGEN Validation Study Oct 2024). Ka\u017ed\u00fd z\u00e1kazn\u00edk m\u016f\u017ee tento \u00fakol prov\u00e9st samostatn\u011b, pohodln\u011b, bezpe\u010dn\u011b a efektivn\u011b. Po online registraci za\u0161le Nutagen z\u00e1kazn\u00edkovi vhodnou analytickou soupravu spolu s podrobn\u00fdmi pokyny a ob\u00e1lkou pro zasl\u00e1n\u00ed zp\u011bt.<\/p>\n<\/div><\/div>\n<\/div>\n<\/div>\n<\/div>","protected":false},"excerpt":{"rendered":"","protected":false},"author":1,"featured_media":0,"parent":0,"menu_order":0,"comment_status":"closed","ping_status":"closed","template":"","meta":{"footnotes":""},"class_list":["post-25981217","page","type-page","status-publish","hentry"],"_links":{"self":[{"href":"https:\/\/nutagen.com\/cs\/wp-json\/wp\/v2\/pages\/25981217","targetHints":{"allow":["GET"]}}],"collection":[{"href":"https:\/\/nutagen.com\/cs\/wp-json\/wp\/v2\/pages"}],"about":[{"href":"https:\/\/nutagen.com\/cs\/wp-json\/wp\/v2\/types\/page"}],"author":[{"embeddable":true,"href":"https:\/\/nutagen.com\/cs\/wp-json\/wp\/v2\/users\/1"}],"replies":[{"embeddable":true,"href":"https:\/\/nutagen.com\/cs\/wp-json\/wp\/v2\/comments?post=25981217"}],"version-history":[{"count":3,"href":"https:\/\/nutagen.com\/cs\/wp-json\/wp\/v2\/pages\/25981217\/revisions"}],"predecessor-version":[{"id":25981220,"href":"https:\/\/nutagen.com\/cs\/wp-json\/wp\/v2\/pages\/25981217\/revisions\/25981220"}],"wp:attachment":[{"href":"https:\/\/nutagen.com\/cs\/wp-json\/wp\/v2\/media?parent=25981217"}],"curies":[{"name":"wp","href":"https:\/\/api.w.org\/{rel}","templated":true}]}}